{"id":44227,"date":"2023-08-07T22:43:27","date_gmt":"2023-08-07T14:43:27","guid":{"rendered":"https:\/\/gretasexylingerie.com\/?post_type=product&#038;p=44227"},"modified":"2023-09-05T20:59:26","modified_gmt":"2023-09-05T12:59:26","slug":"sexig-bustier-med-grimma-hals-och-metallkedja-handbojor","status":"publish","type":"product","link":"https:\/\/gretasexylingerie.com\/sv\/products\/sexy-bustier-with-halter-neck-and-metal-chain-handcuffs\/","title":{"rendered":"Sexig Bustier med Halter Neck och metallkedja handbojor"},"content":{"rendered":"<ol class=\"wp-block-list\">\n<li>V\u00e5r sexiga Bustier med Halter Neck och Metal Chain Handf\u00e4ngsel \u00e4r designad med de senaste modetrenderna i \u00e5tanke. Push-up-bh:n ger en touch av dj\u00e4rvhet, medan designen i \u00f6ppen stil s\u00e4kerst\u00e4ller en oemotst\u00e5ndlig look. Detta set kommer s\u00e4kerligen att bli en hit bland dina kunder.<\/li>\n\n\n\n<li>Bustiersetet i \u00f6ppen stil med push-up-bh och handbojor av metallkedja \u00e4r snyggt och bekv\u00e4mt. Halternecken ger en touch av elegans, medan den \u00f6ppna designen erbjuder en anpassad passform. Detta set \u00e4r perfekt f\u00f6r kunder som s\u00f6ker stil och komfort i sina underkl\u00e4der.<\/li>\n\n\n\n<li>V\u00e5r fantastiska, sexiga Bustier med Halter Neck och \u00f6ppen design \u00e4r unik och h\u00f6gkvalitativ. Metallkedjans handbojor ger en touch av kant, medan push-up-bh:n ger en lyxig k\u00e4nsla. Detta set kommer s\u00e4kerligen att sticka ut i alla underkl\u00e4deskollektioner.<\/li>\n<\/ol>\n\n\n\n<p>Omfamna det dj\u00e4rva och vackra med v\u00e5r sexiga bustier, med en grimma hals, metallkedjehandbojor och en \u00f6ppen design. Detta set \u00e4r inte bara en produkt; det \u00e4r ett uttryck f\u00f6r stil som dina kunder kommer att \u00e4lska. V\u00e4nta inte. Kontakta oss idag f\u00f6r att l\u00e4gga din best\u00e4llning eller f\u00f6r att st\u00e4lla n\u00e5gra fr\u00e5gor. L\u00e5t oss omdefiniera underkl\u00e4desmodet tillsammans!<\/p>\n\n\n\n<figure class=\"wp-block-table is-style-stripes\"><table class=\"has-fixed-layout\"><tbody><tr><td>Webbplatsdiagram (CM)<\/td><td><\/td><td><\/td><td><\/td><\/tr><tr><td>Storlek<\/td><td>L\u00e4ngd<\/td><td>Midja<\/td><td>Nedre byst<\/td><\/tr><tr><td>S<\/td><td>22<\/td><td>64-82<\/td><td>66-84<\/td><\/tr><tr><td>M<\/td><td>23<\/td><td>68-86<\/td><td>70-88<\/td><\/tr><tr><td>L<\/td><td>24<\/td><td>72-90<\/td><td>74-92<\/td><\/tr><tr><td>Webbplatsdiagram (INCH)<\/td><td><\/td><td><\/td><td><\/td><\/tr><tr><td>Storlek<\/td><td>L\u00e4ngd<\/td><td>Midja<\/td><td>Nedre byst<\/td><\/tr><tr><td>S<\/td><td>8.66<\/td><td>25.20-32.28<\/td><td>25.98-33.07<\/td><\/tr><tr><td>M<\/td><td>9.06<\/td><td>26.77-33.86<\/td><td>27.56-34.65<\/td><\/tr><tr><td>L<\/td><td>9.45<\/td><td>28.35-35.43<\/td><td>29.13-36.22<\/td><\/tr><\/tbody><\/table><\/figure>","protected":false},"excerpt":{"rendered":"<p>V\u00e5r sexiga Bustier med Halter Neck och Metal Chain Handf\u00e4ngsel \u00e4r ett m\u00e5ste f\u00f6r alla underkl\u00e4deshandlare. Det h\u00e4r setet har en push-up-bh och en \u00f6ppen stil som erbjuder en dj\u00e4rv och \u00f6vertygande look. Perfekt f\u00f6r kunder som s\u00f6ker det senaste inom underkl\u00e4desmode.<\/p>","protected":false},"featured_media":44239,"template":"","meta":[],"product_brand":[],"product_cat":[387,386,367],"product_tag":[528,880,867,447],"class_list":{"0":"post-44227","1":"product","2":"type-product","3":"status-publish","4":"has-post-thumbnail","6":"product_cat-wholesale-bustier-bra-set","7":"product_cat-sexy-bustiers","8":"product_cat-sexy-lingerie","9":"product_tag-halter-lingerie","10":"product_tag-sexy-2-piece-lingerie","11":"product_tag-sexy-push-up-lingerie","12":"product_tag-wholesale-strappy-sexy-lingerie","13":"pa_color-black","14":"pa_color-red-women-sexy-lingerie","15":"pa_size-wholesale-large-size-women-sexy-lingerie","16":"pa_size-wholesale-medium-size-women-sexy-lingerie","17":"pa_size-wholesale-small-size-sexy-lingerie","19":"first","20":"instock","21":"taxable","22":"shipping-taxable","23":"purchasable","24":"product-type-variable"},"tiered_pricing_type":"fixed","tiered_pricing_fixed_rules":[],"tiered_pricing_product_settings":{"layout":"default","base_unit_name":{"singular":null,"plural":null},"default_variation":{}},"tiered_pricing_minimum_quantity":null,"tiered_pricing_roles_data":{"default_wholesaler":{"product_id":44227,"role":"default_wholesaler","pricing_type":"flat","regular_price":null,"sale_price":null,"discount":null,"discount_type":"sale_price","tiered_pricing_type":"fixed","percentage_rules":[],"fixed_rules":{"2":"13.39","30":"12.19","500":"11.29"},"minimum":null},"dropshippinger":{"product_id":44227,"role":"dropshippinger","pricing_type":"flat","regular_price":null,"sale_price":null,"discount":null,"discount_type":"sale_price","tiered_pricing_type":"fixed","percentage_rules":[],"fixed_rules":{"1":"14.99","5":"13.39","30":"11.29"},"minimum":null}},"tiered_pricing_percentage_rules":[],"tiered_pricing_maximum_quantity":null,"tiered_pricing_quantity_step":null,"_links":{"self":[{"href":"https:\/\/gretasexylingerie.com\/sv\/wp-json\/wp\/v2\/product\/44227","targetHints":{"allow":["GET"]}}],"collection":[{"href":"https:\/\/gretasexylingerie.com\/sv\/wp-json\/wp\/v2\/product"}],"about":[{"href":"https:\/\/gretasexylingerie.com\/sv\/wp-json\/wp\/v2\/types\/product"}],"wp:featuredmedia":[{"embeddable":true,"href":"https:\/\/gretasexylingerie.com\/sv\/wp-json\/wp\/v2\/media\/44239"}],"wp:attachment":[{"href":"https:\/\/gretasexylingerie.com\/sv\/wp-json\/wp\/v2\/media?parent=44227"}],"wp:term":[{"taxonomy":"product_brand","embeddable":true,"href":"https:\/\/gretasexylingerie.com\/sv\/wp-json\/wp\/v2\/product_brand?post=44227"},{"taxonomy":"product_cat","embeddable":true,"href":"https:\/\/gretasexylingerie.com\/sv\/wp-json\/wp\/v2\/product_cat?post=44227"},{"taxonomy":"product_tag","embeddable":true,"href":"https:\/\/gretasexylingerie.com\/sv\/wp-json\/wp\/v2\/product_tag?post=44227"}],"curies":[{"name":"wp","href":"https:\/\/api.w.org\/{rel}","templated":true}]}}