{"id":44193,"date":"2023-08-07T21:08:04","date_gmt":"2023-08-07T13:08:04","guid":{"rendered":"https:\/\/gretasexylingerie.com\/?post_type=product&#038;p=44193"},"modified":"2023-10-22T22:57:47","modified_gmt":"2023-10-22T14:57:47","slug":"lockande-utskuren-bh-set-med-tofsar-och-halsringning","status":"publish","type":"product","link":"https:\/\/gretasexylingerie.com\/sv\/products\/alluring-cutout-bra-set-with-tassels-and-halter-neck\/","title":{"rendered":"Lockande bh-set med tofsar och grimma"},"content":{"rendered":"<ol class=\"wp-block-list\">\n<li>V\u00e5rt sexiga \u00f6ppna bh-set med tofsar och halsringning \u00e4r designat med de senaste modetrenderna i \u00e5tanke. Utsk\u00e4rningsdesignen ger en touch av dj\u00e4rvhet, medan tofsarna s\u00e4kerst\u00e4ller ett oemotst\u00e5ndligt utseende. Detta set kommer s\u00e4kerligen att bli en hit bland dina kunder.<\/li>\n\n\n\n<li>Det lockande bh-setet med tofsar och grimma \u00e4r snyggt och bekv\u00e4mt. Den \u00f6ppna designen ger en touch av elegans, medan halternecken erbjuder en anpassad passform. Detta set \u00e4r perfekt f\u00f6r kunder som s\u00f6ker stil och komfort i sina underkl\u00e4der.<\/li>\n\n\n\n<li>V\u00e5r fantastiska \u00f6ppna bh och trosset med tofsar \u00e4r unik i design och h\u00f6g kvalitet. Den \u00f6ppna designen ger en touch av kant, medan tofsarna ger en lyxig k\u00e4nsla. Detta set kommer s\u00e4kerligen att sticka ut i alla underkl\u00e4deskollektioner.<\/li>\n<\/ol>\n\n\n\n<p>Omfamna det dj\u00e4rva och vackra med v\u00e5rt sexiga \u00f6ppna bh-set, med tofsar och grimma. Detta set \u00e4r inte bara en produkt; det \u00e4r ett uttryck f\u00f6r stil som dina kunder kommer att \u00e4lska. V\u00e4nta inte. kontakta oss idag f\u00f6r att l\u00e4gga din best\u00e4llning eller f\u00f6r att st\u00e4lla n\u00e5gra fr\u00e5gor. L\u00e5t oss omdefiniera underkl\u00e4desmodet tillsammans!<\/p>\n\n\n\n<figure class=\"wp-block-table is-style-stripes\"><table class=\"has-fixed-layout\"><tbody><tr><td>Webbplatsdiagram (CM)<\/td><td><\/td><td><\/td><td><\/td><\/tr><tr><td>Storlek<\/td><td>L\u00e4ngd<\/td><td>Midja<\/td><td>Nedre byst<\/td><\/tr><tr><td>S<\/td><td>22<\/td><td>66-88<\/td><td>68-80<\/td><\/tr><tr><td>M<\/td><td>23<\/td><td>70-92<\/td><td>72-84<\/td><\/tr><tr><td>L<\/td><td>24<\/td><td>74-96<\/td><td>76-88<\/td><\/tr><tr><td>Webbplatsdiagram (INCH)<\/td><td><\/td><td><\/td><td><\/td><\/tr><tr><td>Storlek<\/td><td>L\u00e4ngd<\/td><td>Midja<\/td><td>Nedre byst<\/td><\/tr><tr><td>S<\/td><td>8.66<\/td><td>25.98-34.65<\/td><td>26.77-31.50<\/td><\/tr><tr><td>M<\/td><td>9.06<\/td><td>27.56-36.22<\/td><td>28.35-33.07<\/td><\/tr><tr><td>L<\/td><td>9.45<\/td><td>29.13-37.80<\/td><td>29.92-34.65<\/td><\/tr><\/tbody><\/table><\/figure>","protected":false},"excerpt":{"rendered":"<p>H\u00e5ll dig f\u00f6re underkl\u00e4destrenden med v\u00e5rt lockande bh-set med tofsar och grimma. Detta set kombinerar tjusningen av en \u00f6ppen design med elegansen hos tofsar. Tillverkad med uts\u00f6kt hantverk, det \u00e4r ett fantastiskt tillskott till alla underkl\u00e4deskollektioner.<\/p>\n<p>https:\/\/youtu.be\/09GQ3-4c6Gs<\/p>","protected":false},"featured_media":44209,"template":"","meta":[],"product_brand":[],"product_cat":[368,380,367,376],"product_tag":[446,880,449,533,453],"class_list":{"0":"post-44193","1":"product","2":"type-product","3":"status-publish","4":"has-post-thumbnail","6":"product_cat-bra-panty-set","7":"product_cat-wholesale-harness-bra-and-panty-set","8":"product_cat-sexy-lingerie","9":"product_cat-wholesale-ultra-sexy-bra-panty-set","10":"product_tag-wholesale-sexy-see-through-lingerie","11":"product_tag-sexy-2-piece-lingerie","12":"product_tag-wholesale-sexy-crotchless-lingerie","13":"product_tag-sexy-cupless-lingerie","14":"product_tag-wholesale-sexy-naughty-lingerie","15":"pa_color-black","16":"pa_color-red-women-sexy-lingerie","17":"pa_size-wholesale-large-size-women-sexy-lingerie","18":"pa_size-wholesale-medium-size-women-sexy-lingerie","19":"pa_size-wholesale-small-size-sexy-lingerie","21":"first","22":"instock","23":"taxable","24":"shipping-taxable","25":"purchasable","26":"product-type-variable"},"tiered_pricing_type":"fixed","tiered_pricing_fixed_rules":[],"tiered_pricing_product_settings":{"layout":"default","base_unit_name":{"singular":null,"plural":null},"default_variation":{}},"tiered_pricing_minimum_quantity":null,"tiered_pricing_roles_data":{"default_wholesaler":{"product_id":44193,"role":"default_wholesaler","pricing_type":"flat","regular_price":null,"sale_price":null,"discount":null,"discount_type":"sale_price","tiered_pricing_type":"fixed","percentage_rules":[],"fixed_rules":{"2":"7.89","30":"6.69","500":"5.89"},"minimum":null},"dropshippinger":{"product_id":44193,"role":"dropshippinger","pricing_type":"flat","regular_price":null,"sale_price":null,"discount":null,"discount_type":"sale_price","tiered_pricing_type":"fixed","percentage_rules":[],"fixed_rules":{"1":"9.39","5":"7.89","30":"5.89"},"minimum":null}},"tiered_pricing_percentage_rules":[],"tiered_pricing_maximum_quantity":null,"tiered_pricing_quantity_step":null,"_links":{"self":[{"href":"https:\/\/gretasexylingerie.com\/sv\/wp-json\/wp\/v2\/product\/44193","targetHints":{"allow":["GET"]}}],"collection":[{"href":"https:\/\/gretasexylingerie.com\/sv\/wp-json\/wp\/v2\/product"}],"about":[{"href":"https:\/\/gretasexylingerie.com\/sv\/wp-json\/wp\/v2\/types\/product"}],"wp:featuredmedia":[{"embeddable":true,"href":"https:\/\/gretasexylingerie.com\/sv\/wp-json\/wp\/v2\/media\/44209"}],"wp:attachment":[{"href":"https:\/\/gretasexylingerie.com\/sv\/wp-json\/wp\/v2\/media?parent=44193"}],"wp:term":[{"taxonomy":"product_brand","embeddable":true,"href":"https:\/\/gretasexylingerie.com\/sv\/wp-json\/wp\/v2\/product_brand?post=44193"},{"taxonomy":"product_cat","embeddable":true,"href":"https:\/\/gretasexylingerie.com\/sv\/wp-json\/wp\/v2\/product_cat?post=44193"},{"taxonomy":"product_tag","embeddable":true,"href":"https:\/\/gretasexylingerie.com\/sv\/wp-json\/wp\/v2\/product_tag?post=44193"}],"curies":[{"name":"wp","href":"https:\/\/api.w.org\/{rel}","templated":true}]}}