{"id":44169,"date":"2023-08-06T23:42:35","date_gmt":"2023-08-06T15:42:35","guid":{"rendered":"https:\/\/gretasexylingerie.com\/?post_type=product&#038;p=44169"},"modified":"2023-10-22T22:42:09","modified_gmt":"2023-10-22T14:42:09","slug":"fantastiskt-julutskarnings-bh-set-med-rosett-och-brett-balte","status":"publish","type":"product","link":"https:\/\/gretasexylingerie.com\/sv\/products\/stunning-christmas-cutout-bra-set-with-bow-and-wide-belt\/","title":{"rendered":"Fantastiskt julutsk\u00e4rnings-bh-set med rosett och brett b\u00e4lte"},"content":{"rendered":"<ol class=\"wp-block-list\">\n<li>V\u00e5rt specialutsk\u00e4rade BH-set f\u00f6r jul med seleunderkl\u00e4der och brett b\u00e4lte \u00e4r designat med den festliga andan. BH:n dekorerad med rosetter ger julgl\u00e4dje, medan de \u00f6ppna h\u00f6fterna s\u00e4kerst\u00e4ller en oemotst\u00e5ndlig look. Det h\u00e4r setet kommer s\u00e4kerligen att bli en succ\u00e9 bland dina semesterk\u00f6pare.<\/li>\n\n\n\n<li>Det festliga underkl\u00e4dersetet med rosettdekorerad bh och \u00f6ppna h\u00f6fter \u00e4r snyggt och bekv\u00e4mt. Det breda b\u00e4ltet ger en touch av elegans, medan utsk\u00e4rningsdesignen erbjuder en skr\u00e4ddarsydd passform. Detta set \u00e4r perfekt f\u00f6r kunder som s\u00f6ker stil och komfort i semesterunderkl\u00e4der.<\/li>\n\n\n\n<li>V\u00e5rt Christmas Cutout BH Set med rosetter och brett b\u00e4lte \u00e4r unik i design och h\u00f6g kvalitet. Seleunderkl\u00e4derna ger en touch av kant, medan de \u00f6ppna h\u00f6fterna ger en lyxig k\u00e4nsla. Detta set kommer s\u00e4kerligen att sticka ut i alla julunderkl\u00e4derkollektioner.<\/li>\n<\/ol>\n\n\n\n<p>Omfamna den festliga andan med v\u00e5rt Christmas Cutout BH Set, med seleunderkl\u00e4der, rosetter och \u00f6ppna h\u00f6fter. Detta set \u00e4r inte bara en produkt; det \u00e4r ett uttalande av semesterstil och lockelse som dina kunder kommer att \u00e4lska. V\u00e4nta inte. Kontakta oss idag f\u00f6r att l\u00e4gga din best\u00e4llning eller f\u00f6r att st\u00e4lla n\u00e5gra fr\u00e5gor. L\u00e5t oss g\u00f6ra denna semester of\u00f6rgl\u00f6mlig tillsammans!<\/p>\n\n\n\n<figure class=\"wp-block-table is-style-stripes\"><table class=\"has-fixed-layout\"><tbody><tr><td>Webbplatsdiagram (CM)<\/td><td><\/td><td><\/td><td><\/td><td><\/td><\/tr><tr><td>Storlek<\/td><td>L\u00e4ngd<\/td><td>Nedre byst<\/td><td>Midja<\/td><td>Midja Av Strumpeband<\/td><\/tr><tr><td>S<\/td><td>13<\/td><td>67<\/td><td>70<\/td><td>66<\/td><\/tr><tr><td>M<\/td><td>14<\/td><td>71<\/td><td>74<\/td><td>70<\/td><\/tr><tr><td>L<\/td><td>15<\/td><td>75<\/td><td>78<\/td><td>74<\/td><\/tr><tr><td>XL<\/td><td>16<\/td><td>79<\/td><td>82<\/td><td>78<\/td><\/tr><tr><td>Webbplatsdiagram (INCH)<\/td><td><\/td><td><\/td><td><\/td><td><\/td><\/tr><tr><td>Storlek<\/td><td>L\u00e4ngd<\/td><td>Nedre byst<\/td><td>Midja<\/td><td>Midja Av Strumpeband<\/td><\/tr><tr><td>S<\/td><td>5.12<\/td><td>26.38<\/td><td>27.56<\/td><td>25.98<\/td><\/tr><tr><td>M<\/td><td>5.51<\/td><td>27.95<\/td><td>29.13<\/td><td>27.56<\/td><\/tr><tr><td>L<\/td><td>5.91<\/td><td>29.53<\/td><td>30.71<\/td><td>29.13<\/td><\/tr><tr><td>XL<\/td><td>6.3<\/td><td>31.1<\/td><td>32.28<\/td><td>30.71<\/td><\/tr><\/tbody><\/table><\/figure>","protected":false},"excerpt":{"rendered":"<p>Fira juls\u00e4songen med v\u00e5rt specialutsk\u00e4rade jul-bh-set med seleunderkl\u00e4der och brett b\u00e4lte. Detta set har en bh dekorerad med rosetter och \u00f6ppna h\u00f6fter, vilket ger en dj\u00e4rv och lockande look. Perfekt f\u00f6r kunder som letar efter det senaste inom julunderkl\u00e4der.<\/p>\n<p>https:\/\/youtu.be\/-3RI9oD6jm8<\/p>","protected":false},"featured_media":44182,"template":"","meta":[],"product_brand":[],"product_cat":[368,380,367,376],"product_tag":[507,512,964,453,447,504],"class_list":{"0":"post-44169","1":"product","2":"type-product","3":"status-publish","4":"has-post-thumbnail","6":"product_cat-bra-panty-set","7":"product_cat-wholesale-harness-bra-and-panty-set","8":"product_cat-sexy-lingerie","9":"product_cat-wholesale-ultra-sexy-bra-panty-set","10":"product_tag-three-pcs-set","11":"product_tag-bow-lingerie","12":"product_tag-christmas-lingerie","13":"product_tag-wholesale-sexy-naughty-lingerie","14":"product_tag-wholesale-strappy-sexy-lingerie","15":"product_tag-ultra-sexy","16":"pa_color-red-women-sexy-lingerie","17":"pa_size-wholesale-large-size-women-sexy-lingerie","18":"pa_size-wholesale-medium-size-women-sexy-lingerie","19":"pa_size-wholesale-small-size-sexy-lingerie","20":"pa_size-wholesale-extra-large-sexy-lingerie","22":"first","23":"instock","24":"taxable","25":"shipping-taxable","26":"purchasable","27":"product-type-variable"},"tiered_pricing_type":"fixed","tiered_pricing_fixed_rules":[],"tiered_pricing_product_settings":{"layout":"default","base_unit_name":{"singular":null,"plural":null},"default_variation":{}},"tiered_pricing_minimum_quantity":null,"tiered_pricing_roles_data":{"default_wholesaler":{"product_id":44169,"role":"default_wholesaler","pricing_type":"flat","regular_price":null,"sale_price":null,"discount":null,"discount_type":"sale_price","tiered_pricing_type":"fixed","percentage_rules":[],"fixed_rules":{"2":"8.89","30":"7.59","500":"6.69"},"minimum":null},"dropshippinger":{"product_id":44169,"role":"dropshippinger","pricing_type":"flat","regular_price":null,"sale_price":null,"discount":null,"discount_type":"sale_price","tiered_pricing_type":"fixed","percentage_rules":[],"fixed_rules":{"1":"10.69","5":"8.89","30":"6.69"},"minimum":null}},"tiered_pricing_percentage_rules":[],"tiered_pricing_maximum_quantity":null,"tiered_pricing_quantity_step":null,"_links":{"self":[{"href":"https:\/\/gretasexylingerie.com\/sv\/wp-json\/wp\/v2\/product\/44169","targetHints":{"allow":["GET"]}}],"collection":[{"href":"https:\/\/gretasexylingerie.com\/sv\/wp-json\/wp\/v2\/product"}],"about":[{"href":"https:\/\/gretasexylingerie.com\/sv\/wp-json\/wp\/v2\/types\/product"}],"wp:featuredmedia":[{"embeddable":true,"href":"https:\/\/gretasexylingerie.com\/sv\/wp-json\/wp\/v2\/media\/44182"}],"wp:attachment":[{"href":"https:\/\/gretasexylingerie.com\/sv\/wp-json\/wp\/v2\/media?parent=44169"}],"wp:term":[{"taxonomy":"product_brand","embeddable":true,"href":"https:\/\/gretasexylingerie.com\/sv\/wp-json\/wp\/v2\/product_brand?post=44169"},{"taxonomy":"product_cat","embeddable":true,"href":"https:\/\/gretasexylingerie.com\/sv\/wp-json\/wp\/v2\/product_cat?post=44169"},{"taxonomy":"product_tag","embeddable":true,"href":"https:\/\/gretasexylingerie.com\/sv\/wp-json\/wp\/v2\/product_tag?post=44169"}],"curies":[{"name":"wp","href":"https:\/\/api.w.org\/{rel}","templated":true}]}}