{"id":44149,"date":"2023-08-06T22:34:05","date_gmt":"2023-08-06T14:34:05","guid":{"rendered":"https:\/\/gretasexylingerie.com\/?post_type=product&#038;p=44149"},"modified":"2023-10-22T22:49:42","modified_gmt":"2023-10-22T14:49:42","slug":"svart-spets-bh-set-med-crossover-halter-neck","status":"publish","type":"product","link":"https:\/\/gretasexylingerie.com\/sv\/products\/black-lace-bra-set-with-crossover-halter-neck\/","title":{"rendered":"Svart spets BH Set med Crossover Halter Neck"},"content":{"rendered":"<ol class=\"wp-block-list\">\n<li>V\u00e5rt Black Lace BH Set med Crossover Halter Neck \u00e4r designad med de senaste modetrenderna i \u00e5tanke. Den utskurna bh:n ger en touch av dj\u00e4rvhet, medan de skira spetstrosorna s\u00e4kerst\u00e4ller en oemotst\u00e5ndlig look. Detta set kommer s\u00e4kerligen att bli en hit bland dina kunder.<\/li>\n\n\n\n<li>Den tredelade utsk\u00e4rningsbh:n med skira spetstrosor \u00e4r snygg och bekv\u00e4m. Den korsade halsringningen ger en touch av elegans, medan den svarta spetsen erbjuder en anpassad passform. Detta set \u00e4r perfekt f\u00f6r kunder som s\u00f6ker stil och komfort i sina underkl\u00e4der.<\/li>\n\n\n\n<li>V\u00e5ra svarta spets-bh, trosor och strumpebandsset med korsad grimma \u00e4r unika i design och h\u00f6g kvalitet. Den utskurna bh:n ger en touch av kant, medan den skira spetsen s\u00e4kerst\u00e4ller en lyxig k\u00e4nsla. Detta set kommer s\u00e4kerligen att sticka ut i alla underkl\u00e4deskollektioner.<\/li>\n<\/ol>\n\n\n\n<p>Omfamna det dj\u00e4rva och vackra med v\u00e5rt Black Lace Bra Set, med en korsad halterringning, utskuren bh och skira spetstrosor. Detta set \u00e4r inte bara en produkt; det \u00e4r ett uttryck f\u00f6r stil som dina kunder kommer att \u00e4lska. V\u00e4nta inte. Kontakta oss idag f\u00f6r att l\u00e4gga din best\u00e4llning eller f\u00f6r att st\u00e4lla n\u00e5gra fr\u00e5gor. L\u00e5t oss omdefiniera underkl\u00e4desmodet tillsammans!<\/p>\n\n\n\n<figure class=\"wp-block-table\"><table class=\"has-fixed-layout\"><tbody><tr><td>Webbplatsdiagram (CM)<\/td><td><\/td><td><\/td><td><\/td><td><\/td><\/tr><tr><td>Storlek<\/td><td>L\u00e4ngd<\/td><td>Nedre byst<\/td><td>Midja<\/td><td>Midja Av Strumpeband<\/td><\/tr><tr><td>S<\/td><td>11.5<\/td><td>66<\/td><td>68<\/td><td>64<\/td><\/tr><tr><td>M<\/td><td>12<\/td><td>70<\/td><td>72<\/td><td>68<\/td><\/tr><tr><td>L<\/td><td>12.5<\/td><td>74<\/td><td>76<\/td><td>72<\/td><\/tr><tr><td>Webbplatsdiagram (INCH)<\/td><td><\/td><td><\/td><td><\/td><td><\/td><\/tr><tr><td>Storlek<\/td><td>L\u00e4ngd<\/td><td>Nedre byst<\/td><td>Midja<\/td><td>Midja Av Strumpeband<\/td><\/tr><tr><td>S<\/td><td>4.53<\/td><td>25.98<\/td><td>26.77<\/td><td>25.2<\/td><\/tr><tr><td>M<\/td><td>4.72<\/td><td>27.56<\/td><td>28.35<\/td><td>26.77<\/td><\/tr><tr><td>L<\/td><td>4.92<\/td><td>29.13<\/td><td>29.92<\/td><td>28.35<\/td><\/tr><\/tbody><\/table><\/figure>","protected":false},"excerpt":{"rendered":"<p>Erbjud dina kunder det b\u00e4sta inom underkl\u00e4desmode med v\u00e5r Black Lace BH, Trosa och Strumpebandsset med Crossover Halter Neck. Detta set ger en perfekt blandning av stil, komfort och lockelse, designad f\u00f6r att sticka ut i alla underkl\u00e4deskollektioner.<\/p>\n<p>https:\/\/youtu.be\/4EJlKBIFv4k<\/p>","protected":false},"featured_media":44161,"template":"","meta":[],"product_brand":[],"product_cat":[368,369,367,375],"product_tag":[868,870,875,533,865],"class_list":{"0":"post-44149","1":"product","2":"type-product","3":"status-publish","4":"has-post-thumbnail","6":"product_cat-bra-panty-set","7":"product_cat-wholesale-lace-bra-and-panty-sets","8":"product_cat-sexy-lingerie","9":"product_cat-whoelsale-sheer-bra-and-panty-sets","10":"product_tag-4-piece-lingerie-set","11":"product_tag-floral-lingerie","12":"product_tag-lace-sexy-lingerie","13":"product_tag-sexy-cupless-lingerie","14":"product_tag-sexy-skimpy-lingerie","15":"pa_color-black","16":"pa_size-wholesale-large-size-women-sexy-lingerie","17":"pa_size-wholesale-medium-size-women-sexy-lingerie","18":"pa_size-wholesale-small-size-sexy-lingerie","20":"first","21":"instock","22":"taxable","23":"shipping-taxable","24":"purchasable","25":"product-type-variable"},"tiered_pricing_type":"fixed","tiered_pricing_fixed_rules":[],"tiered_pricing_product_settings":{"layout":"default","base_unit_name":{"singular":null,"plural":null},"default_variation":{}},"tiered_pricing_minimum_quantity":null,"tiered_pricing_roles_data":{"default_wholesaler":{"product_id":44149,"role":"default_wholesaler","pricing_type":"flat","regular_price":null,"sale_price":null,"discount":null,"discount_type":"sale_price","tiered_pricing_type":"fixed","percentage_rules":[],"fixed_rules":{"2":"9.39","30":"8.09","500":"7.09"},"minimum":null},"dropshippinger":{"product_id":44149,"role":"dropshippinger","pricing_type":"flat","regular_price":null,"sale_price":null,"discount":null,"discount_type":"sale_price","tiered_pricing_type":"fixed","percentage_rules":[],"fixed_rules":{"1":"11.29","5":"9.39","30":"7.09"},"minimum":null}},"tiered_pricing_percentage_rules":[],"tiered_pricing_maximum_quantity":null,"tiered_pricing_quantity_step":null,"_links":{"self":[{"href":"https:\/\/gretasexylingerie.com\/sv\/wp-json\/wp\/v2\/product\/44149","targetHints":{"allow":["GET"]}}],"collection":[{"href":"https:\/\/gretasexylingerie.com\/sv\/wp-json\/wp\/v2\/product"}],"about":[{"href":"https:\/\/gretasexylingerie.com\/sv\/wp-json\/wp\/v2\/types\/product"}],"wp:featuredmedia":[{"embeddable":true,"href":"https:\/\/gretasexylingerie.com\/sv\/wp-json\/wp\/v2\/media\/44161"}],"wp:attachment":[{"href":"https:\/\/gretasexylingerie.com\/sv\/wp-json\/wp\/v2\/media?parent=44149"}],"wp:term":[{"taxonomy":"product_brand","embeddable":true,"href":"https:\/\/gretasexylingerie.com\/sv\/wp-json\/wp\/v2\/product_brand?post=44149"},{"taxonomy":"product_cat","embeddable":true,"href":"https:\/\/gretasexylingerie.com\/sv\/wp-json\/wp\/v2\/product_cat?post=44149"},{"taxonomy":"product_tag","embeddable":true,"href":"https:\/\/gretasexylingerie.com\/sv\/wp-json\/wp\/v2\/product_tag?post=44149"}],"curies":[{"name":"wp","href":"https:\/\/api.w.org\/{rel}","templated":true}]}}