{"id":44091,"date":"2023-08-05T00:23:38","date_gmt":"2023-08-04T16:23:38","guid":{"rendered":"https:\/\/gretasexylingerie.com\/?post_type=product&#038;p=44091"},"modified":"2023-10-22T22:47:36","modified_gmt":"2023-10-22T14:47:36","slug":"bh-med-kedjor-i-metall-utan-skal-i-tre-delar-med-fjadermidja","status":"publish","type":"product","link":"https:\/\/gretasexylingerie.com\/sv\/products\/cupless-metal-chain-bra-three-piece-set-with-feather-waist\/","title":{"rendered":"Sk\u00e5ll\u00f6s metallkedjebh i tre delar med fj\u00e4dermidja"},"content":{"rendered":"<ol class=\"wp-block-list\">\n<li>V\u00e5r tredelade bh i metallkedje utan bh med fj\u00e4derb\u00e4lte \u00e4r designad med de senaste modetrenderna i \u00e5tanke. De skira spetstrosorna ger en touch av elegans, medan den supersexiga designen s\u00e4kerst\u00e4ller en oemotst\u00e5ndlig look. Detta set kommer s\u00e4kerligen att bli en hit bland dina kunder.<\/li>\n\n\n\n<li>Det supersexiga svarta tredelade bh-setet med skira spetstrosor \u00e4r snyggt och bekv\u00e4mt. Den koppl\u00f6sa designen ger en touch av dj\u00e4rvhet, medan metallkedjan erbjuder en skr\u00e4ddarsydd passform. Detta set \u00e4r perfekt f\u00f6r kunder som s\u00f6ker stil och komfort i sina underkl\u00e4der.<\/li>\n\n\n\n<li>V\u00e5rt bh-set av metallkedja utan koppar med fj\u00e4derb\u00e4lte och skira spetstrosor \u00e4r unik i design och h\u00f6g kvalitet. Den supersexiga designen ger en touch av kant, medan den svarta f\u00e4rgen s\u00e4kerst\u00e4ller en lyxig k\u00e4nsla. Detta set kommer s\u00e4kerligen att sticka ut i alla underkl\u00e4deskollektioner.<\/li>\n<\/ol>\n\n\n\n<p>Omfamna det dj\u00e4rva och vackra med v\u00e5rt tredelade set f\u00f6r bh i metallkedja utan bh, med ett fj\u00e4derb\u00e4lte, skira spetstrosor och en supersexig design. Detta svartf\u00e4rgade set \u00e4r inte bara en produkt; det \u00e4r ett uttryck f\u00f6r stil dina kunder kommer att \u00e4lska. V\u00e4nta inte; kontakta oss idag f\u00f6r att l\u00e4gga din best\u00e4llning eller f\u00f6r att st\u00e4lla n\u00e5gra fr\u00e5gor. L\u00e5t oss omdefiniera underkl\u00e4desmodet tillsammans!<\/p>\n\n\n\n<figure class=\"wp-block-table is-style-stripes\"><table class=\"has-fixed-layout\"><tbody><tr><td>Webbplatsdiagram (CM)<\/td><td><\/td><td><\/td><td><\/td><td><\/td><\/tr><tr><td>Storlek<\/td><td>L\u00e4ngd<\/td><td>Nedre byst<\/td><td>Midja<\/td><td>Midja Av Strumpeband<\/td><\/tr><tr><td>S<\/td><td>11.5<\/td><td>66<\/td><td>68<\/td><td>64<\/td><\/tr><tr><td>M<\/td><td>12<\/td><td>70<\/td><td>72<\/td><td>68<\/td><\/tr><tr><td>L<\/td><td>12.5<\/td><td>74<\/td><td>76<\/td><td>72<\/td><\/tr><tr><td>Webbplatsdiagram (INCH)<\/td><td><\/td><td><\/td><td><\/td><td><\/td><\/tr><tr><td>Storlek<\/td><td>L\u00e4ngd<\/td><td>Nedre byst<\/td><td>Midja<\/td><td>Midja Av Strumpeband<\/td><\/tr><tr><td>S<\/td><td>4.53<\/td><td>25.98<\/td><td>26.77<\/td><td>25.2<\/td><\/tr><tr><td>M<\/td><td>4.72<\/td><td>27.56<\/td><td>28.35<\/td><td>26.77<\/td><\/tr><tr><td>L<\/td><td>4.92<\/td><td>29.13<\/td><td>29.92<\/td><td>28.35<\/td><\/tr><\/tbody><\/table><\/figure>","protected":false},"excerpt":{"rendered":"<p>V\u00e5r tredelade bh med metallkedjor utan koppar med fj\u00e4derb\u00e4lte \u00e4r ett m\u00e5ste f\u00f6r alla underkl\u00e4deshandlare. Detta set har skira spetstrosor och en supersexig design, som erbjuder en dj\u00e4rv och lockande look. Perfekt f\u00f6r kunder som s\u00f6ker det senaste inom underkl\u00e4desmode.<\/p>\n<p>https:\/\/youtu.be\/6Us3taxB0qQ<\/p>","protected":false},"featured_media":44104,"template":"","meta":[],"product_brand":[],"product_cat":[368,380,367,376],"product_tag":[507,861,516,524,446,504],"class_list":{"0":"post-44091","1":"product","2":"type-product","3":"status-publish","4":"has-post-thumbnail","6":"product_cat-bra-panty-set","7":"product_cat-wholesale-harness-bra-and-panty-set","8":"product_cat-sexy-lingerie","9":"product_cat-wholesale-ultra-sexy-bra-panty-set","10":"product_tag-three-pcs-set","11":"product_tag-brunette-lingerie","12":"product_tag-lace-lingerie","13":"product_tag-metal-lingerie","14":"product_tag-wholesale-sexy-see-through-lingerie","15":"product_tag-ultra-sexy","16":"pa_color-black","17":"pa_size-wholesale-large-size-women-sexy-lingerie","18":"pa_size-wholesale-medium-size-women-sexy-lingerie","19":"pa_size-wholesale-small-size-sexy-lingerie","21":"first","22":"instock","23":"taxable","24":"shipping-taxable","25":"purchasable","26":"product-type-variable"},"tiered_pricing_type":"fixed","tiered_pricing_fixed_rules":[],"tiered_pricing_product_settings":{"layout":"default","base_unit_name":{"singular":null,"plural":null},"default_variation":{}},"tiered_pricing_minimum_quantity":null,"tiered_pricing_roles_data":{"default_wholesaler":{"product_id":44091,"role":"default_wholesaler","pricing_type":"flat","regular_price":null,"sale_price":null,"discount":null,"discount_type":"sale_price","tiered_pricing_type":"fixed","percentage_rules":[],"fixed_rules":{"2":"8.89","30":"7.59","500":"6.69"},"minimum":null},"dropshippinger":{"product_id":44091,"role":"dropshippinger","pricing_type":"flat","regular_price":null,"sale_price":10.69,"discount":null,"discount_type":"sale_price","tiered_pricing_type":"fixed","percentage_rules":[],"fixed_rules":{"1":"10.69","5":"8.89","30":"6.69"},"minimum":null}},"tiered_pricing_percentage_rules":[],"tiered_pricing_maximum_quantity":null,"tiered_pricing_quantity_step":null,"_links":{"self":[{"href":"https:\/\/gretasexylingerie.com\/sv\/wp-json\/wp\/v2\/product\/44091","targetHints":{"allow":["GET"]}}],"collection":[{"href":"https:\/\/gretasexylingerie.com\/sv\/wp-json\/wp\/v2\/product"}],"about":[{"href":"https:\/\/gretasexylingerie.com\/sv\/wp-json\/wp\/v2\/types\/product"}],"wp:featuredmedia":[{"embeddable":true,"href":"https:\/\/gretasexylingerie.com\/sv\/wp-json\/wp\/v2\/media\/44104"}],"wp:attachment":[{"href":"https:\/\/gretasexylingerie.com\/sv\/wp-json\/wp\/v2\/media?parent=44091"}],"wp:term":[{"taxonomy":"product_brand","embeddable":true,"href":"https:\/\/gretasexylingerie.com\/sv\/wp-json\/wp\/v2\/product_brand?post=44091"},{"taxonomy":"product_cat","embeddable":true,"href":"https:\/\/gretasexylingerie.com\/sv\/wp-json\/wp\/v2\/product_cat?post=44091"},{"taxonomy":"product_tag","embeddable":true,"href":"https:\/\/gretasexylingerie.com\/sv\/wp-json\/wp\/v2\/product_tag?post=44091"}],"curies":[{"name":"wp","href":"https:\/\/api.w.org\/{rel}","templated":true}]}}