{"id":43913,"date":"2023-08-01T00:41:36","date_gmt":"2023-07-31T16:41:36","guid":{"rendered":"https:\/\/gretasexylingerie.com\/?post_type=product&#038;p=43913"},"modified":"2024-01-22T12:44:03","modified_gmt":"2024-01-22T04:44:03","slug":"chic-sexiga-underklader-mesh-bh-set","status":"publish","type":"product","link":"https:\/\/gretasexylingerie.com\/sv\/products\/chic-sexy-lingerie-mesh-bra-set\/","title":{"rendered":"Chic Sexig Underkl\u00e4der Mesh BH Set med Cross Hollow Trosa \u2013 Partihandel underkl\u00e4der"},"content":{"rendered":"<ol class=\"wp-block-list\">\n<li>V\u00e5rt svarta genomskinliga mesh-bh-set med justerbara remmar \u00e4r designat med de senaste modetrenderna i \u00e5tanke. Den ih\u00e5liga trosan ger en touch av dj\u00e4rvhet, medan de justerbara banden s\u00e4kerst\u00e4ller en perfekt passform. Detta set kommer s\u00e4kerligen att bli en hit bland dina kunder.<\/li>\n\n\n\n<li>Sexig underkl\u00e4der Mesh BH Set med Cross Hollow Trosa \u00e4r snygg och bekv\u00e4m. Det svarta genomskinliga meshet ger en touch av elegans, medan de justerbara remmarna erbjuder en skr\u00e4ddarsydd passform. Detta set \u00e4r perfekt f\u00f6r kunder som s\u00f6ker stil och komfort i sina underkl\u00e4der.<\/li>\n\n\n\n<li>V\u00e5r Black Mesh BH och trosset med justerbara remmar \u00e4r unika i design och h\u00f6g kvalitet. Den ih\u00e5liga trosan ger en touch av kant, medan det genomskinliga meshet ger en lockande inblick av vad som finns under. Detta set kommer s\u00e4kerligen att sticka ut i alla underkl\u00e4deskollektioner.<\/li>\n<\/ol>\n\n\n\n<p>Sl\u00e4pp loss det dj\u00e4rva och vackra med v\u00e5rt sexiga mesh-bh-set f\u00f6r underkl\u00e4der, med svart genomskinligt mesh, justerbara remmar och en korsad trosa. Detta set \u00e4r inte bara en produkt. Det \u00e4r ett uttalande av stil och lockelse som dina kunder kommer att \u00e4lska. V\u00e4nta inte. Kontakta oss idag f\u00f6r att l\u00e4gga din best\u00e4llning eller f\u00f6r att st\u00e4lla n\u00e5gra fr\u00e5gor. L\u00e5t oss omdefiniera underkl\u00e4desmodet tillsammans!<\/p>\n\n\n\n<figure class=\"wp-block-table is-style-stripes\"><table class=\"has-fixed-layout\"><tbody><tr><td colspan=\"5\">Webbplatsdiagram (CM)<\/td><\/tr><tr><td>Storlek<\/td><td>L\u00e4ngd<\/td><td>Nedre byst<\/td><td>Midja<\/td><td>Byxl\u00e4ngd<\/td><\/tr><tr><td>S<\/td><td>16<\/td><td>60-90<\/td><td>64-96<\/td><td>27<\/td><\/tr><tr><td>M<\/td><td>17<\/td><td>64-94<\/td><td>68-100<\/td><td>28<\/td><\/tr><tr><td>L<\/td><td>18<\/td><td>68-98<\/td><td>73-104<\/td><td>29<\/td><\/tr><tr><td colspan=\"5\">Webbplatsdiagram (INCH)<\/td><\/tr><tr><td>Storlek<\/td><td>L\u00e4ngd<\/td><td>Nedre byst<\/td><td>Midja<\/td><td>Byxl\u00e4ngd<\/td><\/tr><tr><td>S<\/td><td>6.3<\/td><td>23.62-35.43<\/td><td>25.20-37.80<\/td><td>10.63<\/td><\/tr><tr><td>M<\/td><td>6.69<\/td><td>25.20-37.01<\/td><td>26.77-39.37<\/td><td>11.02<\/td><\/tr><tr><td>L<\/td><td>7.09<\/td><td>26.77-38.58<\/td><td>28.74-40.94<\/td><td>11.42<\/td><\/tr><\/tbody><\/table><\/figure>","protected":false},"excerpt":{"rendered":"<p>V\u00e5rt svarta genomskinliga mesh-bh-set med justerbara remmar \u00e4r ett m\u00e5ste f\u00f6r alla underkl\u00e4deshandlare. Detta set har en korsad ih\u00e5lig trosa som erbjuder en dj\u00e4rv och lockande look. Perfekt f\u00f6r kunder som s\u00f6ker det senaste inom underkl\u00e4desmode.<\/p>\n<p>https:\/\/www.youtube.com\/watch?v=PpusBlqyOKE<\/p>","protected":false},"featured_media":43923,"template":"","meta":[],"product_brand":[],"product_cat":[368,367,375],"product_tag":[861,518,446,880,865],"class_list":{"0":"post-43913","1":"product","2":"type-product","3":"status-publish","4":"has-post-thumbnail","6":"product_cat-bra-panty-set","7":"product_cat-sexy-lingerie","8":"product_cat-whoelsale-sheer-bra-and-panty-sets","9":"product_tag-brunette-lingerie","10":"product_tag-mesh-lingerie","11":"product_tag-wholesale-sexy-see-through-lingerie","12":"product_tag-sexy-2-piece-lingerie","13":"product_tag-sexy-skimpy-lingerie","14":"pa_color-black","15":"pa_size-wholesale-large-size-women-sexy-lingerie","16":"pa_size-wholesale-medium-size-women-sexy-lingerie","17":"pa_size-wholesale-small-size-sexy-lingerie","19":"first","20":"instock","21":"taxable","22":"shipping-taxable","23":"purchasable","24":"product-type-variable"},"tiered_pricing_type":"fixed","tiered_pricing_fixed_rules":[],"tiered_pricing_product_settings":{"layout":"default","base_unit_name":{"singular":null,"plural":null},"default_variation":{}},"tiered_pricing_minimum_quantity":null,"tiered_pricing_roles_data":{"default_wholesaler":{"product_id":43913,"role":"default_wholesaler","pricing_type":"flat","regular_price":null,"sale_price":null,"discount":null,"discount_type":"sale_price","tiered_pricing_type":"fixed","percentage_rules":[],"fixed_rules":{"2":"7.09","30":"6.09","500":"5.29"},"minimum":null},"dropshippinger":{"product_id":43913,"role":"dropshippinger","pricing_type":"flat","regular_price":null,"sale_price":null,"discount":null,"discount_type":"sale_price","tiered_pricing_type":"fixed","percentage_rules":[],"fixed_rules":{"1":"8.49","5":"7.09","30":"5.29"},"minimum":null}},"tiered_pricing_percentage_rules":[],"tiered_pricing_maximum_quantity":null,"tiered_pricing_quantity_step":null,"_links":{"self":[{"href":"https:\/\/gretasexylingerie.com\/sv\/wp-json\/wp\/v2\/product\/43913","targetHints":{"allow":["GET"]}}],"collection":[{"href":"https:\/\/gretasexylingerie.com\/sv\/wp-json\/wp\/v2\/product"}],"about":[{"href":"https:\/\/gretasexylingerie.com\/sv\/wp-json\/wp\/v2\/types\/product"}],"wp:featuredmedia":[{"embeddable":true,"href":"https:\/\/gretasexylingerie.com\/sv\/wp-json\/wp\/v2\/media\/43923"}],"wp:attachment":[{"href":"https:\/\/gretasexylingerie.com\/sv\/wp-json\/wp\/v2\/media?parent=43913"}],"wp:term":[{"taxonomy":"product_brand","embeddable":true,"href":"https:\/\/gretasexylingerie.com\/sv\/wp-json\/wp\/v2\/product_brand?post=43913"},{"taxonomy":"product_cat","embeddable":true,"href":"https:\/\/gretasexylingerie.com\/sv\/wp-json\/wp\/v2\/product_cat?post=43913"},{"taxonomy":"product_tag","embeddable":true,"href":"https:\/\/gretasexylingerie.com\/sv\/wp-json\/wp\/v2\/product_tag?post=43913"}],"curies":[{"name":"wp","href":"https:\/\/api.w.org\/{rel}","templated":true}]}}