{"id":43872,"date":"2023-07-31T00:48:29","date_gmt":"2023-07-30T16:48:29","guid":{"rendered":"https:\/\/gretasexylingerie.com\/?post_type=product&#038;p=43872"},"modified":"2023-10-22T22:41:37","modified_gmt":"2023-10-22T14:41:37","slug":"genomskinlig-sexig-bodysuit-med-bh-och-trosa","status":"publish","type":"product","link":"https:\/\/gretasexylingerie.com\/sv\/products\/see-through-sexy-bodysuit-with-bra-and-panty\/","title":{"rendered":"Genomskinlig komfort Sexig body med beh\u00e5 och trosa \u2013 grossistunderkl\u00e4der"},"content":{"rendered":"<ol class=\"wp-block-list\">\n<li>V\u00e5r Fashion Mesh Sexy Jumpsuit \u00e4r designad med de senaste modetrenderna i \u00e5tanke. Den extra sele-bh:n ger en touch av dj\u00e4rvhet, medan den genomskinliga komforten ger en lockande inblick av vad som finns under. Denna jumpsuite kommer s\u00e4kerligen att bli en hit bland dina kunder.<\/li>\n\n\n\n<li>Den genomskinliga komfort sexiga jumpsuiten med extra sele BH och trosa \u00e4r snygg och bekv\u00e4m. Moden\u00e4tet tillf\u00f6r en touch av elegans, medan den extra selestilen s\u00e4kerst\u00e4ller en perfekt passform. Denna jumpsuite \u00e4r idealisk f\u00f6r kunder som s\u00f6ker stil och komfort i sina underkl\u00e4der.<\/li>\n\n\n\n<li>V\u00e5r Fashion Mesh Sexy Jumpsuit med Extra Sele Style \u00e4r unik i design och h\u00f6g kvalitet. Den genomskinliga komforten \u00e4r mjuk och bekv\u00e4m, medan den extra selestilen ger en touch av kant. Denna jumpsuite kommer s\u00e4kerligen att sticka ut i alla underkl\u00e4deskollektioner.<\/li>\n<\/ol>\n\n\n\n<p>Sl\u00e4pp loss det dj\u00e4rva och vackra med v\u00e5r Fashion Mesh Sexy Jumpsuit, med genomskinlig komfort, extra sele-bh och trosa. Den h\u00e4r jumpsuiten \u00e4r inte bara en produkt, den \u00e4r ett uttryck f\u00f6r stil och lockelse som dina kunder kommer att \u00e4lska. V\u00e4nta inte. Kontakta oss idag f\u00f6r att l\u00e4gga din best\u00e4llning eller f\u00f6r att st\u00e4lla n\u00e5gra fr\u00e5gor. L\u00e5t oss omdefiniera underkl\u00e4desmodet tillsammans!<\/p>\n\n\n\n<figure class=\"wp-block-table is-style-stripes\"><table class=\"has-fixed-layout\"><tbody><tr><td>Webbplatsdiagram (CM)<\/td><td><\/td><td><\/td><\/tr><tr><td>Storlek<\/td><td>L\u00e4ngd<\/td><td>Midja<\/td><\/tr><tr><td>S<\/td><td>52<\/td><td>72<\/td><\/tr><tr><td>M<\/td><td>54<\/td><td>76<\/td><\/tr><tr><td>L<\/td><td>56<\/td><td>80<\/td><\/tr><tr><td>Webbplatsdiagram (INCH)<\/td><td><\/td><td><\/td><\/tr><tr><td>Storlek<\/td><td>L\u00e4ngd<\/td><td>Midja<\/td><\/tr><tr><td>S<\/td><td>20.47<\/td><td>28.35<\/td><\/tr><tr><td>M<\/td><td>21.26<\/td><td>29.92<\/td><\/tr><tr><td>L<\/td><td>22.05<\/td><td>31.5<\/td><\/tr><\/tbody><\/table><\/figure>","protected":false},"excerpt":{"rendered":"<p>H\u00e5ll dig f\u00f6re underkl\u00e4destrenden med v\u00e5r genomskinliga komfort sexiga jumpsuit med extra sele BH och trosa. Denna jumpsuite kombinerar tjusningen av modemesh med elegansen av extra selestil. Tillverkad med genomskinlig komfort, det \u00e4r ett fantastiskt tillskott till alla underkl\u00e4deskollektioner.<\/p>\n<p>https:\/\/youtu.be\/LkH8BtpM3fo<\/p>","protected":false},"featured_media":43882,"template":"","meta":[],"product_brand":[],"product_cat":[370,367,373],"product_tag":[446,453,865,447,504],"class_list":{"0":"post-43872","1":"product","2":"type-product","3":"status-publish","4":"has-post-thumbnail","6":"product_cat-bodysuit","7":"product_cat-sexy-lingerie","8":"product_cat-wholesale-sexy-mesh-bodysuit","9":"product_tag-wholesale-sexy-see-through-lingerie","10":"product_tag-wholesale-sexy-naughty-lingerie","11":"product_tag-sexy-skimpy-lingerie","12":"product_tag-wholesale-strappy-sexy-lingerie","13":"product_tag-ultra-sexy","14":"pa_color-black","15":"pa_size-wholesale-large-size-women-sexy-lingerie","16":"pa_size-wholesale-medium-size-women-sexy-lingerie","17":"pa_size-wholesale-small-size-sexy-lingerie","19":"first","20":"instock","21":"taxable","22":"shipping-taxable","23":"purchasable","24":"product-type-variable"},"tiered_pricing_type":"fixed","tiered_pricing_fixed_rules":[],"tiered_pricing_product_settings":{"layout":"default","base_unit_name":{"singular":null,"plural":null},"default_variation":{}},"tiered_pricing_minimum_quantity":null,"tiered_pricing_roles_data":{"default_wholesaler":{"product_id":43872,"role":"default_wholesaler","pricing_type":"flat","regular_price":null,"sale_price":null,"discount":null,"discount_type":"sale_price","tiered_pricing_type":"fixed","percentage_rules":[],"fixed_rules":{"2":"11.39","5":"10.19","30":"9.29"},"minimum":null},"dropshippinger":{"product_id":43872,"role":"dropshippinger","pricing_type":"flat","regular_price":null,"sale_price":12.99,"discount":null,"discount_type":"sale_price","tiered_pricing_type":"fixed","percentage_rules":[],"fixed_rules":{"1":"12.99","5":"11.39","30":"9.29"},"minimum":null}},"tiered_pricing_percentage_rules":[],"tiered_pricing_maximum_quantity":null,"tiered_pricing_quantity_step":null,"_links":{"self":[{"href":"https:\/\/gretasexylingerie.com\/sv\/wp-json\/wp\/v2\/product\/43872","targetHints":{"allow":["GET"]}}],"collection":[{"href":"https:\/\/gretasexylingerie.com\/sv\/wp-json\/wp\/v2\/product"}],"about":[{"href":"https:\/\/gretasexylingerie.com\/sv\/wp-json\/wp\/v2\/types\/product"}],"wp:featuredmedia":[{"embeddable":true,"href":"https:\/\/gretasexylingerie.com\/sv\/wp-json\/wp\/v2\/media\/43882"}],"wp:attachment":[{"href":"https:\/\/gretasexylingerie.com\/sv\/wp-json\/wp\/v2\/media?parent=43872"}],"wp:term":[{"taxonomy":"product_brand","embeddable":true,"href":"https:\/\/gretasexylingerie.com\/sv\/wp-json\/wp\/v2\/product_brand?post=43872"},{"taxonomy":"product_cat","embeddable":true,"href":"https:\/\/gretasexylingerie.com\/sv\/wp-json\/wp\/v2\/product_cat?post=43872"},{"taxonomy":"product_tag","embeddable":true,"href":"https:\/\/gretasexylingerie.com\/sv\/wp-json\/wp\/v2\/product_tag?post=43872"}],"curies":[{"name":"wp","href":"https:\/\/api.w.org\/{rel}","templated":true}]}}