{"id":43852,"date":"2023-07-30T23:16:25","date_gmt":"2023-07-30T15:16:25","guid":{"rendered":"https:\/\/gretasexylingerie.com\/?post_type=product&#038;p=43852"},"modified":"2024-04-04T16:10:24","modified_gmt":"2024-04-04T08:10:24","slug":"chic-kedja-hals-handbojor-sexig-jumpsuit-med-oppen-rygg","status":"publish","type":"product","link":"https:\/\/gretasexylingerie.com\/sv\/products\/chic-chain-neck-handcuffs-sexy-jumpsuit-with-open-back\/","title":{"rendered":"Partihandel Chic Chain Neck Handbojor Sexig Jumpsuit med \u00f6ppen rygg"},"content":{"rendered":"<ol class=\"wp-block-list\">\n<li>V\u00e5r sexiga jumpsuit med mesh och PU-l\u00e4der \u00e4r designad med de senaste modetrenderna i \u00e5tanke. Kedjehandbojorna ger en touch av dj\u00e4rvhet, medan den \u00f6ppna ryggen ger en lockande inblick av vad som finns under. Denna jumpsuite kommer s\u00e4kerligen att bli en hit bland dina kunder.<\/li>\n\n\n\n<li>Chain Neck Handbojor Sexy Jumpsuit med \u00f6ppen rygg \u00e4r snygg och bekv\u00e4m. PU-l\u00e4ders\u00f6mmarna ger en touch av elegans, medan den \u00f6ppna baksidan s\u00e4kerst\u00e4ller en perfekt passform. Denna jumpsuite \u00e4r idealisk f\u00f6r kunder som s\u00f6ker stil och komfort i sina underkl\u00e4der.<\/li>\n\n\n\n<li>V\u00e5r No Hips sexiga jumpsuit med PU-l\u00e4ders\u00f6mmar \u00e4r unik i design och h\u00f6g kvalitet. Meshmaterialet \u00e4r mjukt och bekv\u00e4mt, medan handbojorna med kedjan hals ger en touch av kant. Denna jumpsuite kommer s\u00e4kerligen att sticka ut i alla underkl\u00e4deskollektioner.<\/li>\n<\/ol>\n\n\n\n<p>Sl\u00e4pp loss det dj\u00e4rva och vackra med v\u00e5r sexiga jumpsuit, med meshmaterial, PU-l\u00e4ders\u00f6mmar, kedjade handbojor, \u00f6ppen rygg och inga h\u00f6fter. Den h\u00e4r jumpsuiten \u00e4r inte bara en produkt, den \u00e4r ett uttryck f\u00f6r stil och lockelse som dina kunder kommer att \u00e4lska. V\u00e4nta inte. Kontakta oss idag f\u00f6r att l\u00e4gga din best\u00e4llning eller f\u00f6r att st\u00e4lla n\u00e5gra fr\u00e5gor. L\u00e5t oss omdefiniera underkl\u00e4desmodet tillsammans!<\/p>\n\n\n\n<figure class=\"wp-block-table is-style-stripes\"><table class=\"has-fixed-layout\"><tbody><tr><td>Webbplatsdiagram (CM)<\/td><td><\/td><td><\/td><\/tr><tr><td>Storlek<\/td><td>L\u00e4ngd<\/td><td>Midja<\/td><\/tr><tr><td>S<\/td><td>63<\/td><td>64<\/td><\/tr><tr><td>M<\/td><td>65<\/td><td>68<\/td><\/tr><tr><td>L<\/td><td>67<\/td><td>72<\/td><\/tr><tr><td>Webbplatsdiagram (INCH)<\/td><td><\/td><td><\/td><\/tr><tr><td>Storlek<\/td><td>L\u00e4ngd<\/td><td>Midja<\/td><\/tr><tr><td>S<\/td><td>24.8<\/td><td>25.2<\/td><\/tr><tr><td>M<\/td><td>25.59<\/td><td>26.77<\/td><\/tr><tr><td>L<\/td><td>26.38<\/td><td>28.35<\/td><\/tr><\/tbody><\/table><\/figure>","protected":false},"excerpt":{"rendered":"<p>V\u00e5r sexiga jumpsuit med mesh och PU-l\u00e4der \u00e4r ett m\u00e5ste f\u00f6r alla underkl\u00e4deshandlare. Denna jumpsuite har handbojor med kedja i halsen, \u00f6ppen rygg och inga h\u00f6fter, vilket ger en dj\u00e4rv och lockande look. Perfekt f\u00f6r kunder som s\u00f6ker det senaste inom underkl\u00e4desmode.<\/p>\n<p>https:\/\/youtu.be\/_nl52FSTb44<\/p>","protected":false},"featured_media":43862,"template":"","meta":[],"product_brand":[],"product_cat":[370,367,373],"product_tag":[541,524,446,449,453,866,504],"class_list":{"0":"post-43852","1":"product","2":"type-product","3":"status-publish","4":"has-post-thumbnail","6":"product_cat-bodysuit","7":"product_cat-sexy-lingerie","8":"product_cat-wholesale-sexy-mesh-bodysuit","9":"product_tag-fishnet-lingerie","10":"product_tag-metal-lingerie","11":"product_tag-wholesale-sexy-see-through-lingerie","12":"product_tag-wholesale-sexy-crotchless-lingerie","13":"product_tag-wholesale-sexy-naughty-lingerie","14":"product_tag-sexy-romper-lingerie","15":"product_tag-ultra-sexy","16":"pa_color-black","17":"pa_size-wholesale-large-size-women-sexy-lingerie","18":"pa_size-wholesale-medium-size-women-sexy-lingerie","19":"pa_size-wholesale-small-size-sexy-lingerie","21":"first","22":"instock","23":"taxable","24":"shipping-taxable","25":"purchasable","26":"product-type-variable"},"tiered_pricing_type":"fixed","tiered_pricing_fixed_rules":[],"tiered_pricing_product_settings":{"layout":"table","base_unit_name":{"singular":null,"plural":null},"default_variation":{}},"tiered_pricing_minimum_quantity":null,"tiered_pricing_roles_data":{"default_wholesaler":{"product_id":43852,"role":"default_wholesaler","pricing_type":"flat","regular_price":null,"sale_price":null,"discount":null,"discount_type":"sale_price","tiered_pricing_type":"fixed","percentage_rules":[],"fixed_rules":{"2":"10.39","30":"9.19","500":"8.29"},"minimum":null},"dropshippinger":{"product_id":43852,"role":"dropshippinger","pricing_type":"flat","regular_price":null,"sale_price":11.99,"discount":null,"discount_type":"sale_price","tiered_pricing_type":"fixed","percentage_rules":[],"fixed_rules":{"1":"11.99","5":"10.39","30":"8.29"},"minimum":null}},"tiered_pricing_percentage_rules":[],"tiered_pricing_maximum_quantity":null,"tiered_pricing_quantity_step":null,"_links":{"self":[{"href":"https:\/\/gretasexylingerie.com\/sv\/wp-json\/wp\/v2\/product\/43852","targetHints":{"allow":["GET"]}}],"collection":[{"href":"https:\/\/gretasexylingerie.com\/sv\/wp-json\/wp\/v2\/product"}],"about":[{"href":"https:\/\/gretasexylingerie.com\/sv\/wp-json\/wp\/v2\/types\/product"}],"wp:featuredmedia":[{"embeddable":true,"href":"https:\/\/gretasexylingerie.com\/sv\/wp-json\/wp\/v2\/media\/43862"}],"wp:attachment":[{"href":"https:\/\/gretasexylingerie.com\/sv\/wp-json\/wp\/v2\/media?parent=43852"}],"wp:term":[{"taxonomy":"product_brand","embeddable":true,"href":"https:\/\/gretasexylingerie.com\/sv\/wp-json\/wp\/v2\/product_brand?post=43852"},{"taxonomy":"product_cat","embeddable":true,"href":"https:\/\/gretasexylingerie.com\/sv\/wp-json\/wp\/v2\/product_cat?post=43852"},{"taxonomy":"product_tag","embeddable":true,"href":"https:\/\/gretasexylingerie.com\/sv\/wp-json\/wp\/v2\/product_tag?post=43852"}],"curies":[{"name":"wp","href":"https:\/\/api.w.org\/{rel}","templated":true}]}}