{"id":43784,"date":"2023-07-27T01:24:57","date_gmt":"2023-07-26T17:24:57","guid":{"rendered":"https:\/\/gretasexylingerie.com\/?post_type=product&#038;p=43784"},"modified":"2023-09-05T20:57:59","modified_gmt":"2023-09-05T12:57:59","slug":"trendig-sido-slits-maxikjol-och-bh-set-med-snorning","status":"publish","type":"product","link":"https:\/\/gretasexylingerie.com\/sv\/products\/trendy-side-slit-maxi-skirt-and-lace-up-bra-set\/","title":{"rendered":"Trendig sidslits Maxikjol och BH-set med sn\u00f6rning"},"content":{"rendered":"<ul class=\"wp-block-list\">\n<li>V\u00e5ra Lace-Up BH och Sheer Mesh Chemise Set \u00e4r designade med de senaste modetrenderna i \u00e5tanke. Bh:n med sn\u00f6rning ger en touch av f\u00f6rf\u00f6relse, medan det skira meshtyget ger en lockande inblick av vad som finns under. Detta set kommer s\u00e4kerligen att bli en hit bland dina kunder.<\/li>\n\n\n\n<li>Maxi-kjol- och spetsbh-setet med sidslits \u00e4r snyggt och bekv\u00e4mt. Maxikjolen med sidslits g\u00f6r det l\u00e4tt att r\u00f6ra sig, medan bh:n med sn\u00f6rning s\u00e4kerst\u00e4ller en perfekt passform. Detta set \u00e4r idealiskt f\u00f6r kunder som s\u00f6ker stil och komfort i sina underkl\u00e4der.<\/li>\n\n\n\n<li>V\u00e5rt Sheer Mesh Chemise and Bra Set \u00e4r unikt i design och h\u00f6g kvalitet. Det skira meshtyget \u00e4r mjukt och bekv\u00e4mt, medan bh:n med sn\u00f6rning och maxikjolen med sidslits ger en touch av elegans. Detta set kommer s\u00e4kerligen att sticka ut i alla underkl\u00e4deskollektioner.<\/li>\n<\/ul>\n\n\n\n<p>L\u00e5t inte denna m\u00f6jlighet g\u00e5 f\u00f6rbi dig! V\u00e5rt Chemise- och BH-set, med en bh med sn\u00f6rning, skira meshtyger och en maxikjol med sidslits, \u00e4r det perfekta till\u00e4gget till din underkl\u00e4deskollektion. Detta set \u00e4r inte bara en produkt, det \u00e4r ett uttalande av stil och komfort som dina kunder kommer att \u00e4lska. Kontakta oss idag f\u00f6r att l\u00e4gga din best\u00e4llning eller f\u00f6r att st\u00e4lla n\u00e5gra fr\u00e5gor. L\u00e5t oss omdefiniera underkl\u00e4desmodet tillsammans!<\/p>\n\n\n\n<figure class=\"wp-block-table is-style-stripes\"><table class=\"has-fixed-layout\"><tbody><tr><td colspan=\"5\">Webbplatsdiagram (CM)<\/td><td><\/td><\/tr><tr><td>Storlek<\/td><td>L\u00e4ngd<\/td><td>Nedre byst<\/td><td>Midja<\/td><td>Kopph\u00f6jd<\/td><td>\u00d6vre byst<\/td><\/tr><tr><td>S<\/td><td>25.5<\/td><td>62-88<\/td><td>66-92<\/td><td>14.5<\/td><td>66-88<\/td><\/tr><tr><td>M<\/td><td>26.5<\/td><td>66-92<\/td><td>71-100<\/td><td>15.5<\/td><td>70-92<\/td><\/tr><tr><td>L<\/td><td>27.5<\/td><td>70-96<\/td><td>75-104<\/td><td>16.5<\/td><td>74-96<\/td><\/tr><tr><td colspan=\"5\">Webbplatsdiagram (INCH)<\/td><td><\/td><\/tr><tr><td>Storlek<\/td><td>L\u00e4ngd<\/td><td>Nedre byst<\/td><td>Midja<\/td><td>Kopph\u00f6jd<\/td><td>\u00d6vre byst<\/td><\/tr><tr><td>S<\/td><td>10.04<\/td><td>24.41-34.65<\/td><td>25.98-36.22<\/td><td>5.71<\/td><td>25.98-34.65<\/td><\/tr><tr><td>M<\/td><td>10.43<\/td><td>25.98-36.22<\/td><td>27.95-39.37<\/td><td>6.1<\/td><td>27.56-36.22<\/td><\/tr><tr><td>L<\/td><td>10.83<\/td><td>27.56-37.80<\/td><td>29.53-40.94<\/td><td>6.5<\/td><td>29.13-37.80<\/td><\/tr><\/tbody><\/table><\/figure>","protected":false},"excerpt":{"rendered":"<p>Trendiga SidOur Lace-Up BH och Sheer Mesh Chemise Set \u00e4r ett m\u00e5ste f\u00f6r alla underkl\u00e4deshandlare. Det h\u00e4r setet har en f\u00f6rf\u00f6risk bh med sn\u00f6rning och en skir mesh-chemise med en maxikjol med sidslits, som ger en lockande inblick av vad som finns under. Perfekt f\u00f6r kunder som letar efter det senaste inom underkl\u00e4dersmode.e-Slit Maxikjol och BH-set med sn\u00f6rning<\/p>","protected":false},"featured_media":43797,"template":"","meta":[],"product_brand":[],"product_cat":[393,394,422,367],"product_tag":[518,446,864],"class_list":{"0":"post-43784","1":"product","2":"type-product","3":"status-publish","4":"has-post-thumbnail","6":"product_cat-wholesale-long-chemise","7":"product_cat-wholesale-mesh-chemise","8":"product_cat-sexy-chemise","9":"product_cat-sexy-lingerie","10":"product_tag-mesh-lingerie","11":"product_tag-wholesale-sexy-see-through-lingerie","12":"product_tag-sexy-petite-lingerie","13":"pa_color-black","14":"pa_size-wholesale-large-size-women-sexy-lingerie","15":"pa_size-wholesale-medium-size-women-sexy-lingerie","16":"pa_size-wholesale-small-size-sexy-lingerie","18":"first","19":"instock","20":"taxable","21":"shipping-taxable","22":"purchasable","23":"product-type-variable"},"tiered_pricing_type":"fixed","tiered_pricing_fixed_rules":[],"tiered_pricing_product_settings":{"layout":"default","base_unit_name":{"singular":null,"plural":null},"default_variation":null},"tiered_pricing_minimum_quantity":null,"tiered_pricing_roles_data":{"default_wholesaler":{"product_id":43784,"role":"default_wholesaler","pricing_type":"flat","regular_price":null,"sale_price":null,"discount":null,"discount_type":"sale_price","tiered_pricing_type":"fixed","percentage_rules":[],"fixed_rules":{"2":"10.49","30":"8.99","500":"7.89"},"minimum":null},"dropshippinger":{"product_id":43784,"role":"dropshippinger","pricing_type":"flat","regular_price":null,"sale_price":null,"discount":null,"discount_type":"sale_price","tiered_pricing_type":"fixed","percentage_rules":[],"fixed_rules":{"1":"12.49","5":"10.49","30":"8.99"},"minimum":null}},"tiered_pricing_percentage_rules":[],"tiered_pricing_maximum_quantity":null,"tiered_pricing_quantity_step":null,"_links":{"self":[{"href":"https:\/\/gretasexylingerie.com\/sv\/wp-json\/wp\/v2\/product\/43784","targetHints":{"allow":["GET"]}}],"collection":[{"href":"https:\/\/gretasexylingerie.com\/sv\/wp-json\/wp\/v2\/product"}],"about":[{"href":"https:\/\/gretasexylingerie.com\/sv\/wp-json\/wp\/v2\/types\/product"}],"wp:featuredmedia":[{"embeddable":true,"href":"https:\/\/gretasexylingerie.com\/sv\/wp-json\/wp\/v2\/media\/43797"}],"wp:attachment":[{"href":"https:\/\/gretasexylingerie.com\/sv\/wp-json\/wp\/v2\/media?parent=43784"}],"wp:term":[{"taxonomy":"product_brand","embeddable":true,"href":"https:\/\/gretasexylingerie.com\/sv\/wp-json\/wp\/v2\/product_brand?post=43784"},{"taxonomy":"product_cat","embeddable":true,"href":"https:\/\/gretasexylingerie.com\/sv\/wp-json\/wp\/v2\/product_cat?post=43784"},{"taxonomy":"product_tag","embeddable":true,"href":"https:\/\/gretasexylingerie.com\/sv\/wp-json\/wp\/v2\/product_tag?post=43784"}],"curies":[{"name":"wp","href":"https:\/\/api.w.org\/{rel}","templated":true}]}}