{"id":43530,"date":"2023-07-13T00:29:02","date_gmt":"2023-07-12T16:29:02","guid":{"rendered":"https:\/\/gretasexylingerie.com\/?post_type=product&#038;p=43530"},"modified":"2024-01-17T22:42:08","modified_gmt":"2024-01-17T14:42:08","slug":"skirt-sprackligt-mesh-bh-och-trosset-med-crossover-kupa","status":"publish","type":"product","link":"https:\/\/gretasexylingerie.com\/sv\/products\/sheer-speckled-mesh-bra-and-panty-set-with-crossover-cup\/","title":{"rendered":"Sheer Speckled Mesh BH och trosor Set med Crossover Cup"},"content":{"rendered":"<p>Speckled Mesh: Den h\u00e4r upps\u00e4ttningens rena spr\u00e4ckliga mesh-design introducerar en unik och edgy estetik som ger l\u00e4tt t\u00e4ckning samtidigt som den f\u00f6rblir elegant.<\/p>\n\n\n\n<p>Crossover Cups: Den innovativa crossover-cupdesignen ger en modern twist till traditionella underkl\u00e4desset och erbjuder en st\u00f6djande och smickrande siluett.<\/p>\n\n\n\n<p>Metal Ring Accent: Den i\u00f6gonfallande metallringen framtill ger en antydan till chic sofistikering, vilket skiljer denna bh och trosa fr\u00e5n standarddesigner.<\/p>\n\n\n\n<p>Komfort och stil: Med sitt l\u00e4tta meshtyg och innovativa design skapar detta set en perfekt balans mellan komfort och stil.<\/p>\n\n\n\n<p>M\u00e5ngsidigt tilltalande: Den chica och trendiga designen g\u00f6r detta set till ett m\u00e5ngsidigt val som kan stylas f\u00f6r alla tillf\u00e4llen, vilket g\u00f6r det till ett m\u00e5ste till varje garderob.<\/p>\n\n\n\n<p>Sammanfattningsvis \u00e4r v\u00e5r Sheer Speckled Mesh BH och trosset med crossover-kupor och metallring d\u00e4r komfort m\u00f6ter modernitet. Detta statement-plagg s\u00e4kerst\u00e4ller att du alltid k\u00e4nner dig s\u00e4ker och snygg. F\u00f6rh\u00f6j din underkl\u00e4deskollektion med detta f\u00e4ngslande set.<\/p>\n\n\n\n<figure class=\"wp-block-table is-style-stripes\"><table class=\"has-fixed-layout\"><tbody><tr><td colspan=\"5\">Webbplatsdiagram (CM)<\/td><\/tr><tr><td>Storlek<\/td><td>L\u00e4ngd<\/td><td>Nedre byst<\/td><td>Midja<\/td><td>Byxl\u00e4ngd<\/td><\/tr><tr><td>S<\/td><td>12.5<\/td><td>63<\/td><td>64<\/td><td>21.5<\/td><\/tr><tr><td>M<\/td><td>13.5<\/td><td>67<\/td><td>68<\/td><td>22.5<\/td><\/tr><tr><td>L<\/td><td>14.5<\/td><td>71<\/td><td>72<\/td><td>23.5<\/td><\/tr><tr><td>XL<\/td><td>15.5<\/td><td>75<\/td><td>76<\/td><td>24.5<\/td><\/tr><tr><td colspan=\"5\">Webbplatsdiagram (INCH)<\/td><\/tr><tr><td>Storlek<\/td><td>L\u00e4ngd<\/td><td>Nedre byst<\/td><td>Midja<\/td><td>Byxl\u00e4ngd<\/td><\/tr><tr><td>S<\/td><td>4.92<\/td><td>24.8<\/td><td>25.2<\/td><td>8.46<\/td><\/tr><tr><td>M<\/td><td>5.31<\/td><td>26.38<\/td><td>26.77<\/td><td>8.86<\/td><\/tr><tr><td>L<\/td><td>5.71<\/td><td>27.95<\/td><td>28.35<\/td><td>9.25<\/td><\/tr><tr><td>XL<\/td><td>6.1<\/td><td>29.53<\/td><td>29.92<\/td><td>9.65<\/td><\/tr><\/tbody><\/table><\/figure>","protected":false},"excerpt":{"rendered":"<p>Upplev blandningen av komfort och stil med v\u00e5r Sheer Speckled Mesh BH och trosset. Crossover-kuporna och metallringens accent ger en elegant och modern touch till denna klassiska underkl\u00e4der.<\/p>","protected":false},"featured_media":43540,"template":"","meta":[],"product_brand":[],"product_cat":[368,367,375],"product_tag":[452,518,973,446,864],"class_list":{"0":"post-43530","1":"product","2":"type-product","3":"status-publish","4":"has-post-thumbnail","6":"product_cat-bra-panty-set","7":"product_cat-sexy-lingerie","8":"product_cat-whoelsale-sheer-bra-and-panty-sets","9":"product_tag-wholesale-boudoir-lingerie","10":"product_tag-mesh-lingerie","11":"product_tag-oem","12":"product_tag-wholesale-sexy-see-through-lingerie","13":"product_tag-sexy-petite-lingerie","14":"pa_color-black","15":"pa_size-wholesale-large-size-women-sexy-lingerie","16":"pa_size-wholesale-medium-size-women-sexy-lingerie","17":"pa_size-wholesale-small-size-sexy-lingerie","18":"pa_size-wholesale-extra-large-sexy-lingerie","20":"first","21":"outofstock","22":"taxable","23":"shipping-taxable","24":"purchasable","25":"product-type-variable"},"tiered_pricing_type":"fixed","tiered_pricing_fixed_rules":[],"tiered_pricing_product_settings":{"layout":"default","base_unit_name":{"singular":null,"plural":null},"default_variation":null},"tiered_pricing_minimum_quantity":null,"tiered_pricing_roles_data":{"default_wholesaler":{"product_id":43530,"role":"default_wholesaler","pricing_type":"flat","regular_price":null,"sale_price":null,"discount":null,"discount_type":"sale_price","tiered_pricing_type":"fixed","percentage_rules":[],"fixed_rules":{"2":"9.39","30":"8.09","500":"7.09"},"minimum":null},"dropshippinger":{"product_id":43530,"role":"dropshippinger","pricing_type":"flat","regular_price":null,"sale_price":null,"discount":null,"discount_type":"sale_price","tiered_pricing_type":"fixed","percentage_rules":[],"fixed_rules":{"1":"11.29","5":"9.39","30":"7.09"},"minimum":null}},"tiered_pricing_percentage_rules":[],"tiered_pricing_maximum_quantity":null,"tiered_pricing_quantity_step":null,"_links":{"self":[{"href":"https:\/\/gretasexylingerie.com\/sv\/wp-json\/wp\/v2\/product\/43530","targetHints":{"allow":["GET"]}}],"collection":[{"href":"https:\/\/gretasexylingerie.com\/sv\/wp-json\/wp\/v2\/product"}],"about":[{"href":"https:\/\/gretasexylingerie.com\/sv\/wp-json\/wp\/v2\/types\/product"}],"wp:featuredmedia":[{"embeddable":true,"href":"https:\/\/gretasexylingerie.com\/sv\/wp-json\/wp\/v2\/media\/43540"}],"wp:attachment":[{"href":"https:\/\/gretasexylingerie.com\/sv\/wp-json\/wp\/v2\/media?parent=43530"}],"wp:term":[{"taxonomy":"product_brand","embeddable":true,"href":"https:\/\/gretasexylingerie.com\/sv\/wp-json\/wp\/v2\/product_brand?post=43530"},{"taxonomy":"product_cat","embeddable":true,"href":"https:\/\/gretasexylingerie.com\/sv\/wp-json\/wp\/v2\/product_cat?post=43530"},{"taxonomy":"product_tag","embeddable":true,"href":"https:\/\/gretasexylingerie.com\/sv\/wp-json\/wp\/v2\/product_tag?post=43530"}],"curies":[{"name":"wp","href":"https:\/\/api.w.org\/{rel}","templated":true}]}}