{"id":43505,"date":"2023-07-12T23:10:59","date_gmt":"2023-07-12T15:10:59","guid":{"rendered":"https:\/\/gretasexylingerie.com\/?post_type=product&#038;p=43505"},"modified":"2024-04-04T14:44:53","modified_gmt":"2024-04-04T06:44:53","slug":"blommig-broderad-bh-strumpebandset-med-utskuren-kupa","status":"publish","type":"product","link":"https:\/\/gretasexylingerie.com\/sv\/products\/floral-embroidered-bra-garter-set-with-cutout-cup\/","title":{"rendered":"Grossistf\u00f6rs\u00e4ljning av blommig broderad bh och strumpebandsset med utskuren kopp"},"content":{"rendered":"<ol class=\"wp-block-list\">\n<li>Blommig broderi: Det intrikata blommiga broderiet lyfter det klassiska bh-setet till ett konstverk, och l\u00e4gger till en feminin och uts\u00f6kt touch som skiljer den fr\u00e5n det vanliga.<\/li>\n\n\n\n<li>Speckled Mesh: Det spr\u00e4ckliga mesh-tyget ger en lekfull och trendig twist, ger ren t\u00e4ckning samtidigt som den l\u00e4gger till textur till den \u00f6vergripande designen.<\/li>\n\n\n\n<li>Cutout Cups: De lockande cutout-kopparna ger en provocerande titt och f\u00f6rst\u00e4rker figuren och accentuerar den feminina formen med sofistikering.<\/li>\n\n\n\n<li>Strumpebandsset: Detta bh-set f\u00f6rst\u00e4rker dess lockelse och inkluderar ett matchande strumpeband. Strumpebandet uppr\u00e4tth\u00e5ller ensemblens visuella harmoni och l\u00e4gger till en extra klick sexighet.<\/li>\n\n\n\n<li>M\u00e5ngsidigt tilltalande: Med sin unika kombination av trendiga och klassiska element \u00e4r detta bh-set perfekt f\u00f6r speciella tillf\u00e4llen och dagligt bruk.<\/li>\n<\/ol>\n\n\n\n<p>Sammanfattningsvis \u00e4r v\u00e5r blommiga broderade bh och strumpebandsset med spr\u00e4ckliga n\u00e4t och utskurna kupor en f\u00f6rening av sk\u00f6nhet och komfort. Denna underbara ensemble \u00e4r ett oslagbart tillskott till alla underkl\u00e4deskollektioner. F\u00e5 varje \u00f6gonblick att r\u00e4kna med detta f\u00f6rtrollande set.<\/p>\n\n\n\n<figure class=\"wp-block-table is-style-stripes\"><table class=\"has-fixed-layout\"><tbody><tr><td colspan=\"5\">Webbplatsdiagram (CM)<\/td><\/tr><tr><td>Storlek<\/td><td>L\u00e4ngd<\/td><td>Nedre byst<\/td><td>Midja<\/td><td>Byxl\u00e4ngd<\/td><\/tr><tr><td>S<\/td><td>13,5<\/td><td>68<\/td><td>72<\/td><td>23.5<\/td><\/tr><tr><td>M<\/td><td>14,5<\/td><td>72<\/td><td>76<\/td><td>24.5<\/td><\/tr><tr><td>L<\/td><td>15,5<\/td><td>76<\/td><td>80<\/td><td>25.5<\/td><\/tr><tr><td>XL<\/td><td>16.5<\/td><td>80<\/td><td>84<\/td><td>26.5<\/td><\/tr><tr><td colspan=\"5\">Webbplatsdiagram (INCH)<\/td><\/tr><tr><td>Storlek<\/td><td>L\u00e4ngd<\/td><td>Nedre byst<\/td><td>Midja<\/td><td>Byxl\u00e4ngd<\/td><\/tr><tr><td>S<\/td><td>5.31<\/td><td>26.38<\/td><td>24.8<\/td><td>8.66<\/td><\/tr><tr><td>M<\/td><td>5.71<\/td><td>27.95<\/td><td>26.38<\/td><td>9.06<\/td><\/tr><tr><td>L<\/td><td>6.1<\/td><td>29.53<\/td><td>27.95<\/td><td>9.45<\/td><\/tr><tr><td>XL<\/td><td>6.5<\/td><td>31.1<\/td><td>29.53<\/td><td>9.84<\/td><\/tr><\/tbody><\/table><\/figure>","protected":false},"excerpt":{"rendered":"<p>Uppt\u00e4ck tjusningens konst med v\u00e5rt set med blommor broderade bh och strumpeband. Detta sets spr\u00e4ckliga mesh och utskurna koppar erbjuder en blandning av komfort och modern charm.<\/p>","protected":false},"featured_media":43529,"template":"","meta":[],"product_brand":[],"product_cat":[368,367,375],"product_tag":[868,452,448,446],"class_list":{"0":"post-43505","1":"product","2":"type-product","3":"status-publish","4":"has-post-thumbnail","6":"product_cat-bra-panty-set","7":"product_cat-sexy-lingerie","8":"product_cat-whoelsale-sheer-bra-and-panty-sets","9":"product_tag-4-piece-lingerie-set","10":"product_tag-wholesale-boudoir-lingerie","11":"product_tag-wholesale-elegant-sexy-lingerie","12":"product_tag-wholesale-sexy-see-through-lingerie","13":"pa_color-black","14":"pa_size-wholesale-large-size-women-sexy-lingerie","15":"pa_size-wholesale-medium-size-women-sexy-lingerie","16":"pa_size-wholesale-small-size-sexy-lingerie","17":"pa_size-wholesale-extra-large-sexy-lingerie","19":"first","20":"instock","21":"taxable","22":"shipping-taxable","23":"purchasable","24":"product-type-variable"},"tiered_pricing_type":"fixed","tiered_pricing_fixed_rules":[],"tiered_pricing_product_settings":{"layout":"table","base_unit_name":{"singular":null,"plural":null},"default_variation":null},"tiered_pricing_minimum_quantity":null,"tiered_pricing_roles_data":{"default_wholesaler":{"product_id":43505,"role":"default_wholesaler","pricing_type":"flat","regular_price":null,"sale_price":null,"discount":null,"discount_type":"sale_price","tiered_pricing_type":"fixed","percentage_rules":[],"fixed_rules":{"2":"9.39","30":"8.09","500":"7.09"},"minimum":null},"dropshippinger":{"product_id":43505,"role":"dropshippinger","pricing_type":"flat","regular_price":null,"sale_price":11.29,"discount":null,"discount_type":"sale_price","tiered_pricing_type":"fixed","percentage_rules":[],"fixed_rules":{"1":"11.29","5":"9.39","30":"7.09"},"minimum":null}},"tiered_pricing_percentage_rules":[],"tiered_pricing_maximum_quantity":null,"tiered_pricing_quantity_step":null,"_links":{"self":[{"href":"https:\/\/gretasexylingerie.com\/sv\/wp-json\/wp\/v2\/product\/43505","targetHints":{"allow":["GET"]}}],"collection":[{"href":"https:\/\/gretasexylingerie.com\/sv\/wp-json\/wp\/v2\/product"}],"about":[{"href":"https:\/\/gretasexylingerie.com\/sv\/wp-json\/wp\/v2\/types\/product"}],"wp:featuredmedia":[{"embeddable":true,"href":"https:\/\/gretasexylingerie.com\/sv\/wp-json\/wp\/v2\/media\/43529"}],"wp:attachment":[{"href":"https:\/\/gretasexylingerie.com\/sv\/wp-json\/wp\/v2\/media?parent=43505"}],"wp:term":[{"taxonomy":"product_brand","embeddable":true,"href":"https:\/\/gretasexylingerie.com\/sv\/wp-json\/wp\/v2\/product_brand?post=43505"},{"taxonomy":"product_cat","embeddable":true,"href":"https:\/\/gretasexylingerie.com\/sv\/wp-json\/wp\/v2\/product_cat?post=43505"},{"taxonomy":"product_tag","embeddable":true,"href":"https:\/\/gretasexylingerie.com\/sv\/wp-json\/wp\/v2\/product_tag?post=43505"}],"curies":[{"name":"wp","href":"https:\/\/api.w.org\/{rel}","templated":true}]}}