{"id":43449,"date":"2023-07-07T23:16:53","date_gmt":"2023-07-07T15:16:53","guid":{"rendered":"https:\/\/gretasexylingerie.com\/?post_type=product&#038;p=43449"},"modified":"2024-04-04T14:40:19","modified_gmt":"2024-04-04T06:40:19","slug":"beige-bh-i-skirt-mesh-set-om-3-med-broderade-detaljer","status":"publish","type":"product","link":"https:\/\/gretasexylingerie.com\/sv\/products\/sheer-mesh-beige-bra-set-of-3-with-embroidered-detailing\/","title":{"rendered":"Sheer Mesh Beige BH Set om 3 med broderade detaljer"},"content":{"rendered":"<ol class=\"wp-block-list\">\n<li>\u00d6verl\u00e4gset material: Detta BH-set \u00e4r tillverkat av h\u00f6gkvalitativt mesh, vilket s\u00e4kerst\u00e4ller komfort och h\u00e5llbarhet. Dess andningsf\u00f6rm\u00e5ga bidrar till dess tilltalande, vilket g\u00f6r att du k\u00e4nner dig fr\u00e4sch och bekv\u00e4m hela dagen.<\/li>\n\n\n\n<li>Broderade detaljer: De invecklade broderade tr\u00e5darna som v\u00e4vs in i det skira n\u00e4tet ger elegans och sofistikering. De h\u00e4r intrikata detaljerna skiljer denna beh\u00e5 \u00e5t, vilket g\u00f6r den till ett vackert komplement till din underkl\u00e4deskollektion.<\/li>\n\n\n\n<li>Set med tre: Denna produkt erbjuder en upps\u00e4ttning om tre beh\u00e5ar och s\u00e4kerst\u00e4ller variation och flexibilitet i din garderob. Du kan rotera mellan beh\u00e5arna eller ha reservdelar redo n\u00e4r det beh\u00f6vs, vilket \u00f6kar bekv\u00e4mligheten och s\u00e4kerst\u00e4ller att du alltid \u00e4r f\u00f6rberedd.<\/li>\n\n\n\n<li>Naturlig nyans: BH-setets beiga f\u00e4rg sm\u00e4lter s\u00f6ml\u00f6st under alla plagg. Den neutrala nyansen \u00e4r ett utm\u00e4rkt val f\u00f6r ett om\u00e4rkligt underlager och st\u00f6r inte din valda outfitf\u00e4rgpalett.<\/li>\n\n\n\n<li>Universell dragningskraft: Detta set tillgodoser ett brett utbud av preferenser och kombinerar praktiska egenskaper med en vacker estetik. Detta BH-set erbjuder n\u00e5got varje kvinna kan uppskatta oavsett stil.<\/li>\n<\/ol>\n\n\n\n<p>Sammanfattningsvis \u00e4r v\u00e5r Sheer Mesh Beige BH Set om 3 ett m\u00e5ngsidigt, snyggt och praktiskt till\u00e4gg till din underkl\u00e4deskollektion. Med sitt bekv\u00e4ma material, vackert broderade detaljer och m\u00e5ngsidiga f\u00e4rger, lovar det att bli ett underkl\u00e4desset som du kommer att n\u00e5 efter g\u00e5ng p\u00e5 g\u00e5ng. Uppgradera din underkl\u00e4desl\u00e5da med detta vackra set idag.<\/p>\n\n\n\n<figure class=\"wp-block-table is-style-stripes\"><table class=\"has-fixed-layout\"><tbody><tr><td colspan=\"5\">Webbplatsdiagram (CM)<\/td><\/tr><tr><td>Storlek<\/td><td>Nedre byst<\/td><td>L\u00e4ngd<\/td><td>Midjelinje<\/td><td>Byxl\u00e4ngd<\/td><\/tr><tr><td>S<\/td><td>65<\/td><td>14<\/td><td>70<\/td><td>23<\/td><\/tr><tr><td>M<\/td><td>69<\/td><td>15<\/td><td>74<\/td><td>24<\/td><\/tr><tr><td>L<\/td><td>73<\/td><td>16<\/td><td>78<\/td><td>25<\/td><\/tr><tr><td>Webbplatsdiagram (INCH)<\/td><td><\/td><td><\/td><td><\/td><td><\/td><\/tr><tr><td>Storlek<\/td><td>Nedre byst<\/td><td>L\u00e4ngd<\/td><td>Midjelinje<\/td><td>Byxl\u00e4ngd<\/td><\/tr><tr><td>S<\/td><td>25.59<\/td><td>5.51<\/td><td>27.56<\/td><td>9.06<\/td><\/tr><tr><td>M<\/td><td>27.17<\/td><td>5.91<\/td><td>29.13<\/td><td>9.45<\/td><\/tr><tr><td>L<\/td><td>28.74<\/td><td>6.3<\/td><td>30.71<\/td><td>9.84<\/td><\/tr><\/tbody><\/table><\/figure>","protected":false},"excerpt":{"rendered":"<p>Smycka dig med v\u00e5r beige bh-set om 3. Tillverkad av skirt n\u00e4t med delikat broderi, utstr\u00e5lar detta set feminin charm samtidigt som det erbjuder komforten av variation.<\/p>\n<p>https:\/\/youtu.be\/SfXjPUJLHS4<\/p>","protected":false},"featured_media":43465,"template":"","meta":[],"product_brand":[],"product_cat":[368,367,375],"product_tag":[507,861,448,454,518,446],"class_list":{"0":"post-43449","1":"product","2":"type-product","3":"status-publish","4":"has-post-thumbnail","6":"product_cat-bra-panty-set","7":"product_cat-sexy-lingerie","8":"product_cat-whoelsale-sheer-bra-and-panty-sets","9":"product_tag-three-pcs-set","10":"product_tag-brunette-lingerie","11":"product_tag-wholesale-elegant-sexy-lingerie","12":"product_tag-wholesale-sexy-embroidered-lingerie","13":"product_tag-mesh-lingerie","14":"product_tag-wholesale-sexy-see-through-lingerie","15":"pa_color-bisque-women-sexy-lingerie","16":"pa_size-wholesale-large-size-women-sexy-lingerie","17":"pa_size-wholesale-medium-size-women-sexy-lingerie","18":"pa_size-wholesale-small-size-sexy-lingerie","20":"first","21":"instock","22":"taxable","23":"shipping-taxable","24":"purchasable","25":"product-type-variable"},"tiered_pricing_type":"fixed","tiered_pricing_fixed_rules":[],"tiered_pricing_product_settings":{"layout":"table","base_unit_name":{"singular":null,"plural":null},"default_variation":{}},"tiered_pricing_minimum_quantity":null,"tiered_pricing_roles_data":{"default_wholesaler":{"product_id":43449,"role":"default_wholesaler","pricing_type":"flat","regular_price":null,"sale_price":null,"discount":null,"discount_type":"sale_price","tiered_pricing_type":"fixed","percentage_rules":[],"fixed_rules":{"2":"11.89","30":"10.59","500":"9.69"},"minimum":null},"dropshippinger":{"product_id":43449,"role":"dropshippinger","pricing_type":"flat","regular_price":null,"sale_price":null,"discount":null,"discount_type":"sale_price","tiered_pricing_type":"fixed","percentage_rules":[],"fixed_rules":{"1":"13.69","5":"11.89","30":"9.69"},"minimum":null}},"tiered_pricing_percentage_rules":[],"tiered_pricing_maximum_quantity":null,"tiered_pricing_quantity_step":null,"_links":{"self":[{"href":"https:\/\/gretasexylingerie.com\/sv\/wp-json\/wp\/v2\/product\/43449","targetHints":{"allow":["GET"]}}],"collection":[{"href":"https:\/\/gretasexylingerie.com\/sv\/wp-json\/wp\/v2\/product"}],"about":[{"href":"https:\/\/gretasexylingerie.com\/sv\/wp-json\/wp\/v2\/types\/product"}],"wp:featuredmedia":[{"embeddable":true,"href":"https:\/\/gretasexylingerie.com\/sv\/wp-json\/wp\/v2\/media\/43465"}],"wp:attachment":[{"href":"https:\/\/gretasexylingerie.com\/sv\/wp-json\/wp\/v2\/media?parent=43449"}],"wp:term":[{"taxonomy":"product_brand","embeddable":true,"href":"https:\/\/gretasexylingerie.com\/sv\/wp-json\/wp\/v2\/product_brand?post=43449"},{"taxonomy":"product_cat","embeddable":true,"href":"https:\/\/gretasexylingerie.com\/sv\/wp-json\/wp\/v2\/product_cat?post=43449"},{"taxonomy":"product_tag","embeddable":true,"href":"https:\/\/gretasexylingerie.com\/sv\/wp-json\/wp\/v2\/product_tag?post=43449"}],"curies":[{"name":"wp","href":"https:\/\/api.w.org\/{rel}","templated":true}]}}