{"id":43213,"date":"2023-07-01T00:32:57","date_gmt":"2023-06-30T16:32:57","guid":{"rendered":"https:\/\/gretasexylingerie.com\/?post_type=product&#038;p=43213"},"modified":"2023-10-22T23:20:51","modified_gmt":"2023-10-22T15:20:51","slug":"broderad-bodysuit-i-skirt-mesh-med-oppen-rygg","status":"publish","type":"product","link":"https:\/\/gretasexylingerie.com\/sv\/products\/embroidered-sheer-mesh-bodysuit-with-open-back\/","title":{"rendered":"Broderad Sheer Mesh Body med \u00f6ppen rygg"},"content":{"rendered":"<ol class=\"wp-block-list\">\n<li>Uts\u00f6kt broderi: Denna bodysuit \u00e4r prydd med invecklade broderier som lyfter dess estetiska tilltal. Den \u00e4r noggrant sydd och l\u00e4gger till ett konstn\u00e4rligt element till den \u00f6vergripande designen, vilket ger en unik texturdimension.<\/li>\n\n\n\n<li>Spr\u00e4ckligt meshtyg: Tillverkad med ett spr\u00e4ckligt meshtyg kombinerar denna body p\u00e5 ett unikt s\u00e4tt genomskinlighet och m\u00f6nster. Den \u00e4r l\u00e4tt och andas och s\u00e4kerst\u00e4ller optimal komfort utan att kompromissa med stilen.<\/li>\n\n\n\n<li>\u00d6ppen br\u00f6st och rygg: Den v\u00e5gade \u00f6ppna br\u00f6st- och ryggdesignen ger denna body en provocerande kant. Denna dj\u00e4rva funktion f\u00f6rst\u00e4rker plaggets \u00f6vergripande sensualitet och balanserar perfekt elegans och lockelse.<\/li>\n\n\n\n<li>Ren fr\u00f6jd: Den h\u00e4r bodyns rena sammans\u00e4ttning ger en lockande titt p\u00e5 vad som finns under, vilket ger en lekfull men \u00e4nd\u00e5 smakfull touch till din intima kl\u00e4dkollektion.<\/li>\n\n\n\n<li>M\u00e4ngd f\u00e4rger och storlekar: Skr\u00e4ddarsydd f\u00f6r att passa din stil och passform, den h\u00e4r bodyn finns i 10 f\u00e4rger och fyra storlekar. V\u00e4lj den som b\u00e4st representerar din personlighet och kroppstyp, s\u00e5 att du k\u00e4nner dig bekv\u00e4m och sj\u00e4lvs\u00e4ker.<\/li>\n<\/ol>\n\n\n\n<p>Sammanfattningsvis erbjuder Broderade Sheer Mesh Bodysuit en oemotst\u00e5ndlig blandning av komfort, stil och sensualitet. Dess olika f\u00e4rg- och storleksalternativ tilltalar alla som vill lyfta sin intima kl\u00e4dkollektion. \u00c4g den idag och fira din feminina tjusning med en touch av f\u00f6rfining.<\/p>\n\n\n\n<figure class=\"wp-block-table is-style-stripes\"><table class=\"has-fixed-layout\"><tbody><tr><td>Webbplatsdiagram (CM)<\/td><td><\/td><td><\/td><td><\/td><\/tr><tr><td>Storlek<\/td><td>Nedre byst<\/td><td>L\u00e4ngd<\/td><td>Midja<\/td><\/tr><tr><td>S<\/td><td>68<\/td><td>54<\/td><td>64<\/td><\/tr><tr><td>M<\/td><td>72<\/td><td>56<\/td><td>68<\/td><\/tr><tr><td>L<\/td><td>76<\/td><td>68<\/td><td>72<\/td><\/tr><tr><td>XL<\/td><td>80<\/td><td>60<\/td><td>76<\/td><\/tr><tr><td>Webbplatsdiagram (INCH)<\/td><td><\/td><td><\/td><td><\/td><\/tr><tr><td>Storlek<\/td><td>L\u00e4ngd<\/td><td>\u00d6vre byst<\/td><td>Nedre byst<\/td><\/tr><tr><td>S<\/td><td>26.77<\/td><td>21.26<\/td><td>25.2<\/td><\/tr><tr><td>M<\/td><td>28.35<\/td><td>22.05<\/td><td>26.77<\/td><\/tr><tr><td>L<\/td><td>29.92<\/td><td>26.77<\/td><td>28.35<\/td><\/tr><tr><td>XL<\/td><td>31.5<\/td><td>23.62<\/td><td>29.92<\/td><\/tr><\/tbody><\/table><\/figure>","protected":false},"excerpt":{"rendered":"<p>Sk\u00e4m bort dig \u00e5t sofistikering och tjusning med v\u00e5r Broderade Sheer Mesh Body. Denna bodysuit har en \u00f6ppen br\u00f6st- och rygg samt ett spr\u00e4ckligt meshtyg och accentuerar din figur med feminin elegans.<\/p>\n<p>https:\/\/youtu.be\/nwujgMHYYSk<\/p>","protected":false},"featured_media":43308,"template":"","meta":[],"product_brand":[],"product_cat":[370,367,373],"product_tag":[521,448,454,518,446],"class_list":{"0":"post-43213","1":"product","2":"type-product","3":"status-publish","4":"has-post-thumbnail","6":"product_cat-bodysuit","7":"product_cat-sexy-lingerie","8":"product_cat-wholesale-sexy-mesh-bodysuit","9":"product_tag-deep-v-lingerie","10":"product_tag-wholesale-elegant-sexy-lingerie","11":"product_tag-wholesale-sexy-embroidered-lingerie","12":"product_tag-mesh-lingerie","13":"product_tag-wholesale-sexy-see-through-lingerie","14":"pa_color-black","15":"pa_color-blue-women-sexy-lingerie","16":"pa_color-green-yellow-women-sexy-lingerie","17":"pa_color-hot-pink-women-sexy-lingerie","18":"pa_color-pink-women-sexy-lingerie","19":"pa_color-purple-women-sexy-lingerie","20":"pa_color-red-women-sexy-lingerie","21":"pa_color-sea-green-women-sexy-lingerie","22":"pa_color-white","23":"pa_color-yellow","24":"pa_size-wholesale-large-size-women-sexy-lingerie","25":"pa_size-wholesale-medium-size-women-sexy-lingerie","26":"pa_size-wholesale-small-size-sexy-lingerie","27":"pa_size-wholesale-extra-large-sexy-lingerie","29":"first","30":"instock","31":"taxable","32":"shipping-taxable","33":"purchasable","34":"product-type-variable"},"tiered_pricing_type":"fixed","tiered_pricing_fixed_rules":[],"tiered_pricing_product_settings":{"layout":"default","base_unit_name":{"singular":null,"plural":null},"default_variation":{}},"tiered_pricing_minimum_quantity":null,"tiered_pricing_roles_data":{"default_wholesaler":{"product_id":43213,"role":"default_wholesaler","pricing_type":"flat","regular_price":null,"sale_price":null,"discount":null,"discount_type":"sale_price","tiered_pricing_type":"fixed","percentage_rules":[],"fixed_rules":{"2":"9.39","30":"8.19","500":"7.29"},"minimum":null},"dropshippinger":{"product_id":43213,"role":"dropshippinger","pricing_type":"flat","regular_price":null,"sale_price":null,"discount":null,"discount_type":"sale_price","tiered_pricing_type":"fixed","percentage_rules":[],"fixed_rules":{"1":"10.99","5":"9.39","30":"7.29"},"minimum":null}},"tiered_pricing_percentage_rules":[],"tiered_pricing_maximum_quantity":null,"tiered_pricing_quantity_step":null,"_links":{"self":[{"href":"https:\/\/gretasexylingerie.com\/sv\/wp-json\/wp\/v2\/product\/43213","targetHints":{"allow":["GET"]}}],"collection":[{"href":"https:\/\/gretasexylingerie.com\/sv\/wp-json\/wp\/v2\/product"}],"about":[{"href":"https:\/\/gretasexylingerie.com\/sv\/wp-json\/wp\/v2\/types\/product"}],"wp:featuredmedia":[{"embeddable":true,"href":"https:\/\/gretasexylingerie.com\/sv\/wp-json\/wp\/v2\/media\/43308"}],"wp:attachment":[{"href":"https:\/\/gretasexylingerie.com\/sv\/wp-json\/wp\/v2\/media?parent=43213"}],"wp:term":[{"taxonomy":"product_brand","embeddable":true,"href":"https:\/\/gretasexylingerie.com\/sv\/wp-json\/wp\/v2\/product_brand?post=43213"},{"taxonomy":"product_cat","embeddable":true,"href":"https:\/\/gretasexylingerie.com\/sv\/wp-json\/wp\/v2\/product_cat?post=43213"},{"taxonomy":"product_tag","embeddable":true,"href":"https:\/\/gretasexylingerie.com\/sv\/wp-json\/wp\/v2\/product_tag?post=43213"}],"curies":[{"name":"wp","href":"https:\/\/api.w.org\/{rel}","templated":true}]}}