{"id":43076,"date":"2023-06-28T23:23:58","date_gmt":"2023-06-28T15:23:58","guid":{"rendered":"https:\/\/gretasexylingerie.com\/?post_type=product&#038;p=43076"},"modified":"2024-01-17T22:36:09","modified_gmt":"2024-01-17T14:36:09","slug":"blommig-spets-bh-set-med-volangkant-i-spets","status":"publish","type":"product","link":"https:\/\/gretasexylingerie.com\/sv\/products\/floral-lace-bra-set-with-lace-ruffle-trim\/","title":{"rendered":"Blommig spets-BH-upps\u00e4ttning i grossistledet med spets-volang"},"content":{"rendered":"<ol class=\"wp-block-list\">\n<li>Intrikat blomspets: Tillverkad med k\u00e4nsla f\u00f6r detaljer, den blommiga spetsdesignen p\u00e5 v\u00e5rt bh-set erbjuder mer \u00e4n tilltalande. Den f\u00f6rkroppsligar en feminin aura som \u00e4r b\u00e5de elegant och modern. Varje s\u00f6m och blomm\u00f6nster bidrar till en look rik p\u00e5 detaljer och sofistikering, vilket resulterar i ett underkl\u00e4der som ser lika vackert ut p\u00e5 n\u00e4ra h\u00e5ll som det g\u00f6r p\u00e5 avst\u00e5nd.<\/li>\n\n\n\n<li>Sl\u00e5ende kontrastdesign: En lekfull kontrast av naturlig hudton och livlig lime, v\u00e5rt bh-set trotsar det konventionella. Detta sl\u00e5ende f\u00e4rgschema skiljer dig fr\u00e5n m\u00e4ngden, och erbjuder en f\u00e4rgskala som f\u00f6rblir smakfull och unik. Oavsett om du \u00e4r ute efter att bl\u00e4nda eller bara vill uttrycka din personlighet, l\u00e5ter den livfulla kontrasten i denna upps\u00e4ttning dig g\u00f6ra b\u00e5de<\/li>\n\n\n\n<li>Genomskinlig tjusning: V\u00e5rt BH-set \u00e4r inte bara genomskinligt \u2013 det \u00e4r ett avsiktligt designval menat att f\u00e4ngsla. Transparensen balanserar avsl\u00f6jande och d\u00f6ljande och skapar en mystik som ger utrymme f\u00f6r fantasin. Det \u00e4r ett provokativt men \u00e4nd\u00e5 smakfullt till\u00e4gg som g\u00f6r vilken vanlig dag som helst till ett tillf\u00e4lle.<\/li>\n\n\n\n<li>Snyggt brett b\u00e4lte: Det breda b\u00e4ltet, prydt med en spetskant med volang, \u00e4r den avg\u00f6rande egenskapen hos denna upps\u00e4ttning. B\u00e4ltet st\u00f6djer och framh\u00e4ver din midja och ger en touch av lyx till din outfit. Denna unika detalj kompletterar det skira tyget och f\u00e4rgkontrasten, binder samman ensemblen samtidigt som den f\u00f6rst\u00e4rker din siluett.<\/li>\n\n\n\n<li>M\u00e5ngsidig och bekv\u00e4m: Komforten och m\u00e5ngsidigheten hos v\u00e5rt bh-set \u00e4r o\u00f6vertr\u00e4ffad. Dess design g\u00f6r att den kan rymma en m\u00e4ngd olika kroppsformer och storlekar, vilket s\u00e4kerst\u00e4ller en perfekt passform varje g\u00e5ng. Oavsett om du b\u00e4r den f\u00f6r ett speciellt tillf\u00e4lle eller vill k\u00e4nna dig fantastisk, prioriterar detta set din komfort utan att kompromissa med stilen.<\/li>\n\n\n\n<li>Perfekt f\u00f6r speciella tillf\u00e4llen: Med sina unika egenskaper och sofistikerade stil \u00e4r detta BH-set perfekt f\u00f6r de of\u00f6rgl\u00f6mliga stunderna. Oavsett om du firar ett jubileum, en personlig seger eller bara vill unna dig sj\u00e4lv, tillf\u00f6r detta bh-set en klick extravagans till din speciella dag.<\/li>\n<\/ol>\n\n\n\n<p>Sammanfattningsvis \u00e4r v\u00e5r blommiga spets-bh-set med kontrastbredt b\u00e4lte och spets volanger ett bevis p\u00e5 stil, komfort och individualitet. Dess unika designelement och fokus p\u00e5 komfort g\u00f6r den till ett m\u00e5ngsidigt, viktigt tillskott till din underkl\u00e4deskollektion.<\/p>\n\n\n\n<figure class=\"wp-block-table is-style-stripes\"><table class=\"has-fixed-layout\"><tbody><tr><td colspan=\"5\">Webbplatsdiagram (CM)<\/td><\/tr><tr><td>Storlek<\/td><td>L\u00e4ngd<\/td><td>\u00d6vre byst<\/td><td>Nedre byst<\/td><td>Midjelinje<\/td><\/tr><tr><td>S<\/td><td>20<\/td><td>70-80<\/td><td>64-96<\/td><td>68<\/td><\/tr><tr><td>M<\/td><td>21<\/td><td>74-92<\/td><td>68-100<\/td><td>72<\/td><\/tr><tr><td>L<\/td><td>22<\/td><td>78-96<\/td><td>72-104<\/td><td>76<\/td><\/tr><tr><td colspan=\"5\">Webbplatsdiagram (INCH)<\/td><\/tr><tr><td>Storlek<\/td><td>L\u00e4ngd<\/td><td>\u00d6vre byst<\/td><td>Nedre byst<\/td><td>midjelinje<\/td><\/tr><tr><td>S<\/td><td>7.87<\/td><td>27.56-31.50<\/td><td>25.20-37.80<\/td><td>26.77<\/td><\/tr><tr><td>M<\/td><td>8.27<\/td><td>29.13-36.22<\/td><td>26.77-39.37<\/td><td>28.35<\/td><\/tr><tr><td>L<\/td><td>8.66<\/td><td>30.71-37.80<\/td><td>28.35-40.94<\/td><td>29.92<\/td><\/tr><\/tbody><\/table><\/figure>","protected":false},"excerpt":{"rendered":"<p>Omfamna den chica tjusningen med v\u00e5rt set med blommor spets-bh. Med en genomskinlig spetsdesign och i\u00f6gonfallande hudton och limekontrast, kommer detta set med ett brett b\u00e4lte med spetskanter med volang f\u00f6r extra sofistikering.<\/p>","protected":false},"featured_media":43094,"template":"","meta":[],"product_brand":[],"product_cat":[368,369,367],"product_tag":[448,522,516,510,446,864,863],"class_list":{"0":"post-43076","1":"product","2":"type-product","3":"status-publish","4":"has-post-thumbnail","6":"product_cat-bra-panty-set","7":"product_cat-wholesale-lace-bra-and-panty-sets","8":"product_cat-sexy-lingerie","9":"product_tag-wholesale-elegant-sexy-lingerie","10":"product_tag-eyelash-lingerie","11":"product_tag-lace-lingerie","12":"product_tag-ruffles-lingerie","13":"product_tag-wholesale-sexy-see-through-lingerie","14":"product_tag-sexy-petite-lingerie","15":"product_tag-sexy-thong-lingerie","16":"pa_color-hot-pink-women-sexy-lingerie","17":"pa_color-lime-women-sexy-lingerie","18":"pa_size-wholesale-large-size-women-sexy-lingerie","19":"pa_size-wholesale-medium-size-women-sexy-lingerie","20":"pa_size-wholesale-small-size-sexy-lingerie","22":"first","23":"instock","24":"taxable","25":"shipping-taxable","26":"purchasable","27":"product-type-variable"},"tiered_pricing_type":"fixed","tiered_pricing_fixed_rules":[],"tiered_pricing_product_settings":{"layout":"default","base_unit_name":{"singular":null,"plural":null},"default_variation":null},"tiered_pricing_minimum_quantity":null,"tiered_pricing_roles_data":{"default_wholesaler":{"product_id":43076,"role":"default_wholesaler","pricing_type":"flat","regular_price":null,"sale_price":null,"discount":null,"discount_type":"sale_price","tiered_pricing_type":"fixed","percentage_rules":[],"fixed_rules":{"2":"9.89","30":"8.59","500":"7.69"},"minimum":null},"dropshippinger":{"product_id":43076,"role":"dropshippinger","pricing_type":"flat","regular_price":null,"sale_price":null,"discount":null,"discount_type":"sale_price","tiered_pricing_type":"fixed","percentage_rules":[],"fixed_rules":{"1":"11.69","5":"9.89","30":"7.69"},"minimum":null}},"tiered_pricing_percentage_rules":[],"tiered_pricing_maximum_quantity":null,"tiered_pricing_quantity_step":null,"_links":{"self":[{"href":"https:\/\/gretasexylingerie.com\/sv\/wp-json\/wp\/v2\/product\/43076","targetHints":{"allow":["GET"]}}],"collection":[{"href":"https:\/\/gretasexylingerie.com\/sv\/wp-json\/wp\/v2\/product"}],"about":[{"href":"https:\/\/gretasexylingerie.com\/sv\/wp-json\/wp\/v2\/types\/product"}],"wp:featuredmedia":[{"embeddable":true,"href":"https:\/\/gretasexylingerie.com\/sv\/wp-json\/wp\/v2\/media\/43094"}],"wp:attachment":[{"href":"https:\/\/gretasexylingerie.com\/sv\/wp-json\/wp\/v2\/media?parent=43076"}],"wp:term":[{"taxonomy":"product_brand","embeddable":true,"href":"https:\/\/gretasexylingerie.com\/sv\/wp-json\/wp\/v2\/product_brand?post=43076"},{"taxonomy":"product_cat","embeddable":true,"href":"https:\/\/gretasexylingerie.com\/sv\/wp-json\/wp\/v2\/product_cat?post=43076"},{"taxonomy":"product_tag","embeddable":true,"href":"https:\/\/gretasexylingerie.com\/sv\/wp-json\/wp\/v2\/product_tag?post=43076"}],"curies":[{"name":"wp","href":"https:\/\/api.w.org\/{rel}","templated":true}]}}