{"id":43060,"date":"2023-06-28T22:42:42","date_gmt":"2023-06-28T14:42:42","guid":{"rendered":"https:\/\/gretasexylingerie.com\/?post_type=product&#038;p=43060"},"modified":"2023-12-09T21:19:02","modified_gmt":"2023-12-09T13:19:02","slug":"sexig-blommig-spetsbustier-set-med-strasskedjor","status":"publish","type":"product","link":"https:\/\/gretasexylingerie.com\/sv\/products\/sexy-floral-lace-bustier-set-with-rhinestone-chains\/","title":{"rendered":"Partihandel sexig blommig spets Bustier Set med strass kedjor"},"content":{"rendered":"<ol class=\"wp-block-list\">\n<li>Uts\u00f6kt blomspets: V\u00e5rt Bustier-set med blommiga spetsar har intrikata detaljer som l\u00e4gger till ett distinkt lager av femininitet och elegans. Denna balans mellan lockelse och sofistikering kommer att f\u00e5 dig att sticka ut, oavsett om du planerar en speciell kv\u00e4ll eller bara vill k\u00e4nna dig extraordin\u00e4r.<\/li>\n\n\n\n<li>Skimrande strasskedjor: Det som skiljer v\u00e5r Bustier \u00e5t \u00e4r de dubbla upps\u00e4ttningarna av gnistrande strasskedjor. De lyfter utan anstr\u00e4ngning underkl\u00e4dessetet fr\u00e5n bara vackert till hisnande glamor\u00f6st. Dessa \u00f6mt\u00e5liga kedjor f\u00e5ngar ljuset och l\u00e4gger till ett lager av lyx till din look som kommer att v\u00e4cka uppm\u00e4rksamhet.<\/li>\n\n\n\n<li>Genomskinlig design: Det h\u00e4r underkl\u00e4dersetets genomskinliga natur handlar inte bara om attraktionen \u2013 det handlar om sj\u00e4lvf\u00f6rtroende. Den lockande designen avsl\u00f6jar subtilt och skapar en atmosf\u00e4r av mystik och sofistikering som g\u00f6r det h\u00e4r stycket unikt f\u00e4ngslande.<\/li>\n\n\n\n<li>Justerbar ryggslips: Den justerbara ryggslipsen \u00e4r inte bara ett designelement \u2013 det \u00e4r en funktion som garanterar komfort och en perfekt passform. Flexibiliteten den erbjuder s\u00e4kerst\u00e4ller att du ser fantastisk ut och k\u00e4nner dig bekv\u00e4m och s\u00e4ker. Du kan justera slipsen s\u00e5 att den passar dina \u00f6nskem\u00e5l, vilket g\u00f6r det h\u00e4r setet lika bekv\u00e4mt som det \u00e4r snyggt.<\/li>\n\n\n\n<li>Perfekt f\u00f6r speciella tillf\u00e4llen: Med sina underbara detaljer och eleganta design \u00e4r detta bustier-set inte bara ytterligare ett till\u00e4gg till din underkl\u00e4deskollektion \u2013 det \u00e4r ett evenemang. De blommiga spetsarna, strasskedjorna och den genomskinliga designen g\u00f6r detta set idealiskt f\u00f6r de speciella \u00f6gonblicken n\u00e4r du vill se och k\u00e4nna ditt absolut b\u00e4sta.<\/li>\n\n\n\n<li>H\u00f6gkvalitativa material: Tillverkat av de finaste materialen, detta Bustier-set ser bra ut och k\u00e4nns bra mot huden. Kvaliteten p\u00e5 tyget s\u00e4kerst\u00e4ller h\u00e5llbarhet och livsl\u00e4ngd, vilket g\u00f6r denna plats till ett v\u00e4rdefullt tillskott till din underkl\u00e4deskollektion.<\/li>\n<\/ol>\n\n\n\n<p>Sammanfattningsvis \u00e4r v\u00e5rt sexiga, blommiga Bustier-set med strasskedjor och justerbar slips inte bara ett underkl\u00e4derset \u2013 det \u00e4r ett uttryck f\u00f6r ditt sj\u00e4lvf\u00f6rtroende, lockelse och oklanderliga stil. Med sina unika designelement och h\u00f6gkvalitativa material \u00e4r det den perfekta delen f\u00f6r att f\u00e5 varje dag att k\u00e4nnas speciell.<\/p>\n\n\n\n<figure class=\"wp-block-table is-style-stripes\"><table class=\"has-fixed-layout\"><tbody><tr><td colspan=\"5\">Webbplatsdiagram (CM)<\/td><\/tr><tr><td>Storlek<\/td><td>L\u00e4ngd<\/td><td>\u00d6vre byst<\/td><td>Nedre byst<\/td><td>Midjelinje<\/td><\/tr><tr><td>S<\/td><td>40<\/td><td>66-88<\/td><td>64-96<\/td><td>64-96<\/td><\/tr><tr><td>M<\/td><td>41<\/td><td>70-92<\/td><td>68-100<\/td><td>68-100<\/td><\/tr><tr><td>L<\/td><td>42<\/td><td>74-96<\/td><td>72-104<\/td><td>72-104<\/td><\/tr><tr><td colspan=\"5\">Webbplatsdiagram (INCH)<\/td><\/tr><tr><td>Storlek<\/td><td>L\u00e4ngd<\/td><td>\u00d6vre byst<\/td><td>Nedre byst<\/td><td>midjelinje<\/td><\/tr><tr><td>S<\/td><td>15.75<\/td><td>25.98-34.65<\/td><td>25.20-37.80<\/td><td>25.20-37.80<\/td><\/tr><tr><td>M<\/td><td>16.14<\/td><td>27.56-36.22<\/td><td>26.77-39.37<\/td><td>26.77-39.37<\/td><\/tr><tr><td>L<\/td><td>16.54<\/td><td>29.13-37.80<\/td><td>28.35-40.94<\/td><td>28.35-40.94<\/td><\/tr><\/tbody><\/table><\/figure>","protected":false},"excerpt":{"rendered":"<p>Upplev symbolen f\u00f6r f\u00f6rf\u00f6risk lyx med v\u00e5rt sexiga blommiga Bustier Set. Setets skira, genomskinliga design, prydd med dubbla strasskedjor och en flexibel bakslips, s\u00e4kerst\u00e4ller att du ser s\u00e5 fantastisk ut som du k\u00e4nner dig.<\/p>","protected":false},"featured_media":43067,"template":"","meta":[],"product_brand":[],"product_cat":[387,389,367],"product_tag":[448,516,973,446,880,864,865,504],"class_list":{"0":"post-43060","1":"product","2":"type-product","3":"status-publish","4":"has-post-thumbnail","6":"product_cat-wholesale-bustier-bra-set","7":"product_cat-wholesale-lace-bustier","8":"product_cat-sexy-lingerie","9":"product_tag-wholesale-elegant-sexy-lingerie","10":"product_tag-lace-lingerie","11":"product_tag-oem","12":"product_tag-wholesale-sexy-see-through-lingerie","13":"product_tag-sexy-2-piece-lingerie","14":"product_tag-sexy-petite-lingerie","15":"product_tag-sexy-skimpy-lingerie","16":"product_tag-ultra-sexy","17":"pa_color-black","18":"pa_size-wholesale-large-size-women-sexy-lingerie","19":"pa_size-wholesale-medium-size-women-sexy-lingerie","20":"pa_size-wholesale-small-size-sexy-lingerie","22":"first","23":"outofstock","24":"taxable","25":"shipping-taxable","26":"purchasable","27":"product-type-variable"},"tiered_pricing_type":"fixed","tiered_pricing_fixed_rules":[],"tiered_pricing_product_settings":{"layout":"default","base_unit_name":{"singular":null,"plural":null},"default_variation":null},"tiered_pricing_minimum_quantity":null,"tiered_pricing_roles_data":{"default_wholesaler":{"product_id":43060,"role":"default_wholesaler","pricing_type":"flat","regular_price":null,"sale_price":null,"discount":null,"discount_type":"sale_price","tiered_pricing_type":"fixed","percentage_rules":[],"fixed_rules":{"2":"9.99","30":"8.49","500":"7.49"},"minimum":null},"dropshippinger":{"product_id":43060,"role":"dropshippinger","pricing_type":"flat","regular_price":null,"sale_price":null,"discount":null,"discount_type":"sale_price","tiered_pricing_type":"fixed","percentage_rules":[],"fixed_rules":{"1":"11.89","5":"9.99","30":"7.49"},"minimum":null}},"tiered_pricing_percentage_rules":[],"tiered_pricing_maximum_quantity":null,"tiered_pricing_quantity_step":null,"_links":{"self":[{"href":"https:\/\/gretasexylingerie.com\/sv\/wp-json\/wp\/v2\/product\/43060","targetHints":{"allow":["GET"]}}],"collection":[{"href":"https:\/\/gretasexylingerie.com\/sv\/wp-json\/wp\/v2\/product"}],"about":[{"href":"https:\/\/gretasexylingerie.com\/sv\/wp-json\/wp\/v2\/types\/product"}],"wp:featuredmedia":[{"embeddable":true,"href":"https:\/\/gretasexylingerie.com\/sv\/wp-json\/wp\/v2\/media\/43067"}],"wp:attachment":[{"href":"https:\/\/gretasexylingerie.com\/sv\/wp-json\/wp\/v2\/media?parent=43060"}],"wp:term":[{"taxonomy":"product_brand","embeddable":true,"href":"https:\/\/gretasexylingerie.com\/sv\/wp-json\/wp\/v2\/product_brand?post=43060"},{"taxonomy":"product_cat","embeddable":true,"href":"https:\/\/gretasexylingerie.com\/sv\/wp-json\/wp\/v2\/product_cat?post=43060"},{"taxonomy":"product_tag","embeddable":true,"href":"https:\/\/gretasexylingerie.com\/sv\/wp-json\/wp\/v2\/product_tag?post=43060"}],"curies":[{"name":"wp","href":"https:\/\/api.w.org\/{rel}","templated":true}]}}