{"id":43021,"date":"2023-06-27T21:31:57","date_gmt":"2023-06-27T13:31:57","guid":{"rendered":"https:\/\/gretasexylingerie.com\/?post_type=product&#038;p=43021"},"modified":"2023-12-09T19:26:50","modified_gmt":"2023-12-09T11:26:50","slug":"genomskinlig-bh-byxa-med-tre-lager-vavt-balte","status":"publish","type":"product","link":"https:\/\/gretasexylingerie.com\/sv\/products\/see-through-bra-panty-set-with-triple-layered-woven-belt\/","title":{"rendered":"Genomskinlig beh\u00e5 och trosset i grossistledet med v\u00e4vt b\u00e4lte i tre lager"},"content":{"rendered":"<ol class=\"wp-block-list\">\n<li>Dj\u00e4rv design: Det v\u00e5gade genomskinliga, ih\u00e5liga meshtyget tillf\u00f6r ett inslag av intriger och dj\u00e4rvhet till din underkl\u00e4deskollektion.<\/li>\n\n\n\n<li>Unikt v\u00e4vt b\u00e4lte: B\u00e4ltet, som best\u00e5r av tre lager breda v\u00e4vda fickremmar, ger en distinkt touch till detta fantastiska set.<\/li>\n\n\n\n<li>Central metallring: Den stora metallringen i mitten av b\u00e4ltet ger en modern touch till den \u00f6vergripande designen, vilket f\u00f6rst\u00e4rker setets dj\u00e4rva estetik.<\/li>\n\n\n\n<li>Komfort och stil: Tillverkad med din komfort i \u00e5tanke, detta set kompromissar inte med stilen, vilket s\u00e4kerst\u00e4ller att du k\u00e4nner dig s\u00e4ker och bekv\u00e4m.<\/li>\n\n\n\n<li>Perfekt f\u00f6r alla tillf\u00e4llen: Detta set \u00e4r m\u00e5ngsidigt och chic, perfekt f\u00f6r speciella tillf\u00e4llen eller f\u00f6r att lyfta din vardagliga underkl\u00e4deskollektion.<\/li>\n<\/ol>\n\n\n\n<p>Sammanfattningsvis, v\u00e5rt genomskinliga BH- och trosset med trelagers v\u00e4vt b\u00e4lte och central metallring balanserar perfekt design och komfort. Dess unika element s\u00e4kerst\u00e4ller att den sticker ut i alla underkl\u00e4deskollektioner.<\/p>\n\n\n\n<figure class=\"wp-block-table is-style-stripes\"><table class=\"has-fixed-layout\"><tbody><tr><td colspan=\"5\">Webbplatsdiagram (CM)<\/td><\/tr><tr><td>Storlek<\/td><td>L\u00e4ngd<\/td><td>\u00d6vre byst<\/td><td>Nedre byst<\/td><td>Midjelinje<\/td><\/tr><tr><td>S<\/td><td>31<\/td><td>68-88<\/td><td>66-88<\/td><td>66-92<\/td><\/tr><tr><td>M<\/td><td>32<\/td><td>72-92<\/td><td>70-92<\/td><td>70-96<\/td><\/tr><tr><td>L<\/td><td>33<\/td><td>76-96<\/td><td>74-96<\/td><td>74-100<\/td><\/tr><tr><td colspan=\"5\">Webbplatsdiagram (INCH)<\/td><\/tr><tr><td>Storlek<\/td><td>L\u00e4ngd<\/td><td>\u00d6vre byst<\/td><td>Nedre byst<\/td><td>midjelinje<\/td><\/tr><tr><td>S<\/td><td>12.2<\/td><td>26.77-34.65<\/td><td>25.98-34.65<\/td><td>25.98-36.22<\/td><\/tr><tr><td>M<\/td><td>12.6<\/td><td>28.35-36.22<\/td><td>27.56-36.22<\/td><td>27.56-37.80<\/td><\/tr><tr><td>L<\/td><td>12.99<\/td><td>29.92-37.80<\/td><td>29.13-37.80<\/td><td>29.13-39.37<\/td><\/tr><\/tbody><\/table><\/figure>","protected":false},"excerpt":{"rendered":"<p>Omfamna det dj\u00e4rva och vackra med v\u00e5rt genomskinliga bh- och trosset. Med ih\u00e5ligt meshtyg och ett unikt trelagers v\u00e4vt b\u00e4lte med en central metallring, \u00e4r detta set ett uttalande av v\u00e5gad elegans.<\/p>\n<p>https:\/\/youtu.be\/zAh9j_P9vgg<\/p>","protected":false},"featured_media":43037,"template":"","meta":[],"product_brand":[],"product_cat":[368,367,375],"product_tag":[507,861,518,973,446,447],"class_list":{"0":"post-43021","1":"product","2":"type-product","3":"status-publish","4":"has-post-thumbnail","6":"product_cat-bra-panty-set","7":"product_cat-sexy-lingerie","8":"product_cat-whoelsale-sheer-bra-and-panty-sets","9":"product_tag-three-pcs-set","10":"product_tag-brunette-lingerie","11":"product_tag-mesh-lingerie","12":"product_tag-oem","13":"product_tag-wholesale-sexy-see-through-lingerie","14":"product_tag-wholesale-strappy-sexy-lingerie","15":"pa_color-black","16":"pa_size-wholesale-large-size-women-sexy-lingerie","17":"pa_size-wholesale-medium-size-women-sexy-lingerie","18":"pa_size-wholesale-small-size-sexy-lingerie","20":"first","21":"outofstock","22":"taxable","23":"shipping-taxable","24":"purchasable","25":"product-type-variable"},"tiered_pricing_type":"fixed","tiered_pricing_fixed_rules":[],"tiered_pricing_product_settings":{"layout":"default","base_unit_name":{"singular":null,"plural":null},"default_variation":{}},"tiered_pricing_minimum_quantity":null,"tiered_pricing_roles_data":{"default_wholesaler":{"product_id":43021,"role":"default_wholesaler","pricing_type":"flat","regular_price":null,"sale_price":null,"discount":null,"discount_type":"sale_price","tiered_pricing_type":"fixed","percentage_rules":[],"fixed_rules":{"2":"9.39","30":"8.09","500":"7.09"},"minimum":null},"dropshippinger":{"product_id":43021,"role":"dropshippinger","pricing_type":"flat","regular_price":null,"sale_price":null,"discount":null,"discount_type":"sale_price","tiered_pricing_type":"fixed","percentage_rules":[],"fixed_rules":{"1":"11.29","5":"9.39","30":"8.09"},"minimum":null}},"tiered_pricing_percentage_rules":[],"tiered_pricing_maximum_quantity":null,"tiered_pricing_quantity_step":null,"_links":{"self":[{"href":"https:\/\/gretasexylingerie.com\/sv\/wp-json\/wp\/v2\/product\/43021","targetHints":{"allow":["GET"]}}],"collection":[{"href":"https:\/\/gretasexylingerie.com\/sv\/wp-json\/wp\/v2\/product"}],"about":[{"href":"https:\/\/gretasexylingerie.com\/sv\/wp-json\/wp\/v2\/types\/product"}],"wp:featuredmedia":[{"embeddable":true,"href":"https:\/\/gretasexylingerie.com\/sv\/wp-json\/wp\/v2\/media\/43037"}],"wp:attachment":[{"href":"https:\/\/gretasexylingerie.com\/sv\/wp-json\/wp\/v2\/media?parent=43021"}],"wp:term":[{"taxonomy":"product_brand","embeddable":true,"href":"https:\/\/gretasexylingerie.com\/sv\/wp-json\/wp\/v2\/product_brand?post=43021"},{"taxonomy":"product_cat","embeddable":true,"href":"https:\/\/gretasexylingerie.com\/sv\/wp-json\/wp\/v2\/product_cat?post=43021"},{"taxonomy":"product_tag","embeddable":true,"href":"https:\/\/gretasexylingerie.com\/sv\/wp-json\/wp\/v2\/product_tag?post=43021"}],"curies":[{"name":"wp","href":"https:\/\/api.w.org\/{rel}","templated":true}]}}