{"id":42975,"date":"2023-06-26T23:08:22","date_gmt":"2023-06-26T15:08:22","guid":{"rendered":"https:\/\/gretasexylingerie.com\/?post_type=product&#038;p=42975"},"modified":"2023-12-09T19:25:13","modified_gmt":"2023-12-09T11:25:13","slug":"skirt-blatt-spets-bh-set-med-guld-flatade-band","status":"publish","type":"product","link":"https:\/\/gretasexylingerie.com\/sv\/products\/sheer-blue-lace-bra-set-with-gold-braided-straps\/","title":{"rendered":"Partihandel Sheer Blue Lace BH Set med guldfl\u00e4tade remmar"},"content":{"rendered":"<ol class=\"wp-block-list\">\n<li>Lyxig design: Den skira spetsen, i kombination med de fl\u00e4tade guldremmarna, utstr\u00e5lar en lyxig k\u00e4nsla, vilket g\u00f6r detta set till ett h\u00e4rligt tillskott till din underkl\u00e4deskollektion.<\/li>\n\n\n\n<li>F\u00e4ngslande f\u00e4rg: Den lockande bl\u00e5 nyansen i detta set l\u00e4gger till ett extra lager av sofistikering och charm till den \u00f6vergripande designen.<\/li>\n\n\n\n<li>Unika band med tre niv\u00e5er: Den innovativa midjebandsdesignen i tre niv\u00e5er \u00e4r inte bara snygg utan s\u00e4kerst\u00e4ller ocks\u00e5 en bekv\u00e4m och \u00e5tsittande passform.<\/li>\n\n\n\n<li>Sexig benring: Den medf\u00f6ljande benringen lyfter upp setets sensualitet och lovar en unik och v\u00e5gad underkl\u00e4desupplevelse.<\/li>\n\n\n\n<li>Perfekt f\u00f6r speciella tillf\u00e4llen: Med sina premiumfunktioner och uppm\u00e4rksamhet p\u00e5 detaljer \u00e4r detta set ett perfekt val f\u00f6r att skapa minnesv\u00e4rda \u00f6gonblick.<\/li>\n<\/ol>\n\n\n\n<p>Sammanfattningsvis \u00e4r v\u00e5rt bh-set med skira bl\u00e5 spets med guldfl\u00e4tade remmar och band med tre niv\u00e5er en perfekt blandning av elegans, komfort och stil. Dess distinkta element och lyxiga design g\u00f6r det till ett idealiskt val f\u00f6r dem som vill lyfta sitt underkl\u00e4derspel.<\/p>\n\n\n\n<figure class=\"wp-block-table is-style-stripes\"><table class=\"has-fixed-layout\"><tbody><tr><td colspan=\"5\">Webbplatsdiagram (CM)<\/td><\/tr><tr><td>Storlek<\/td><td>L\u00e4ngd<\/td><td>\u00d6vre byst<\/td><td>Nedre byst<\/td><td>Midjelinje<\/td><\/tr><tr><td>S<\/td><td>21<\/td><td>68-88<\/td><td>67-88<\/td><td>68-96<\/td><\/tr><tr><td>M<\/td><td>22<\/td><td>72-92<\/td><td>71-92<\/td><td>72-100<\/td><\/tr><tr><td>L<\/td><td>23<\/td><td>76-96<\/td><td>75-96<\/td><td>76-104<\/td><\/tr><tr><td colspan=\"5\">Webbplatsdiagram (INCH)<\/td><\/tr><tr><td>Storlek<\/td><td>L\u00e4ngd<\/td><td>\u00d6vre byst<\/td><td>Nedre byst<\/td><td>midjelinje<\/td><\/tr><tr><td>S<\/td><td>8.27<\/td><td>26.77-34.65<\/td><td>26.38-34.65<\/td><td>26.77-37.80<\/td><\/tr><tr><td>M<\/td><td>8.66<\/td><td>28.35-36.22<\/td><td>27.95-36.22<\/td><td>28.35-39.37<\/td><\/tr><tr><td>L<\/td><td>9.06<\/td><td>29.92-37.80<\/td><td>29.53-37.80<\/td><td>29.92-40.94<\/td><\/tr><\/tbody><\/table><\/figure>","protected":false},"excerpt":{"rendered":"<p>Uppt\u00e4ck en perfekt blandning av elegans och stil med v\u00e5rt Sheer Blue Lace Bra Set. Det h\u00e4r setet \u00e4r detaljerat med guldfl\u00e4tade remmar, ett midjeband i tre niv\u00e5er och en benring och omdefinierar lyx i underkl\u00e4der.<\/p>","protected":false},"featured_media":42985,"template":"","meta":[],"product_brand":[],"product_cat":[368,369,367],"product_tag":[507,516,973,446,453,864,865],"class_list":{"0":"post-42975","1":"product","2":"type-product","3":"status-publish","4":"has-post-thumbnail","6":"product_cat-bra-panty-set","7":"product_cat-wholesale-lace-bra-and-panty-sets","8":"product_cat-sexy-lingerie","9":"product_tag-three-pcs-set","10":"product_tag-lace-lingerie","11":"product_tag-oem","12":"product_tag-wholesale-sexy-see-through-lingerie","13":"product_tag-wholesale-sexy-naughty-lingerie","14":"product_tag-sexy-petite-lingerie","15":"product_tag-sexy-skimpy-lingerie","16":"pa_color-light-blue-women-sexy-lingerie","17":"pa_size-wholesale-large-size-women-sexy-lingerie","18":"pa_size-wholesale-medium-size-women-sexy-lingerie","19":"pa_size-wholesale-small-size-sexy-lingerie","21":"first","22":"outofstock","23":"taxable","24":"shipping-taxable","25":"purchasable","26":"product-type-variable"},"tiered_pricing_type":"fixed","tiered_pricing_fixed_rules":[],"tiered_pricing_product_settings":{"layout":"default","base_unit_name":{"singular":null,"plural":null},"default_variation":null},"tiered_pricing_minimum_quantity":null,"tiered_pricing_roles_data":{"default_wholesaler":{"product_id":42975,"role":"default_wholesaler","pricing_type":"flat","regular_price":null,"sale_price":null,"discount":null,"discount_type":"sale_price","tiered_pricing_type":"fixed","percentage_rules":[],"fixed_rules":{"2":"9.99","30":"8.49","500":"7.49"},"minimum":null},"dropshippinger":{"product_id":42975,"role":"dropshippinger","pricing_type":"flat","regular_price":null,"sale_price":null,"discount":null,"discount_type":"sale_price","tiered_pricing_type":"fixed","percentage_rules":[],"fixed_rules":{"1":"11.89","5":"9.99","30":"8.49"},"minimum":null}},"tiered_pricing_percentage_rules":[],"tiered_pricing_maximum_quantity":null,"tiered_pricing_quantity_step":null,"_links":{"self":[{"href":"https:\/\/gretasexylingerie.com\/sv\/wp-json\/wp\/v2\/product\/42975","targetHints":{"allow":["GET"]}}],"collection":[{"href":"https:\/\/gretasexylingerie.com\/sv\/wp-json\/wp\/v2\/product"}],"about":[{"href":"https:\/\/gretasexylingerie.com\/sv\/wp-json\/wp\/v2\/types\/product"}],"wp:featuredmedia":[{"embeddable":true,"href":"https:\/\/gretasexylingerie.com\/sv\/wp-json\/wp\/v2\/media\/42985"}],"wp:attachment":[{"href":"https:\/\/gretasexylingerie.com\/sv\/wp-json\/wp\/v2\/media?parent=42975"}],"wp:term":[{"taxonomy":"product_brand","embeddable":true,"href":"https:\/\/gretasexylingerie.com\/sv\/wp-json\/wp\/v2\/product_brand?post=42975"},{"taxonomy":"product_cat","embeddable":true,"href":"https:\/\/gretasexylingerie.com\/sv\/wp-json\/wp\/v2\/product_cat?post=42975"},{"taxonomy":"product_tag","embeddable":true,"href":"https:\/\/gretasexylingerie.com\/sv\/wp-json\/wp\/v2\/product_tag?post=42975"}],"curies":[{"name":"wp","href":"https:\/\/api.w.org\/{rel}","templated":true}]}}