{"id":42940,"date":"2023-06-26T21:55:33","date_gmt":"2023-06-26T13:55:33","guid":{"rendered":"https:\/\/gretasexylingerie.com\/?post_type=product&#038;p=42940"},"modified":"2023-09-05T20:56:27","modified_gmt":"2023-09-05T12:56:27","slug":"bodysuit-i-mesh-med-en-axel-och-lang-arm","status":"publish","type":"product","link":"https:\/\/gretasexylingerie.com\/sv\/products\/one-shoulder-mesh-bodysuit-with-long-sleeve\/","title":{"rendered":"Bodysuit i n\u00e4t med en axel med l\u00e5ng \u00e4rm"},"content":{"rendered":"<ol class=\"wp-block-list\">\n<li>Modern stil: Designen med en axel s\u00e4tter en modern snurr p\u00e5 den traditionella bodyn och erbjuder en unik estetisk tilltalande.<\/li>\n\n\n\n<li>F\u00f6rf\u00f6risk genomskinlighet: Det genomskinliga meshmaterialet ger en lockande kant och ger r\u00e4tt retas.<\/li>\n\n\n\n<li>Single Long Sleeve: Den enda l\u00e5nga \u00e4rmen ger en touch av elegans och g\u00f6r denna bodysuit m\u00e5ngsidig f\u00f6r inomhus- och utomhusbruk.<\/li>\n\n\n\n<li>Sexig stringtrosdesign: Stringsbandets grendesign l\u00e4gger till ett fr\u00e4sande element till kroppen, vilket s\u00e4kerst\u00e4ller att du ser oemotst\u00e5ndlig ut.<\/li>\n\n\n\n<li>Perfekt f\u00f6r olika tillf\u00e4llen: Oavsett om det \u00e4r en privat aff\u00e4r eller en utekv\u00e4ll, har denna sexiga bodysuit dig t\u00e4ckt.<\/li>\n<\/ol>\n\n\n\n<p>Sammanfattningsvis \u00e4r v\u00e5r One-Shoulder Mesh Body med l\u00e5ng\u00e4rmad och stringdesign den perfekta blandningen av modern stil och klassisk f\u00f6rf\u00f6relse. Dess unika egenskaper och m\u00e5ngsidighet g\u00f6r den till ett oemotst\u00e5ndligt val f\u00f6r olika tillf\u00e4llen.<\/p>\n\n\n\n<figure class=\"wp-block-table is-style-stripes\"><table class=\"has-fixed-layout\"><tbody><tr><td colspan=\"5\">Webbplatsdiagram (CM)<\/td><\/tr><tr><td>Storlek<\/td><td>L\u00e4ngd<\/td><td>\u00d6vre byst<\/td><td>Nedre byst<\/td><td>Midjelinje<\/td><\/tr><tr><td>S<\/td><td>65<\/td><td>62-88<\/td><td>60-88<\/td><td>60-96<\/td><\/tr><tr><td>M<\/td><td>66<\/td><td>66-92<\/td><td>64-92<\/td><td>64-100<\/td><\/tr><tr><td>L<\/td><td>67<\/td><td>70-96<\/td><td>68-96<\/td><td>68-104<\/td><\/tr><tr><td colspan=\"5\">Webbplatsdiagram (INCH)<\/td><\/tr><tr><td>Storlek<\/td><td>L\u00e4ngd<\/td><td>\u00d6vre byst<\/td><td>Nedre byst<\/td><td>midjelinje<\/td><\/tr><tr><td>S<\/td><td>25.59<\/td><td>24.41-34.65<\/td><td>23.62-34.65<\/td><td>23.62-37.80<\/td><\/tr><tr><td>M<\/td><td>25.98<\/td><td>25.98-36.22<\/td><td>25.20-36.22<\/td><td>25.20-39.37<\/td><\/tr><tr><td>L<\/td><td>26.38<\/td><td>27.56-37.80<\/td><td>26.77-37.80<\/td><td>26.77-40.94<\/td><\/tr><\/tbody><\/table><\/figure>","protected":false},"excerpt":{"rendered":"<p>V\u00e5r One-Soulder Mesh Body har en modern twist p\u00e5 klassiska underkl\u00e4der. Detta genomskinliga plagg, komplett med en l\u00e5ng \u00e4rm p\u00e5 ena sidan och en sexig stringtrosa, erbjuder en unik blandning av f\u00f6rf\u00f6relse och sofistikering.<\/p>","protected":false},"featured_media":42949,"template":"","meta":[],"product_brand":[],"product_cat":[370,367,372,373],"product_tag":[452,518,446,864,863],"class_list":{"0":"post-42940","1":"product","2":"type-product","3":"status-publish","4":"has-post-thumbnail","6":"product_cat-bodysuit","7":"product_cat-sexy-lingerie","8":"product_cat-wholesale-sexy-long-sleeve-bodysuit","9":"product_cat-wholesale-sexy-mesh-bodysuit","10":"product_tag-wholesale-boudoir-lingerie","11":"product_tag-mesh-lingerie","12":"product_tag-wholesale-sexy-see-through-lingerie","13":"product_tag-sexy-petite-lingerie","14":"product_tag-sexy-thong-lingerie","15":"pa_color-black","16":"pa_size-wholesale-large-size-women-sexy-lingerie","17":"pa_size-wholesale-medium-size-women-sexy-lingerie","18":"pa_size-wholesale-small-size-sexy-lingerie","20":"first","21":"instock","22":"taxable","23":"shipping-taxable","24":"purchasable","25":"product-type-variable"},"tiered_pricing_type":"fixed","tiered_pricing_fixed_rules":[],"tiered_pricing_product_settings":{"layout":"default","base_unit_name":{"singular":null,"plural":null},"default_variation":null},"tiered_pricing_minimum_quantity":null,"tiered_pricing_roles_data":{"default_wholesaler":{"product_id":42940,"role":"default_wholesaler","pricing_type":"flat","regular_price":null,"sale_price":null,"discount":null,"discount_type":"sale_price","tiered_pricing_type":"fixed","percentage_rules":[],"fixed_rules":{"2":"8.39","30":"7.19","500":"6.29"},"minimum":null},"dropshippinger":{"product_id":42940,"role":"dropshippinger","pricing_type":"flat","regular_price":null,"sale_price":null,"discount":null,"discount_type":"sale_price","tiered_pricing_type":"fixed","percentage_rules":[],"fixed_rules":{"1":"9.99","5":"8.35","30":"7.19"},"minimum":null}},"tiered_pricing_percentage_rules":[],"tiered_pricing_maximum_quantity":null,"tiered_pricing_quantity_step":null,"_links":{"self":[{"href":"https:\/\/gretasexylingerie.com\/sv\/wp-json\/wp\/v2\/product\/42940","targetHints":{"allow":["GET"]}}],"collection":[{"href":"https:\/\/gretasexylingerie.com\/sv\/wp-json\/wp\/v2\/product"}],"about":[{"href":"https:\/\/gretasexylingerie.com\/sv\/wp-json\/wp\/v2\/types\/product"}],"wp:featuredmedia":[{"embeddable":true,"href":"https:\/\/gretasexylingerie.com\/sv\/wp-json\/wp\/v2\/media\/42949"}],"wp:attachment":[{"href":"https:\/\/gretasexylingerie.com\/sv\/wp-json\/wp\/v2\/media?parent=42940"}],"wp:term":[{"taxonomy":"product_brand","embeddable":true,"href":"https:\/\/gretasexylingerie.com\/sv\/wp-json\/wp\/v2\/product_brand?post=42940"},{"taxonomy":"product_cat","embeddable":true,"href":"https:\/\/gretasexylingerie.com\/sv\/wp-json\/wp\/v2\/product_cat?post=42940"},{"taxonomy":"product_tag","embeddable":true,"href":"https:\/\/gretasexylingerie.com\/sv\/wp-json\/wp\/v2\/product_tag?post=42940"}],"curies":[{"name":"wp","href":"https:\/\/api.w.org\/{rel}","templated":true}]}}