{"id":42923,"date":"2023-06-26T21:28:12","date_gmt":"2023-06-26T13:28:12","guid":{"rendered":"https:\/\/gretasexylingerie.com\/?post_type=product&#038;p=42923"},"modified":"2023-09-05T20:56:24","modified_gmt":"2023-09-05T12:56:24","slug":"svart-mesh-body-med-oppen-rygg","status":"publish","type":"product","link":"https:\/\/gretasexylingerie.com\/sv\/products\/black-mesh-bodysuit-with-open-back\/","title":{"rendered":"Black Mesh Body med \u00f6ppen rygg"},"content":{"rendered":"<ol class=\"wp-block-list\">\n<li>V\u00e5gad design: Den genomskinliga karakt\u00e4ren hos denna svarta mesh-body ger en \u00e4ventyrlig kant till din underkl\u00e4deskollektion.<\/li>\n\n\n\n<li>\u00d6ppen ryggfunktion: Designen med \u00f6ppen rygg ger en klick dramatik och h\u00e5ller dig sval, vilket g\u00f6r den perfekt f\u00f6r de d\u00e4r speciella kv\u00e4llarna.<\/li>\n\n\n\n<li>Strategiskt br\u00f6stst\u00f6d: Bodyn har unika br\u00f6stsp\u00e4nnande remmar, som s\u00e4kerst\u00e4ller en smickrande passform samtidigt som den l\u00e4gger till ett extra stilelement.<\/li>\n\n\n\n<li>Optimal komfort: Denna bodysuit \u00e4r gjord med ventilerande mesh och prioriterar din komfort utan att ge avkall p\u00e5 stil.<\/li>\n\n\n\n<li>Idealisk f\u00f6r speciella tillf\u00e4llen: Med sin sensuella design och st\u00f6djande struktur \u00e4r detta plagg idealiskt f\u00f6r stunder n\u00e4r du vill k\u00e4nna dig extra sj\u00e4lvs\u00e4ker och chic.<\/li>\n<\/ol>\n\n\n\n<p>Sammanfattningsvis \u00e4r Black Mesh Bodysuit med \u00f6ppen rygg och br\u00f6stsp\u00e4nnande remmar ett v\u00e5gat, sensuellt komplement till din underkl\u00e4derrepertoar. Dess unika egenskaper och fokus p\u00e5 komfort g\u00f6r den till en enast\u00e5ende pj\u00e4s f\u00f6r de speciella tillf\u00e4llen d\u00e5 vanligt inte duger.<\/p>\n\n\n\n<figure class=\"wp-block-table is-style-stripes\"><table class=\"has-fixed-layout\"><tbody><tr><td colspan=\"4\">Webbplatsdiagram (CM)<\/td><\/tr><tr><td>Storlek<\/td><td>L\u00e4ngd<\/td><td>\u00d6vre byst<\/td><td>Nedre byst<\/td><\/tr><tr><td>S<\/td><td>58<\/td><td>68-88<\/td><td>57-88<\/td><\/tr><tr><td>M<\/td><td>62<\/td><td>72-92<\/td><td>61-92<\/td><\/tr><tr><td>L<\/td><td>66<\/td><td>76-96<\/td><td>65-96<\/td><\/tr><tr><td colspan=\"4\">Webbplatsdiagram (INCH)<\/td><\/tr><tr><td>Storlek<\/td><td>L\u00e4ngd<\/td><td>\u00d6vre byst<\/td><td>Nedre byst<\/td><\/tr><tr><td>S<\/td><td>22.83<\/td><td>26.77-34.65<\/td><td>22.44-34.65<\/td><\/tr><tr><td>M<\/td><td>24.41<\/td><td>28.35-36.22<\/td><td>24.02-36.22<\/td><\/tr><tr><td>L<\/td><td>25.98<\/td><td>29.92-37.80<\/td><td>25.59-37.80<\/td><\/tr><\/tbody><\/table><\/figure>","protected":false},"excerpt":{"rendered":"<p>Lyft ditt underkl\u00e4derspel med v\u00e5r Black Mesh Bodysuit. Med en \u00f6ppen rygg och strategiska br\u00f6stsp\u00e4nnande remmar, f\u00f6renar denna delikata del stil och komfort s\u00f6ml\u00f6st.<\/p>","protected":false},"featured_media":42933,"template":"","meta":[],"product_brand":[],"product_cat":[370,367,373],"product_tag":[452,861,518,446,864,863],"class_list":{"0":"post-42923","1":"product","2":"type-product","3":"status-publish","4":"has-post-thumbnail","6":"product_cat-bodysuit","7":"product_cat-sexy-lingerie","8":"product_cat-wholesale-sexy-mesh-bodysuit","9":"product_tag-wholesale-boudoir-lingerie","10":"product_tag-brunette-lingerie","11":"product_tag-mesh-lingerie","12":"product_tag-wholesale-sexy-see-through-lingerie","13":"product_tag-sexy-petite-lingerie","14":"product_tag-sexy-thong-lingerie","15":"pa_color-black","16":"pa_size-wholesale-large-size-women-sexy-lingerie","17":"pa_size-wholesale-medium-size-women-sexy-lingerie","18":"pa_size-wholesale-small-size-sexy-lingerie","20":"first","21":"instock","22":"taxable","23":"shipping-taxable","24":"purchasable","25":"product-type-variable"},"tiered_pricing_type":"fixed","tiered_pricing_fixed_rules":[],"tiered_pricing_product_settings":{"layout":"default","base_unit_name":{"singular":null,"plural":null},"default_variation":null},"tiered_pricing_minimum_quantity":null,"tiered_pricing_roles_data":{"default_wholesaler":{"product_id":42923,"role":"default_wholesaler","pricing_type":"flat","regular_price":null,"sale_price":null,"discount":null,"discount_type":"sale_price","tiered_pricing_type":"fixed","percentage_rules":[],"fixed_rules":{"2":"8.89","30":"7.59","500":"6.69"},"minimum":null},"dropshippinger":{"product_id":42923,"role":"dropshippinger","pricing_type":"flat","regular_price":null,"sale_price":null,"discount":null,"discount_type":"sale_price","tiered_pricing_type":"fixed","percentage_rules":[],"fixed_rules":{"1":"10.69","5":"8.89","30":"7.59"},"minimum":null}},"tiered_pricing_percentage_rules":[],"tiered_pricing_maximum_quantity":null,"tiered_pricing_quantity_step":null,"_links":{"self":[{"href":"https:\/\/gretasexylingerie.com\/sv\/wp-json\/wp\/v2\/product\/42923","targetHints":{"allow":["GET"]}}],"collection":[{"href":"https:\/\/gretasexylingerie.com\/sv\/wp-json\/wp\/v2\/product"}],"about":[{"href":"https:\/\/gretasexylingerie.com\/sv\/wp-json\/wp\/v2\/types\/product"}],"wp:featuredmedia":[{"embeddable":true,"href":"https:\/\/gretasexylingerie.com\/sv\/wp-json\/wp\/v2\/media\/42933"}],"wp:attachment":[{"href":"https:\/\/gretasexylingerie.com\/sv\/wp-json\/wp\/v2\/media?parent=42923"}],"wp:term":[{"taxonomy":"product_brand","embeddable":true,"href":"https:\/\/gretasexylingerie.com\/sv\/wp-json\/wp\/v2\/product_brand?post=42923"},{"taxonomy":"product_cat","embeddable":true,"href":"https:\/\/gretasexylingerie.com\/sv\/wp-json\/wp\/v2\/product_cat?post=42923"},{"taxonomy":"product_tag","embeddable":true,"href":"https:\/\/gretasexylingerie.com\/sv\/wp-json\/wp\/v2\/product_tag?post=42923"}],"curies":[{"name":"wp","href":"https:\/\/api.w.org\/{rel}","templated":true}]}}