{"id":42891,"date":"2023-06-25T23:25:47","date_gmt":"2023-06-25T15:25:47","guid":{"rendered":"https:\/\/gretasexylingerie.com\/?post_type=product&#038;p=42891"},"modified":"2024-04-04T13:52:33","modified_gmt":"2024-04-04T05:52:33","slug":"3-delat-set-svart-mesh-halterneck-bh-med-hoftoverdrag-strumpeband","status":"publish","type":"product","link":"https:\/\/gretasexylingerie.com\/sv\/products\/3-piece-set-black-mesh-halterneck-bra-with-hip-cover-garters\/","title":{"rendered":"3-delat set svart mesh Halterneck-bh med h\u00f6ft\u00f6verdrag strumpeband"},"content":{"rendered":"<ol class=\"wp-block-list\">\n<li>Wow-faktorn: Halterneck-bh:n med flera remmar \u00e4r ett statement. Allt handlar om att v\u00e5ga vara annorlunda.<\/li>\n\n\n\n<li>Avsl\u00f6ja tjusningen: De h\u00f6ft-t\u00e4ckande mesh strumpebanden ger en touch av intriger, kompletterar bh:n och f\u00f6rst\u00e4rker din naturliga tjusning.<\/li>\n\n\n\n<li>Of\u00f6rl\u00e5tande trendigt: Det h\u00e4r setet \u00e4r inte bara p\u00e5 modet; det \u00e4r en trends\u00e4ttare. Det \u00e4r f\u00f6r dem som leder, inte f\u00f6ljer.<\/li>\n\n\n\n<li>Komfort i stil: Det h\u00e4r setet handlar om att g\u00f6ra ett dj\u00e4rvt uttalande, men vi kommer fortfarande ih\u00e5g komfort. Det mjuka meshtyget s\u00e4kerst\u00e4ller en bekv\u00e4m passform.<\/li>\n\n\n\n<li>Perfekt f\u00f6r alla tillf\u00e4llen: Oavsett om det \u00e4r en dejtkv\u00e4ll eller bara en dag n\u00e4r du vill k\u00e4nna dig speciell, \u00e4r detta set din perfekta partner.<\/li>\n<\/ol>\n\n\n\n<p>Sammanfattningsvis \u00e4r v\u00e5r 3-delade Black Mesh Extravaganza en hyllning som hyllar dj\u00e4rva val och individuell stil. Det \u00e4r inte bara ett moderiktigt tillskott till din underkl\u00e4deskollektion; det \u00e4r en upplevelse som utlovar komfort, stil och mystik.<\/p>\n\n\n\n<figure class=\"wp-block-table is-style-stripes\"><table class=\"has-fixed-layout\"><tbody><tr><td colspan=\"5\">Webbplatsdiagram (CM)<\/td><\/tr><tr><td>Storlek<\/td><td>L\u00e4ngd<\/td><td>\u00d6vre byst<\/td><td>Nedre byst<\/td><td>Midjelinje<\/td><\/tr><tr><td>S<\/td><td>19<\/td><td>72-88<\/td><td>65-88<\/td><td>66-96<\/td><\/tr><tr><td>M<\/td><td>20<\/td><td>76-92<\/td><td>69-92<\/td><td>70-100<\/td><\/tr><tr><td>L<\/td><td>21<\/td><td>80-96<\/td><td>73-96<\/td><td>74-104<\/td><\/tr><tr><td colspan=\"5\">Webbplatsdiagram (INCH)<\/td><\/tr><tr><td>Storlek<\/td><td>L\u00e4ngd<\/td><td>\u00d6vre byst<\/td><td>Nedre byst<\/td><td>midjelinje<\/td><\/tr><tr><td>S<\/td><td>7.48<\/td><td>28.35-34.65<\/td><td>25.59-34.65<\/td><td>25.98-37.80<\/td><\/tr><tr><td>M<\/td><td>7.87<\/td><td>29.92-36.22<\/td><td>27.17-36.22<\/td><td>27.56-39.37<\/td><\/tr><tr><td>L<\/td><td>8.27<\/td><td>31.50-37.80<\/td><td>28.74-37.80<\/td><td>29.13-40.94<\/td><\/tr><\/tbody><\/table><\/figure>","protected":false},"excerpt":{"rendered":"<p>Stig in i rampljuset med v\u00e5r 3-delade Black Mesh Extravaganza. Denna ensemble har en halterneck-bh med flera lekfulla remmar och sexiga strumpeband i mesh som graci\u00f6st t\u00e4cker h\u00f6fterna. Det \u00e4r den perfekta blandningen av mystik och lockelse.<\/p>","protected":false},"featured_media":42903,"template":"","meta":[],"product_brand":[],"product_cat":[368,367,375],"product_tag":[507,452,448,528,518,865],"class_list":{"0":"post-42891","1":"product","2":"type-product","3":"status-publish","4":"has-post-thumbnail","6":"product_cat-bra-panty-set","7":"product_cat-sexy-lingerie","8":"product_cat-whoelsale-sheer-bra-and-panty-sets","9":"product_tag-three-pcs-set","10":"product_tag-wholesale-boudoir-lingerie","11":"product_tag-wholesale-elegant-sexy-lingerie","12":"product_tag-halter-lingerie","13":"product_tag-mesh-lingerie","14":"product_tag-sexy-skimpy-lingerie","15":"pa_color-black","16":"pa_size-wholesale-large-size-women-sexy-lingerie","17":"pa_size-wholesale-medium-size-women-sexy-lingerie","18":"pa_size-wholesale-small-size-sexy-lingerie","20":"first","21":"instock","22":"taxable","23":"shipping-taxable","24":"purchasable","25":"product-type-variable"},"tiered_pricing_type":"fixed","tiered_pricing_fixed_rules":[],"tiered_pricing_product_settings":{"layout":"table","base_unit_name":{"singular":null,"plural":null},"default_variation":null},"tiered_pricing_minimum_quantity":null,"tiered_pricing_roles_data":{"default_wholesaler":{"product_id":42891,"role":"default_wholesaler","pricing_type":"flat","regular_price":null,"sale_price":null,"discount":null,"discount_type":"sale_price","tiered_pricing_type":"fixed","percentage_rules":[],"fixed_rules":{"2":"10.69","30":"9.19","500":"8.09"},"minimum":null},"dropshippinger":{"product_id":42891,"role":"dropshippinger","pricing_type":"flat","regular_price":null,"sale_price":null,"discount":null,"discount_type":"sale_price","tiered_pricing_type":"fixed","percentage_rules":[],"fixed_rules":{"1":"12.89","5":"10.69","30":"9.19"},"minimum":null}},"tiered_pricing_percentage_rules":[],"tiered_pricing_maximum_quantity":null,"tiered_pricing_quantity_step":null,"_links":{"self":[{"href":"https:\/\/gretasexylingerie.com\/sv\/wp-json\/wp\/v2\/product\/42891","targetHints":{"allow":["GET"]}}],"collection":[{"href":"https:\/\/gretasexylingerie.com\/sv\/wp-json\/wp\/v2\/product"}],"about":[{"href":"https:\/\/gretasexylingerie.com\/sv\/wp-json\/wp\/v2\/types\/product"}],"wp:featuredmedia":[{"embeddable":true,"href":"https:\/\/gretasexylingerie.com\/sv\/wp-json\/wp\/v2\/media\/42903"}],"wp:attachment":[{"href":"https:\/\/gretasexylingerie.com\/sv\/wp-json\/wp\/v2\/media?parent=42891"}],"wp:term":[{"taxonomy":"product_brand","embeddable":true,"href":"https:\/\/gretasexylingerie.com\/sv\/wp-json\/wp\/v2\/product_brand?post=42891"},{"taxonomy":"product_cat","embeddable":true,"href":"https:\/\/gretasexylingerie.com\/sv\/wp-json\/wp\/v2\/product_cat?post=42891"},{"taxonomy":"product_tag","embeddable":true,"href":"https:\/\/gretasexylingerie.com\/sv\/wp-json\/wp\/v2\/product_tag?post=42891"}],"curies":[{"name":"wp","href":"https:\/\/api.w.org\/{rel}","templated":true}]}}