{"id":42873,"date":"2023-06-25T22:47:54","date_gmt":"2023-06-25T14:47:54","guid":{"rendered":"https:\/\/gretasexylingerie.com\/?post_type=product&#038;p=42873"},"modified":"2023-09-05T20:56:05","modified_gmt":"2023-09-05T12:56:05","slug":"kontrasterande-skir-spetstrio-med-volang-strumpeband","status":"publish","type":"product","link":"https:\/\/gretasexylingerie.com\/sv\/products\/contrasting-sheer-lace-trio-with-ruffled-garters\/","title":{"rendered":"Kontrasterande skir spetstrio med volang strumpeband"},"content":{"rendered":"<ol class=\"wp-block-list\">\n<li>Lekfullt dj\u00e4rv: Med sin utskurna byst och kontrasterande f\u00e4rgpalett \u00e4r det h\u00e4r setet inte f\u00f6r svaghj\u00e4rtade. Det \u00e4r f\u00f6r de v\u00e5gade, de dj\u00e4rva, de som \u00e4ger sin stil.<\/li>\n\n\n\n<li>Konstn\u00e4rlighet i detaljerna: Kom ih\u00e5g de rena broderade designerna \u2013 ett bevis p\u00e5 det hantverk som ligger till grund f\u00f6r att skapa denna vackra upps\u00e4ttning.<\/li>\n\n\n\n<li>Stil och komfort: Fet betyder inte obekv\u00e4mt. V\u00e5ra volang strumpeband handlar inte bara om stilen; de s\u00e4kerst\u00e4ller ocks\u00e5 en bekv\u00e4m passform.<\/li>\n\n\n\n<li>S\u00e4tt trenden: Detta bh-set f\u00f6ljer inte bara trenderna \u2013 det s\u00e4tter dem. Den unika kombinationen av design st\u00e4mmer perfekt \u00f6verens med nuvarande underkl\u00e4destrender.<\/li>\n\n\n\n<li>Ditt go-to-set: Oavsett om det \u00e4r ett speciellt tillf\u00e4lle eller bara f\u00f6r att detta bh-set \u00e4r din perfekta go-to n\u00e4r du vill k\u00e4nna dig lekfull och flirtig.<\/li>\n<\/ol>\n\n\n\n<p>Sammanfattningsvis handlar v\u00e5rt &quot;Flirty Trio&quot;-set om att g\u00f6ra dj\u00e4rva val, omfamna din unika stil och ha kul. Det \u00e4r inte bara ett moderiktigt tillskott till alla underkl\u00e4deskollektioner, utan det lovar ocks\u00e5 oslagbar komfort s\u00e5 att du kan k\u00e4nna dig fantastisk hela dagen.<\/p>\n\n\n\n<figure class=\"wp-block-table is-style-stripes\"><table class=\"has-fixed-layout\"><tbody><tr><td colspan=\"5\">Webbplatsdiagram (CM)<\/td><\/tr><tr><td>Storlek<\/td><td>L\u00e4ngd<\/td><td>\u00d6vre byst<\/td><td>Nedre byst<\/td><td>Midjelinje<\/td><\/tr><tr><td>S<\/td><td>21<\/td><td>68-88<\/td><td>64-88<\/td><td>64-96<\/td><\/tr><tr><td>M<\/td><td>22<\/td><td>72-92<\/td><td>68-92<\/td><td>68-100<\/td><\/tr><tr><td>L<\/td><td>23<\/td><td>76-96<\/td><td>72-96<\/td><td>72-104<\/td><\/tr><tr><td colspan=\"5\">Webbplatsdiagram (INCH)<\/td><\/tr><tr><td>Storlek<\/td><td>L\u00e4ngd<\/td><td>\u00d6vre byst<\/td><td>Nedre byst<\/td><td>midjelinje<\/td><\/tr><tr><td>S<\/td><td>9.45<\/td><td>29.13-34.65<\/td><td>26.77-34.65<\/td><td>25.59-36.22<\/td><\/tr><tr><td>M<\/td><td>9.84<\/td><td>30.71-36.22<\/td><td>28.35-36.22<\/td><td>27.17-37.80<\/td><\/tr><tr><td>L<\/td><td>10.24<\/td><td>32.28-37.80<\/td><td>29.92-37.80<\/td><td>28.74-39.37<\/td><\/tr><\/tbody><\/table><\/figure>","protected":false},"excerpt":{"rendered":"<p>G\u00f6r dig redo att stj\u00e4la showen med v\u00e5rt set &quot;Flirty Trio&quot;! Den h\u00e4r ensemblen av tre beh\u00e5ar erbjuder en lekfull blandning av skir spets, en retande byst och volang strumpeband. Den sl\u00e5ende kontrasten mellan den svarta och orangea designen skriker dramatik och roligt.<\/p>","protected":false},"featured_media":42883,"template":"","meta":[],"product_brand":[],"product_cat":[368,367,376],"product_tag":[507,448,516,518,453,864,504],"class_list":{"0":"post-42873","1":"product","2":"type-product","3":"status-publish","4":"has-post-thumbnail","6":"product_cat-bra-panty-set","7":"product_cat-sexy-lingerie","8":"product_cat-wholesale-ultra-sexy-bra-panty-set","9":"product_tag-three-pcs-set","10":"product_tag-wholesale-elegant-sexy-lingerie","11":"product_tag-lace-lingerie","12":"product_tag-mesh-lingerie","13":"product_tag-wholesale-sexy-naughty-lingerie","14":"product_tag-sexy-petite-lingerie","15":"product_tag-ultra-sexy","16":"pa_color-orange","17":"pa_size-wholesale-large-size-women-sexy-lingerie","18":"pa_size-wholesale-medium-size-women-sexy-lingerie","19":"pa_size-wholesale-small-size-sexy-lingerie","21":"first","22":"instock","23":"taxable","24":"shipping-taxable","25":"purchasable","26":"product-type-variable"},"tiered_pricing_type":"fixed","tiered_pricing_fixed_rules":[],"tiered_pricing_product_settings":{"layout":"default","base_unit_name":{"singular":null,"plural":null},"default_variation":null},"tiered_pricing_minimum_quantity":null,"tiered_pricing_roles_data":{"default_wholesaler":{"product_id":42873,"role":"default_wholesaler","pricing_type":"flat","regular_price":null,"sale_price":null,"discount":null,"discount_type":"sale_price","tiered_pricing_type":"fixed","percentage_rules":[],"fixed_rules":{"2":"11.79","30":"10.09","500":"8.79"},"minimum":null},"dropshippinger":{"product_id":42873,"role":"dropshippinger","pricing_type":"flat","regular_price":null,"sale_price":null,"discount":null,"discount_type":"sale_price","tiered_pricing_type":"fixed","percentage_rules":[],"fixed_rules":{"1":"14.09","5":"11.79","30":"10.09"},"minimum":null}},"tiered_pricing_percentage_rules":[],"tiered_pricing_maximum_quantity":null,"tiered_pricing_quantity_step":null,"_links":{"self":[{"href":"https:\/\/gretasexylingerie.com\/sv\/wp-json\/wp\/v2\/product\/42873","targetHints":{"allow":["GET"]}}],"collection":[{"href":"https:\/\/gretasexylingerie.com\/sv\/wp-json\/wp\/v2\/product"}],"about":[{"href":"https:\/\/gretasexylingerie.com\/sv\/wp-json\/wp\/v2\/types\/product"}],"wp:featuredmedia":[{"embeddable":true,"href":"https:\/\/gretasexylingerie.com\/sv\/wp-json\/wp\/v2\/media\/42883"}],"wp:attachment":[{"href":"https:\/\/gretasexylingerie.com\/sv\/wp-json\/wp\/v2\/media?parent=42873"}],"wp:term":[{"taxonomy":"product_brand","embeddable":true,"href":"https:\/\/gretasexylingerie.com\/sv\/wp-json\/wp\/v2\/product_brand?post=42873"},{"taxonomy":"product_cat","embeddable":true,"href":"https:\/\/gretasexylingerie.com\/sv\/wp-json\/wp\/v2\/product_cat?post=42873"},{"taxonomy":"product_tag","embeddable":true,"href":"https:\/\/gretasexylingerie.com\/sv\/wp-json\/wp\/v2\/product_tag?post=42873"}],"curies":[{"name":"wp","href":"https:\/\/api.w.org\/{rel}","templated":true}]}}