{"id":42850,"date":"2023-06-24T22:49:41","date_gmt":"2023-06-24T14:49:41","guid":{"rendered":"https:\/\/gretasexylingerie.com\/?post_type=product&#038;p=42850"},"modified":"2024-01-17T22:25:09","modified_gmt":"2024-01-17T14:25:09","slug":"3-delar-metallic-punk-enfargad-bh-stringtrosset","status":"publish","type":"product","link":"https:\/\/gretasexylingerie.com\/sv\/products\/3-piece-metallic-punk-solid-color-bra-thong-set\/","title":{"rendered":"3-delad metallisk punk enf\u00e4rgad bh och stringset"},"content":{"rendered":"<ol class=\"wp-block-list\">\n<li>Sl\u00e5ende design: Med sin metalliska punkstyling erbjuder detta set en v\u00e5gad look perfekt f\u00f6r dem som omfamnar individualitet och uttryck.<\/li>\n\n\n\n<li>Okonventionell estetik: Enf\u00e4rgad design l\u00e4gger till ett element av dj\u00e4rv enkelhet, vilket f\u00f6rb\u00e4ttrar metallisk punkestetik.<\/li>\n\n\n\n<li>Trendmedveten: Detta set \u00e4r perfekt anpassat till samtida underkl\u00e4dtrender och tilltalar modeintresserade.<\/li>\n\n\n\n<li>Komfort m\u00f6ter stil: Trots sin sl\u00e5ende estetik lovar setet en bekv\u00e4m passform p\u00e5 grund av sin genomt\u00e4nkta design och kvalitetsmaterial.<\/li>\n\n\n\n<li>Dj\u00e4rv detaljering: Det h\u00f6gkvalitativa hantverket, uppenbart i varje detalj, betonar den dj\u00e4rva metalliska punkdesignen.<\/li>\n<\/ol>\n\n\n\n<p>Sammanfattningsvis utm\u00e4rker sig v\u00e5rt 3-delade metalliska Punk Solid Color BH &amp; Thong Set med sin unika blandning av dj\u00e4rv design, komfort och noggranna detaljer. Dess speciella egenskaper och anpassning till aktuella stiltrender g\u00f6r den till ett edgy men \u00e4nd\u00e5 stilfullt tillskott till alla underkl\u00e4deskollektioner.<\/p>\n\n\n\n<figure class=\"wp-block-table is-style-stripes\"><table class=\"has-fixed-layout\"><tbody><tr><td colspan=\"5\">Webbplatsdiagram (CM)<\/td><\/tr><tr><td>Storlek<\/td><td>L\u00e4ngd<\/td><td>\u00d6vre byst<\/td><td>Nedre byst<\/td><td>Midjelinje<\/td><\/tr><tr><td>S<\/td><td>24<\/td><td>74-88<\/td><td>68-88<\/td><td>65-92<\/td><\/tr><tr><td>M<\/td><td>25<\/td><td>78-92<\/td><td>72-92<\/td><td>69-96<\/td><\/tr><tr><td>L<\/td><td>26<\/td><td>82-96<\/td><td>76-96<\/td><td>73-100<\/td><\/tr><tr><td colspan=\"5\">Webbplatsdiagram (INCH)<\/td><\/tr><tr><td>Storlek<\/td><td>L\u00e4ngd<\/td><td>\u00d6vre byst<\/td><td>Nedre byst<\/td><td>midjelinje<\/td><\/tr><tr><td>S<\/td><td>9.45<\/td><td>29.13-34.65<\/td><td>26.77-34.65<\/td><td>25.59-36.22<\/td><\/tr><tr><td>M<\/td><td>9.84<\/td><td>30.71-36.22<\/td><td>28.35-36.22<\/td><td>27.17-37.80<\/td><\/tr><tr><td>L<\/td><td>10.24<\/td><td>32.28-37.80<\/td><td>29.92-37.80<\/td><td>28.74-39.37<\/td><\/tr><\/tbody><\/table><\/figure>","protected":false},"excerpt":{"rendered":"<p>Sl\u00e4pp loss din dj\u00e4rva sida med v\u00e5rt 3-delade metalliska punk-bh-set i enf\u00e4rgad f\u00e4rg. Detta sl\u00e5ende set blandar utan anstr\u00e4ngning edgy estetik med \u00f6verl\u00e4gsen komfort, vilket g\u00f6r det till ett of\u00f6rgl\u00f6mligt tillskott till din underkl\u00e4deskollektion.<\/p>\n<p>https:\/\/youtu.be\/5hwR5D_BGj8<\/p>","protected":false},"featured_media":42861,"template":"","meta":[],"product_brand":[],"product_cat":[368,367,375],"product_tag":[505,448,524,867],"class_list":{"0":"post-42850","1":"product","2":"type-product","3":"status-publish","4":"has-post-thumbnail","6":"product_cat-bra-panty-set","7":"product_cat-sexy-lingerie","8":"product_cat-whoelsale-sheer-bra-and-panty-sets","9":"product_tag-5-piece-lingerie-set","10":"product_tag-wholesale-elegant-sexy-lingerie","11":"product_tag-metal-lingerie","12":"product_tag-sexy-push-up-lingerie","13":"pa_color-black","14":"pa_color-red-women-sexy-lingerie","15":"pa_size-wholesale-large-size-women-sexy-lingerie","16":"pa_size-wholesale-medium-size-women-sexy-lingerie","17":"pa_size-wholesale-small-size-sexy-lingerie","19":"first","20":"instock","21":"taxable","22":"shipping-taxable","23":"purchasable","24":"product-type-variable"},"tiered_pricing_type":"fixed","tiered_pricing_fixed_rules":[],"tiered_pricing_product_settings":{"layout":"default","base_unit_name":{"singular":null,"plural":null},"default_variation":{}},"tiered_pricing_minimum_quantity":null,"tiered_pricing_roles_data":{"default_wholesaler":{"product_id":42850,"role":"default_wholesaler","pricing_type":"flat","regular_price":null,"sale_price":null,"discount":null,"discount_type":"sale_price","tiered_pricing_type":"fixed","percentage_rules":[],"fixed_rules":{"2":"11.49","30":"9.89","500":"8.59"},"minimum":null},"dropshippinger":{"product_id":42850,"role":"dropshippinger","pricing_type":"flat","regular_price":null,"sale_price":null,"discount":null,"discount_type":"sale_price","tiered_pricing_type":"fixed","percentage_rules":[],"fixed_rules":{"1":"13.79","5":"11.49","30":"9.89"},"minimum":null}},"tiered_pricing_percentage_rules":[],"tiered_pricing_maximum_quantity":null,"tiered_pricing_quantity_step":null,"_links":{"self":[{"href":"https:\/\/gretasexylingerie.com\/sv\/wp-json\/wp\/v2\/product\/42850","targetHints":{"allow":["GET"]}}],"collection":[{"href":"https:\/\/gretasexylingerie.com\/sv\/wp-json\/wp\/v2\/product"}],"about":[{"href":"https:\/\/gretasexylingerie.com\/sv\/wp-json\/wp\/v2\/types\/product"}],"wp:featuredmedia":[{"embeddable":true,"href":"https:\/\/gretasexylingerie.com\/sv\/wp-json\/wp\/v2\/media\/42861"}],"wp:attachment":[{"href":"https:\/\/gretasexylingerie.com\/sv\/wp-json\/wp\/v2\/media?parent=42850"}],"wp:term":[{"taxonomy":"product_brand","embeddable":true,"href":"https:\/\/gretasexylingerie.com\/sv\/wp-json\/wp\/v2\/product_brand?post=42850"},{"taxonomy":"product_cat","embeddable":true,"href":"https:\/\/gretasexylingerie.com\/sv\/wp-json\/wp\/v2\/product_cat?post=42850"},{"taxonomy":"product_tag","embeddable":true,"href":"https:\/\/gretasexylingerie.com\/sv\/wp-json\/wp\/v2\/product_tag?post=42850"}],"curies":[{"name":"wp","href":"https:\/\/api.w.org\/{rel}","templated":true}]}}