{"id":42826,"date":"2023-06-24T22:16:08","date_gmt":"2023-06-24T14:16:08","guid":{"rendered":"https:\/\/gretasexylingerie.com\/?post_type=product&#038;p=42826"},"modified":"2024-04-04T13:47:46","modified_gmt":"2024-04-04T05:47:46","slug":"mesh-halter-neck-bh-trosa-set-med-elastiskt-band","status":"publish","type":"product","link":"https:\/\/gretasexylingerie.com\/sv\/products\/mesh-halter-neck-bra-panty-set-with-elastic-band\/","title":{"rendered":"Mesh Halter Neck BH &amp; Trosa Set med res\u00e5rband"},"content":{"rendered":"<ol class=\"wp-block-list\">\n<li>Chic design: Halterneck och meshtyg erbjuder en elegant estetik f\u00f6r dem som s\u00f6ker moderna underkl\u00e4der.<\/li>\n\n\n\n<li>Unika egenskaper: Det elastiska bandet s\u00e4kerst\u00e4ller en anpassad passform, vilket f\u00f6rb\u00e4ttrar setets tilltalande och komfort.<\/li>\n\n\n\n<li>Trendanpassad: Designen st\u00e4mmer \u00f6verens med nuvarande underkl\u00e4destrender och tilltalar modeintresserade.<\/li>\n\n\n\n<li>Komfort och passform: Trots sina chica detaljer s\u00e4kerst\u00e4ller setet en bekv\u00e4m passform tack vare sitt mjuka meshtyg och elastiska band.<\/li>\n\n\n\n<li>Samtida detaljer: Halternecken och meshtyget visar upp setets h\u00f6gkvalitativa hantverk och uppm\u00e4rksamhet p\u00e5 detaljer.<\/li>\n<\/ol>\n\n\n\n<p>Sammanfattningsvis erbjuder Mesh Halter Neck BH &amp; Trosa Set med elastiskt band en perfekt blandning av elegant design, komfort och noggranna detaljer. Dess unika egenskaper och trendanpassade stil g\u00f6r den till ett fantastiskt tillskott till alla underkl\u00e4deskollektioner.<\/p>\n\n\n\n<figure class=\"wp-block-table is-style-stripes\"><table class=\"has-fixed-layout\"><tbody><tr><td colspan=\"5\">Webbplatsdiagram (CM)<\/td><\/tr><tr><td>Storlek<\/td><td>L\u00e4ngd<\/td><td>\u00d6vre byst<\/td><td>Nedre byst<\/td><td>Midjelinje<\/td><\/tr><tr><td>S<\/td><td>21<\/td><td>66-88<\/td><td>63-88<\/td><td>66-92<\/td><\/tr><tr><td>M<\/td><td>22<\/td><td>70-92<\/td><td>67-92<\/td><td>70-96<\/td><\/tr><tr><td>L<\/td><td>23<\/td><td>74-96<\/td><td>71-96<\/td><td>74-100<\/td><\/tr><tr><td colspan=\"5\">Webbplatsdiagram (INCH)<\/td><\/tr><tr><td>Storlek<\/td><td>L\u00e4ngd<\/td><td>\u00d6vre byst<\/td><td>Nedre byst<\/td><td>midjelinje<\/td><\/tr><tr><td>S<\/td><td>8.27<\/td><td>25.98-34.65<\/td><td>24.80-34.65<\/td><td>25.98-36.22<\/td><\/tr><tr><td>M<\/td><td>8.66<\/td><td>27.56-36.22<\/td><td>26.38-36.22<\/td><td>27.56-37.80<\/td><\/tr><tr><td>L<\/td><td>9.06<\/td><td>29.13-37.80<\/td><td>27.95-37.80<\/td><td>29.13-39.37<\/td><\/tr><\/tbody><\/table><\/figure>","protected":false},"excerpt":{"rendered":"<p>Uppt\u00e4ck essensen av chic komfort med v\u00e5r Mesh Halter Neck BH &amp; Trosa Set, f\u00f6rst\u00e4rkt med ett elastiskt band. Det h\u00e4r setet blandar s\u00f6ml\u00f6st eleganta detaljer med ultimat komfort, och skapar ett underkl\u00e4der som \u00e4r lika snyggt som ombonat.<\/p>","protected":false},"featured_media":42841,"template":"","meta":[],"product_brand":[],"product_cat":[368,367,375],"product_tag":[868,448,528,446,864,447],"class_list":{"0":"post-42826","1":"product","2":"type-product","3":"status-publish","4":"has-post-thumbnail","6":"product_cat-bra-panty-set","7":"product_cat-sexy-lingerie","8":"product_cat-whoelsale-sheer-bra-and-panty-sets","9":"product_tag-4-piece-lingerie-set","10":"product_tag-wholesale-elegant-sexy-lingerie","11":"product_tag-halter-lingerie","12":"product_tag-wholesale-sexy-see-through-lingerie","13":"product_tag-sexy-petite-lingerie","14":"product_tag-wholesale-strappy-sexy-lingerie","15":"pa_color-black","16":"pa_color-pink-women-sexy-lingerie","17":"pa_size-wholesale-large-size-women-sexy-lingerie","18":"pa_size-wholesale-medium-size-women-sexy-lingerie","19":"pa_size-wholesale-small-size-sexy-lingerie","21":"first","22":"instock","23":"taxable","24":"shipping-taxable","25":"purchasable","26":"product-type-variable"},"tiered_pricing_type":"fixed","tiered_pricing_fixed_rules":[],"tiered_pricing_product_settings":{"layout":"table","base_unit_name":{"singular":null,"plural":null},"default_variation":{}},"tiered_pricing_minimum_quantity":null,"tiered_pricing_roles_data":{"default_wholesaler":{"product_id":42826,"role":"default_wholesaler","pricing_type":"flat","regular_price":null,"sale_price":null,"discount":null,"discount_type":"sale_price","tiered_pricing_type":"fixed","percentage_rules":[],"fixed_rules":{"2":"7.09","30":"6.09","500":"5.29"},"minimum":null},"dropshippinger":{"product_id":42826,"role":"dropshippinger","pricing_type":"flat","regular_price":null,"sale_price":null,"discount":null,"discount_type":"sale_price","tiered_pricing_type":"fixed","percentage_rules":[],"fixed_rules":{"1":"8.49","5":"7.09","30":"6.09"},"minimum":null}},"tiered_pricing_percentage_rules":[],"tiered_pricing_maximum_quantity":null,"tiered_pricing_quantity_step":null,"_links":{"self":[{"href":"https:\/\/gretasexylingerie.com\/sv\/wp-json\/wp\/v2\/product\/42826","targetHints":{"allow":["GET"]}}],"collection":[{"href":"https:\/\/gretasexylingerie.com\/sv\/wp-json\/wp\/v2\/product"}],"about":[{"href":"https:\/\/gretasexylingerie.com\/sv\/wp-json\/wp\/v2\/types\/product"}],"wp:featuredmedia":[{"embeddable":true,"href":"https:\/\/gretasexylingerie.com\/sv\/wp-json\/wp\/v2\/media\/42841"}],"wp:attachment":[{"href":"https:\/\/gretasexylingerie.com\/sv\/wp-json\/wp\/v2\/media?parent=42826"}],"wp:term":[{"taxonomy":"product_brand","embeddable":true,"href":"https:\/\/gretasexylingerie.com\/sv\/wp-json\/wp\/v2\/product_brand?post=42826"},{"taxonomy":"product_cat","embeddable":true,"href":"https:\/\/gretasexylingerie.com\/sv\/wp-json\/wp\/v2\/product_cat?post=42826"},{"taxonomy":"product_tag","embeddable":true,"href":"https:\/\/gretasexylingerie.com\/sv\/wp-json\/wp\/v2\/product_tag?post=42826"}],"curies":[{"name":"wp","href":"https:\/\/api.w.org\/{rel}","templated":true}]}}