{"id":42778,"date":"2023-06-23T01:26:14","date_gmt":"2023-06-22T17:26:14","guid":{"rendered":"https:\/\/gretasexylingerie.com\/?post_type=product&#038;p=42778"},"modified":"2023-10-22T22:59:57","modified_gmt":"2023-10-22T14:59:57","slug":"underbart-blommigt-broderat-mesh-bh-set","status":"publish","type":"product","link":"https:\/\/gretasexylingerie.com\/sv\/products\/gorgeous-floral-embroidered-mesh-bra-set\/","title":{"rendered":"Underbart blommigt broderat mesh-bh-set"},"content":{"rendered":"<ol class=\"wp-block-list\">\n<li>Snygg design: Det blommiga broderiet p\u00e5 \u00f6mt\u00e5ligt n\u00e4t erbjuder en elegant estetik, perfekt f\u00f6r dem som s\u00f6ker eleganta underkl\u00e4der.<\/li>\n\n\n\n<li>Unika egenskaper: Det broderade n\u00e4tet introducerar ett element av lyx till setet, vilket g\u00f6r det till en framst\u00e5ende design och tilltalande.<\/li>\n\n\n\n<li>Trendanpassad: Designen \u00e4r i linje med aktuella underkl\u00e4destrender, vilket g\u00f6r den till ett m\u00e5ste f\u00f6r den stilmedvetna.<\/li>\n\n\n\n<li>Komfort och passform: Trots sin snygga design s\u00e4kerst\u00e4ller setet en bekv\u00e4m passform tack vare sitt mjuka meshtyg.<\/li>\n\n\n\n<li>Eleganta detaljer: Det invecklade broderiet visar upp setets h\u00f6gkvalitativa hantverk och uppm\u00e4rksamhet p\u00e5 detaljer.<\/li>\n<\/ol>\n\n\n\n<p>Sammanfattningsvis erbjuder det underbara blommiga broderade mesh-bh-setet en perfekt blandning av elegans, komfort och noggranna detaljer. Dess unika egenskaper och trendanpassade stil g\u00f6r den till ett v\u00e4rdigt tillskott till alla underkl\u00e4deskollektioner.<\/p>\n\n\n\n<figure class=\"wp-block-table is-style-stripes\"><table class=\"has-fixed-layout\"><tbody><tr><td colspan=\"5\">Webbplatsdiagram (CM)<\/td><\/tr><tr><td>Storlek<\/td><td>L\u00e4ngd<\/td><td>\u00d6vre byst<\/td><td>Nedre byst<\/td><td>Midjelinje<\/td><\/tr><tr><td>S<\/td><td>20<\/td><td>71-88<\/td><td>66<\/td><td>70<\/td><\/tr><tr><td>M<\/td><td>21<\/td><td>75-92<\/td><td>70<\/td><td>74<\/td><\/tr><tr><td>L<\/td><td>22<\/td><td>79-96<\/td><td>74<\/td><td>78<\/td><\/tr><tr><td colspan=\"5\">Webbplatsdiagram (INCH)<\/td><\/tr><tr><td>Storlek<\/td><td>L\u00e4ngd<\/td><td>\u00d6vre byst<\/td><td>Nedre byst<\/td><td>midjelinje<\/td><\/tr><tr><td>S<\/td><td>7.87<\/td><td>27.95-34.65<\/td><td>25.98<\/td><td>27.56<\/td><\/tr><tr><td>M<\/td><td>8.27<\/td><td>29.53-36.22<\/td><td>27.56<\/td><td>29.13<\/td><\/tr><tr><td>L<\/td><td>8.66<\/td><td>31.10-37.80<\/td><td>29.13<\/td><td>30.71<\/td><\/tr><\/tbody><\/table><\/figure>","protected":false},"excerpt":{"rendered":"<p>Omfamna elegans med v\u00e5rt vackra blommiga broderade mesh-bh-set. Detta uts\u00f6kta set kombinerar intrikata detaljer och \u00f6verl\u00e4gsen komfort, vilket g\u00f6r det till ett underkl\u00e4der som \u00e4r lika stilfullt som det \u00e4r bekv\u00e4mt.<\/p>\n<p>https:\/\/youtu.be\/Xkdkpk-YHpU<\/p>","protected":false},"featured_media":42791,"template":"","meta":[],"product_brand":[],"product_cat":[367,375],"product_tag":[448,454,870,880,864,863],"class_list":{"0":"post-42778","1":"product","2":"type-product","3":"status-publish","4":"has-post-thumbnail","6":"product_cat-sexy-lingerie","7":"product_cat-whoelsale-sheer-bra-and-panty-sets","8":"product_tag-wholesale-elegant-sexy-lingerie","9":"product_tag-wholesale-sexy-embroidered-lingerie","10":"product_tag-floral-lingerie","11":"product_tag-sexy-2-piece-lingerie","12":"product_tag-sexy-petite-lingerie","13":"product_tag-sexy-thong-lingerie","14":"pa_color-purple-women-sexy-lingerie","15":"pa_color-yellow","16":"pa_size-wholesale-large-size-women-sexy-lingerie","17":"pa_size-wholesale-medium-size-women-sexy-lingerie","18":"pa_size-wholesale-small-size-sexy-lingerie","20":"first","21":"instock","22":"taxable","23":"shipping-taxable","24":"purchasable","25":"product-type-variable"},"tiered_pricing_type":"fixed","tiered_pricing_fixed_rules":[],"tiered_pricing_product_settings":{"layout":"default","base_unit_name":{"singular":null,"plural":null},"default_variation":{}},"tiered_pricing_minimum_quantity":null,"tiered_pricing_roles_data":{"default_wholesaler":{"product_id":42778,"role":"default_wholesaler","pricing_type":"flat","regular_price":null,"sale_price":null,"discount":null,"discount_type":"sale_price","tiered_pricing_type":"fixed","percentage_rules":[],"fixed_rules":{"2":"8.09","30":"6.99","500":"8.09"},"minimum":null},"dropshippinger":{"product_id":42778,"role":"dropshippinger","pricing_type":"flat","regular_price":null,"sale_price":null,"discount":null,"discount_type":"sale_price","tiered_pricing_type":"fixed","percentage_rules":[],"fixed_rules":{"1":"9.69","5":"8.09","30":"6.99"},"minimum":null}},"tiered_pricing_percentage_rules":[],"tiered_pricing_maximum_quantity":null,"tiered_pricing_quantity_step":null,"_links":{"self":[{"href":"https:\/\/gretasexylingerie.com\/sv\/wp-json\/wp\/v2\/product\/42778","targetHints":{"allow":["GET"]}}],"collection":[{"href":"https:\/\/gretasexylingerie.com\/sv\/wp-json\/wp\/v2\/product"}],"about":[{"href":"https:\/\/gretasexylingerie.com\/sv\/wp-json\/wp\/v2\/types\/product"}],"wp:featuredmedia":[{"embeddable":true,"href":"https:\/\/gretasexylingerie.com\/sv\/wp-json\/wp\/v2\/media\/42791"}],"wp:attachment":[{"href":"https:\/\/gretasexylingerie.com\/sv\/wp-json\/wp\/v2\/media?parent=42778"}],"wp:term":[{"taxonomy":"product_brand","embeddable":true,"href":"https:\/\/gretasexylingerie.com\/sv\/wp-json\/wp\/v2\/product_brand?post=42778"},{"taxonomy":"product_cat","embeddable":true,"href":"https:\/\/gretasexylingerie.com\/sv\/wp-json\/wp\/v2\/product_cat?post=42778"},{"taxonomy":"product_tag","embeddable":true,"href":"https:\/\/gretasexylingerie.com\/sv\/wp-json\/wp\/v2\/product_tag?post=42778"}],"curies":[{"name":"wp","href":"https:\/\/api.w.org\/{rel}","templated":true}]}}