{"id":42760,"date":"2023-06-23T00:45:29","date_gmt":"2023-06-22T16:45:29","guid":{"rendered":"https:\/\/gretasexylingerie.com\/?post_type=product&#038;p=42760"},"modified":"2023-09-05T20:55:39","modified_gmt":"2023-09-05T12:55:39","slug":"kontrastfargad-bh-set-med-metallkedja","status":"publish","type":"product","link":"https:\/\/gretasexylingerie.com\/sv\/products\/contrasting-color-bra-set-with-metal-chain-strap\/","title":{"rendered":"BH-set i kontrastf\u00e4rg med metallkedja"},"content":{"rendered":"<ol class=\"wp-block-list\">\n<li>Sl\u00e5ende design: De kontrasterande f\u00e4rgerna och blommiga spetsarna erbjuder en levande estetik, perfekt f\u00f6r dem som letar efter dj\u00e4rva underkl\u00e4der.<\/li>\n\n\n\n<li>Unika egenskaper: Metallkedjeremmarna, diamantn\u00e4tet och spetsn\u00e4tsb\u00e4ltet introducerar v\u00e5gade element i setet, vilket g\u00f6r det till en framst\u00e5ende design och tilltalande.<\/li>\n\n\n\n<li>Trendanpassad: Designen \u00e4r i linje med aktuella underkl\u00e4destrender och tilltalar den stilmedvetna.<\/li>\n\n\n\n<li>Komfort och passform: Trots sin dj\u00e4rva design s\u00e4kerst\u00e4ller setet en bekv\u00e4m passform tack vare sina mjuka spets- och diamantn\u00e4tstyger.<\/li>\n\n\n\n<li>Vibrerande detaljer: De kontrasterande f\u00e4rgerna, metallkedjebanden och diamantn\u00e4tet framh\u00e4ver setets h\u00f6gkvalitativa hantverk och uppm\u00e4rksamhet p\u00e5 detaljer.<\/li>\n<\/ol>\n\n\n\n<p>Sammanfattningsvis erbjuder BH-setet med kontrasterande f\u00e4rger med metallkedjeband, spets, diamantn\u00e4t och spetsn\u00e4tb\u00e4lte en levande blandning av dj\u00e4rv design, komfort och noggranna detaljer. Dess unika egenskaper och trendanpassade stil g\u00f6r den till ett enast\u00e5ende tillskott till alla underkl\u00e4deskollektioner.<\/p>\n\n\n\n<figure class=\"wp-block-table is-style-stripes\"><table class=\"has-fixed-layout\"><tbody><tr><td colspan=\"5\">Webbplatsdiagram (CM)<\/td><\/tr><tr><td>Storlek<\/td><td>L\u00e4ngd<\/td><td>\u00d6vre byst<\/td><td>Nedre byst<\/td><td>Midjelinje<\/td><\/tr><tr><td>S<\/td><td>19<\/td><td>71-88<\/td><td>67-88<\/td><td>74-96<\/td><\/tr><tr><td>M<\/td><td>20<\/td><td>75-92<\/td><td>71-92<\/td><td>78-100<\/td><\/tr><tr><td>L<\/td><td>21<\/td><td>79-96<\/td><td>75-96<\/td><td>82-104<\/td><\/tr><tr><td colspan=\"5\">Webbplatsdiagram (INCH)<\/td><\/tr><tr><td>Storlek<\/td><td>L\u00e4ngd<\/td><td>\u00d6vre byst<\/td><td>Nedre byst<\/td><td>midjelinje<\/td><\/tr><tr><td>S<\/td><td>7.87<\/td><td>27.56-34.65<\/td><td>26.38-34.65<\/td><td>29.13-37.80<\/td><\/tr><tr><td>M<\/td><td>8.27<\/td><td>29.13-36.22<\/td><td>27.95-36.22<\/td><td>30.71-39.37<\/td><\/tr><tr><td>L<\/td><td>8.66<\/td><td>30.71-37.80<\/td><td>29.53-37.80<\/td><td>32.28-40.94<\/td><\/tr><\/tbody><\/table><\/figure>","protected":false},"excerpt":{"rendered":"<p>L\u00e4gg till en gnutta dj\u00e4rv stil med v\u00e5rt BH-set med kontrasterande f\u00e4rger, med kedjeband av metall, sexig blommig spets, diamantn\u00e4t och ett meshb\u00e4lte i spets. Detta set blandar dj\u00e4rv design med ultimat komfort, vilket g\u00f6r det till ett underkl\u00e4der som \u00e4r lika sl\u00e5ende som det \u00e4r bekv\u00e4mt.<\/p>","protected":false},"featured_media":42772,"template":"","meta":[],"product_brand":[],"product_cat":[368,369,367],"product_tag":[507,452,448,516,524,510,446,453],"class_list":{"0":"post-42760","1":"product","2":"type-product","3":"status-publish","4":"has-post-thumbnail","6":"product_cat-bra-panty-set","7":"product_cat-wholesale-lace-bra-and-panty-sets","8":"product_cat-sexy-lingerie","9":"product_tag-three-pcs-set","10":"product_tag-wholesale-boudoir-lingerie","11":"product_tag-wholesale-elegant-sexy-lingerie","12":"product_tag-lace-lingerie","13":"product_tag-metal-lingerie","14":"product_tag-ruffles-lingerie","15":"product_tag-wholesale-sexy-see-through-lingerie","16":"product_tag-wholesale-sexy-naughty-lingerie","17":"pa_color-green","18":"pa_size-wholesale-large-size-women-sexy-lingerie","19":"pa_size-wholesale-medium-size-women-sexy-lingerie","20":"pa_size-wholesale-small-size-sexy-lingerie","22":"first","23":"instock","24":"taxable","25":"shipping-taxable","26":"purchasable","27":"product-type-variable"},"tiered_pricing_type":"fixed","tiered_pricing_fixed_rules":[],"tiered_pricing_product_settings":{"layout":"default","base_unit_name":{"singular":null,"plural":null},"default_variation":null},"tiered_pricing_minimum_quantity":null,"tiered_pricing_roles_data":{"default_wholesaler":{"product_id":42760,"role":"default_wholesaler","pricing_type":"flat","regular_price":null,"sale_price":null,"discount":null,"discount_type":"sale_price","tiered_pricing_type":"fixed","percentage_rules":[],"fixed_rules":{"2":"9.99","30":"8.49","500":"7.49"},"minimum":null},"dropshippinger":{"product_id":42760,"role":"dropshippinger","pricing_type":"flat","regular_price":null,"sale_price":null,"discount":null,"discount_type":"sale_price","tiered_pricing_type":"fixed","percentage_rules":[],"fixed_rules":{"1":"11.89","5":"9.99","30":"8.49"},"minimum":null}},"tiered_pricing_percentage_rules":[],"tiered_pricing_maximum_quantity":null,"tiered_pricing_quantity_step":null,"_links":{"self":[{"href":"https:\/\/gretasexylingerie.com\/sv\/wp-json\/wp\/v2\/product\/42760","targetHints":{"allow":["GET"]}}],"collection":[{"href":"https:\/\/gretasexylingerie.com\/sv\/wp-json\/wp\/v2\/product"}],"about":[{"href":"https:\/\/gretasexylingerie.com\/sv\/wp-json\/wp\/v2\/types\/product"}],"wp:featuredmedia":[{"embeddable":true,"href":"https:\/\/gretasexylingerie.com\/sv\/wp-json\/wp\/v2\/media\/42772"}],"wp:attachment":[{"href":"https:\/\/gretasexylingerie.com\/sv\/wp-json\/wp\/v2\/media?parent=42760"}],"wp:term":[{"taxonomy":"product_brand","embeddable":true,"href":"https:\/\/gretasexylingerie.com\/sv\/wp-json\/wp\/v2\/product_brand?post=42760"},{"taxonomy":"product_cat","embeddable":true,"href":"https:\/\/gretasexylingerie.com\/sv\/wp-json\/wp\/v2\/product_cat?post=42760"},{"taxonomy":"product_tag","embeddable":true,"href":"https:\/\/gretasexylingerie.com\/sv\/wp-json\/wp\/v2\/product_tag?post=42760"}],"curies":[{"name":"wp","href":"https:\/\/api.w.org\/{rel}","templated":true}]}}