{"id":42702,"date":"2023-06-22T01:15:16","date_gmt":"2023-06-21T17:15:16","guid":{"rendered":"https:\/\/gretasexylingerie.com\/?post_type=product&#038;p=42702"},"modified":"2024-04-04T13:47:41","modified_gmt":"2024-04-04T05:47:41","slug":"mesh-utskuren-bh-trosa-set-med-oppen-gren","status":"publish","type":"product","link":"https:\/\/gretasexylingerie.com\/sv\/products\/mesh-cutout-bra-panty-set-with-open-crotch\/","title":{"rendered":"Mesh Cutout BH &amp; Trosa Set med \u00f6ppen gren"},"content":{"rendered":"<ol class=\"wp-block-list\">\n<li>Provocerande design: Mesh-utsk\u00e4rningen och den \u00f6ppna grenen erbjuder en \u00f6vertygande estetik, perfekt f\u00f6r dem som letar efter dj\u00e4rva underkl\u00e4der.<\/li>\n\n\n\n<li>Unika egenskaper: Metallringen introducerar ett dj\u00e4rvt element till setet, vilket g\u00f6r att den sticker ut i design och tilltalande.<\/li>\n\n\n\n<li>Trendanpassad: Designen \u00e4r i linje med aktuella underkl\u00e4destrender och tilltalar den stilmedvetna.<\/li>\n\n\n\n<li>Komfort och passform: Trots sina dj\u00e4rva detaljer s\u00e4kerst\u00e4ller setet en bekv\u00e4m passform tack vare sitt \u00f6mt\u00e5liga meshtyg.<\/li>\n\n\n\n<li>V\u00e5ga detaljer: Den \u00f6ppna grendesignen ger en v\u00e5gad touch f\u00f6r dem som vill uttrycka sin dj\u00e4rva stil.<\/li>\n<\/ol>\n\n\n\n<p>Sammanfattningsvis erbjuder Mesh Cutout BH &amp; Trosa Set med metallring och \u00f6ppen gren en \u00f6vertygande blandning av provocerande design, komfort och noggranna detaljer. Dess unika egenskaper och trendanpassade stil g\u00f6r den till ett enast\u00e5ende tillskott till alla underkl\u00e4deskollektioner.<\/p>\n\n\n\n<figure class=\"wp-block-table is-style-stripes\"><table class=\"has-fixed-layout\"><tbody><tr><td colspan=\"5\">Webbplatsdiagram (CM)<\/td><\/tr><tr><td>Storlek<\/td><td>L\u00e4ngd<\/td><td>\u00d6vre byst<\/td><td>Nedre byst<\/td><td>Midjelinje<\/td><\/tr><tr><td>S<\/td><td>29<\/td><td>72-88<\/td><td>68-88<\/td><td>68-96<\/td><\/tr><tr><td>M<\/td><td>30<\/td><td>76-92<\/td><td>72-92<\/td><td>72-100<\/td><\/tr><tr><td>L<\/td><td>31<\/td><td>80-96<\/td><td>76-96<\/td><td>76-104<\/td><\/tr><tr><td colspan=\"5\">Webbplatsdiagram (INCH)<\/td><\/tr><tr><td>Storlek<\/td><td>L\u00e4ngd<\/td><td>\u00d6vre byst<\/td><td>Nedre byst<\/td><td>midjelinje<\/td><\/tr><tr><td>S<\/td><td>11.42<\/td><td>28.35-34.65<\/td><td>26.77-34.65<\/td><td>26.77-37.80<\/td><\/tr><tr><td>M<\/td><td>11.81<\/td><td>29.92-36.22<\/td><td>28.35-36.22<\/td><td>28.35-39.37<\/td><\/tr><tr><td>L<\/td><td>12.2<\/td><td>31.50-37.80<\/td><td>29.92-37.80<\/td><td>29.92-40.94<\/td><\/tr><\/tbody><\/table><\/figure>","protected":false},"excerpt":{"rendered":"<p>Upplev dj\u00e4rv tjusning med v\u00e5r mesh cutout bh och trosset, med en metallring och en \u00f6ppen grendesign. Detta v\u00e5gade set kombinerar provocerande detaljer med h\u00f6gsta komfort, vilket g\u00f6r det till ett underkl\u00e4der som \u00e4r lika f\u00e4ngslande som det \u00e4r bekv\u00e4mt.<\/p>","protected":false},"featured_media":42721,"template":"","meta":[],"product_brand":[],"product_cat":[368,367,375],"product_tag":[452,880,449,864],"class_list":{"0":"post-42702","1":"product","2":"type-product","3":"status-publish","4":"has-post-thumbnail","6":"product_cat-bra-panty-set","7":"product_cat-sexy-lingerie","8":"product_cat-whoelsale-sheer-bra-and-panty-sets","9":"product_tag-wholesale-boudoir-lingerie","10":"product_tag-sexy-2-piece-lingerie","11":"product_tag-wholesale-sexy-crotchless-lingerie","12":"product_tag-sexy-petite-lingerie","13":"pa_color-black","14":"pa_color-red-women-sexy-lingerie","15":"pa_size-wholesale-large-size-women-sexy-lingerie","16":"pa_size-wholesale-medium-size-women-sexy-lingerie","17":"pa_size-wholesale-small-size-sexy-lingerie","19":"first","20":"instock","21":"taxable","22":"shipping-taxable","23":"purchasable","24":"product-type-variable"},"tiered_pricing_type":"fixed","tiered_pricing_fixed_rules":[],"tiered_pricing_product_settings":{"layout":"table","base_unit_name":{"singular":null,"plural":null},"default_variation":{}},"tiered_pricing_minimum_quantity":null,"tiered_pricing_roles_data":{"default_wholesaler":{"product_id":42702,"role":"default_wholesaler","pricing_type":"flat","regular_price":null,"sale_price":null,"discount":null,"discount_type":"sale_price","tiered_pricing_type":"fixed","percentage_rules":[],"fixed_rules":{"2":"7.89","30":"6.79","500":"5.89"},"minimum":null},"dropshippinger":{"product_id":42702,"role":"dropshippinger","pricing_type":"flat","regular_price":null,"sale_price":null,"discount":null,"discount_type":"sale_price","tiered_pricing_type":"fixed","percentage_rules":[],"fixed_rules":{"1":"9.39","5":"7.89","30":"6.79"},"minimum":null}},"tiered_pricing_percentage_rules":[],"tiered_pricing_maximum_quantity":null,"tiered_pricing_quantity_step":null,"_links":{"self":[{"href":"https:\/\/gretasexylingerie.com\/sv\/wp-json\/wp\/v2\/product\/42702","targetHints":{"allow":["GET"]}}],"collection":[{"href":"https:\/\/gretasexylingerie.com\/sv\/wp-json\/wp\/v2\/product"}],"about":[{"href":"https:\/\/gretasexylingerie.com\/sv\/wp-json\/wp\/v2\/types\/product"}],"wp:featuredmedia":[{"embeddable":true,"href":"https:\/\/gretasexylingerie.com\/sv\/wp-json\/wp\/v2\/media\/42721"}],"wp:attachment":[{"href":"https:\/\/gretasexylingerie.com\/sv\/wp-json\/wp\/v2\/media?parent=42702"}],"wp:term":[{"taxonomy":"product_brand","embeddable":true,"href":"https:\/\/gretasexylingerie.com\/sv\/wp-json\/wp\/v2\/product_brand?post=42702"},{"taxonomy":"product_cat","embeddable":true,"href":"https:\/\/gretasexylingerie.com\/sv\/wp-json\/wp\/v2\/product_cat?post=42702"},{"taxonomy":"product_tag","embeddable":true,"href":"https:\/\/gretasexylingerie.com\/sv\/wp-json\/wp\/v2\/product_tag?post=42702"}],"curies":[{"name":"wp","href":"https:\/\/api.w.org\/{rel}","templated":true}]}}