{"id":42613,"date":"2023-06-21T23:58:04","date_gmt":"2023-06-21T15:58:04","guid":{"rendered":"https:\/\/gretasexylingerie.com\/?post_type=product&#038;p=42613"},"modified":"2023-09-05T20:55:01","modified_gmt":"2023-09-05T12:55:01","slug":"sexig-skir-spets-bh-set-med-volang-strumpeband","status":"publish","type":"product","link":"https:\/\/gretasexylingerie.com\/sv\/products\/sexy-sheer-lace-bra-set-with-ruffled-garter\/","title":{"rendered":"Sexig skir spets BH Set med volang strumpeband"},"content":{"rendered":"<ol class=\"wp-block-list\">\n<li>Provocerande design: Det skira spetsbroderiet erbjuder en \u00f6vertygande estetik f\u00f6r dem som letar efter dj\u00e4rva underkl\u00e4der.<\/li>\n\n\n\n<li>Unika egenskaper: Metallkedjorna och de volangiga strumpebanden introducerar dj\u00e4rva element till setet, vilket s\u00e4kerst\u00e4ller att det sticker ut i design och tilltalande.<\/li>\n\n\n\n<li>Trendanpassad: Designen f\u00f6ljer aktuella underkl\u00e4destrender och tilltalar modeintresserade.<\/li>\n\n\n\n<li>Komfort och passform: Trots sina dj\u00e4rva detaljer s\u00e4kerst\u00e4ller setet en bekv\u00e4m passform tack vare sitt \u00f6mt\u00e5liga spetstyg.<\/li>\n\n\n\n<li>V\u00e5ga detaljer: Metallkedjorna och volang strumpeband ger en v\u00e5gad touch f\u00f6r dem som vill uttrycka sin dj\u00e4rva stil.<\/li>\n<\/ol>\n\n\n\n<p>Sammanfattningsvis erbjuder det sexiga, skira spets-bh-setet med metallkedjor och volang strumpeband en \u00f6vertygande blandning av dj\u00e4rv design, komfort och noggranna detaljer. Dess unika egenskaper och trendanpassade design g\u00f6r den till ett enast\u00e5ende tillskott till alla underkl\u00e4deskollektioner.<\/p>\n\n\n\n<figure class=\"wp-block-table is-style-stripes\"><table class=\"has-fixed-layout\"><tbody><tr><td colspan=\"5\">Webbplatsdiagram (CM)<\/td><\/tr><tr><td>Storlek<\/td><td>L\u00e4ngd<\/td><td>\u00d6vre byst<\/td><td>Midjeband<\/td><td>Midjelinje<\/td><\/tr><tr><td>S<\/td><td>22<\/td><td>70-88<\/td><td>64-92<\/td><td>68-96<\/td><\/tr><tr><td>M<\/td><td>23<\/td><td>74-92<\/td><td>68-96<\/td><td>72-100<\/td><\/tr><tr><td>L<\/td><td>24<\/td><td>78-96<\/td><td>72-100<\/td><td>76-104<\/td><\/tr><tr><td colspan=\"5\">Webbplatsdiagram (INCH)<\/td><\/tr><tr><td>Storlek<\/td><td>L\u00e4ngd<\/td><td>\u00d6vre byst<\/td><td>Nedre byst<\/td><td>midjelinje<\/td><\/tr><tr><td>S<\/td><td>8.46<\/td><td>27.56-34.65<\/td><td>25.20-36.22<\/td><td>26.77-37.80<\/td><\/tr><tr><td>M<\/td><td>8.86<\/td><td>29.13-36.22<\/td><td>26.77-37.80<\/td><td>28.35-39.37<\/td><\/tr><tr><td>L<\/td><td>9.25<\/td><td>30.71-37.80<\/td><td>28.35-39.37<\/td><td>29.92-40.94<\/td><\/tr><\/tbody><\/table><\/figure>","protected":false},"excerpt":{"rendered":"<p>F\u00f6rdjupa dig i dj\u00e4rv tjusning med v\u00e5rt sexiga bh-set med skira spets, med metallkedjor och volang strumpeband. Detta v\u00e5gade set visar intrikata spetsbroderier p\u00e5 ett skirt tyg, och erbjuder en balans mellan provocerande detaljer och suver\u00e4n komfort. Detta underkl\u00e4der \u00e4r lika lockande som det \u00e4r distinkt.<\/p>","protected":false},"featured_media":42630,"template":"","meta":[],"product_brand":[],"product_cat":[368,367,375],"product_tag":[507,875,451,510,446,864],"class_list":{"0":"post-42613","1":"product","2":"type-product","3":"status-publish","4":"has-post-thumbnail","6":"product_cat-bra-panty-set","7":"product_cat-sexy-lingerie","8":"product_cat-whoelsale-sheer-bra-and-panty-sets","9":"product_tag-three-pcs-set","10":"product_tag-lace-sexy-lingerie","11":"product_tag-wholesale-revealing-lingerie","12":"product_tag-ruffles-lingerie","13":"product_tag-wholesale-sexy-see-through-lingerie","14":"product_tag-sexy-petite-lingerie","15":"pa_color-black","16":"pa_color-red-women-sexy-lingerie","17":"pa_color-white","18":"pa_size-wholesale-large-size-women-sexy-lingerie","19":"pa_size-wholesale-medium-size-women-sexy-lingerie","20":"pa_size-wholesale-small-size-sexy-lingerie","22":"first","23":"instock","24":"taxable","25":"shipping-taxable","26":"purchasable","27":"product-type-variable"},"tiered_pricing_type":"fixed","tiered_pricing_fixed_rules":[],"tiered_pricing_product_settings":{"layout":"default","base_unit_name":{"singular":null,"plural":null},"default_variation":null},"tiered_pricing_minimum_quantity":null,"tiered_pricing_roles_data":{"default_wholesaler":{"product_id":42613,"role":"default_wholesaler","pricing_type":"flat","regular_price":null,"sale_price":null,"discount":null,"discount_type":"sale_price","tiered_pricing_type":"fixed","percentage_rules":[],"fixed_rules":{"2":"10.99","30":"9.39","500":"8.29"},"minimum":null},"dropshippinger":{"product_id":42613,"role":"dropshippinger","pricing_type":"flat","regular_price":null,"sale_price":null,"discount":null,"discount_type":"sale_price","tiered_pricing_type":"fixed","percentage_rules":[],"fixed_rules":{"1":"13.19","5":"10.99","30":"9.39"},"minimum":null}},"tiered_pricing_percentage_rules":[],"tiered_pricing_maximum_quantity":null,"tiered_pricing_quantity_step":null,"_links":{"self":[{"href":"https:\/\/gretasexylingerie.com\/sv\/wp-json\/wp\/v2\/product\/42613","targetHints":{"allow":["GET"]}}],"collection":[{"href":"https:\/\/gretasexylingerie.com\/sv\/wp-json\/wp\/v2\/product"}],"about":[{"href":"https:\/\/gretasexylingerie.com\/sv\/wp-json\/wp\/v2\/types\/product"}],"wp:featuredmedia":[{"embeddable":true,"href":"https:\/\/gretasexylingerie.com\/sv\/wp-json\/wp\/v2\/media\/42630"}],"wp:attachment":[{"href":"https:\/\/gretasexylingerie.com\/sv\/wp-json\/wp\/v2\/media?parent=42613"}],"wp:term":[{"taxonomy":"product_brand","embeddable":true,"href":"https:\/\/gretasexylingerie.com\/sv\/wp-json\/wp\/v2\/product_brand?post=42613"},{"taxonomy":"product_cat","embeddable":true,"href":"https:\/\/gretasexylingerie.com\/sv\/wp-json\/wp\/v2\/product_cat?post=42613"},{"taxonomy":"product_tag","embeddable":true,"href":"https:\/\/gretasexylingerie.com\/sv\/wp-json\/wp\/v2\/product_tag?post=42613"}],"curies":[{"name":"wp","href":"https:\/\/api.w.org\/{rel}","templated":true}]}}