{"id":42568,"date":"2023-06-20T23:10:18","date_gmt":"2023-06-20T15:10:18","guid":{"rendered":"https:\/\/gretasexylingerie.com\/?post_type=product&#038;p=42568"},"modified":"2023-12-09T17:51:18","modified_gmt":"2023-12-09T09:51:18","slug":"bla-bh-trosa-set-med-broderade-blommor","status":"publish","type":"product","link":"https:\/\/gretasexylingerie.com\/sv\/products\/blue-bra-panty-set-with-embroidered-flowers\/","title":{"rendered":"Bl\u00e5 BH &amp; Trosa Set med broderade blommor"},"content":{"rendered":"<ol class=\"wp-block-list\">\n<li>Elegant design: De broderade blommorna p\u00e5 bl\u00e5tt tyg erbjuder en raffinerad estetik, perfekt f\u00f6r dem som s\u00f6ker sofistikerade underkl\u00e4der.<\/li>\n\n\n\n<li>Unika egenskaper: De broderade blommorna introducerar ett unikt och visuellt tilltalande element till setet.<\/li>\n\n\n\n<li>Trendanpassad: Designen \u00e4r i linje med nuvarande underkl\u00e4destrender, vilket g\u00f6r den till ett m\u00e5ste f\u00f6r den modemedvetna.<\/li>\n\n\n\n<li>Komfort och passform: Setet \u00e4r tillverkat av luftig tyll och s\u00e4kerst\u00e4ller en \u00e5tsittande och bekv\u00e4m passform, anpassad till olika kroppstyper.<\/li>\n\n\n\n<li>Delikat hantverk: Det intrikata broderiet och det mjuka tyllmaterialet visar upp det h\u00f6gkvalitativa hantverket som ing\u00e5r i setets skapelse.<\/li>\n<\/ol>\n\n\n\n<p>Sammanfattningsvis \u00e4r det bl\u00e5 bh- och trossetet med broderade blommor en elegant blandning av design, komfort och hantverk. Dess unika egenskaper och trendanpassade stil g\u00f6r den till ett sofistikerat men \u00e4nd\u00e5 bekv\u00e4mt komplement till alla underkl\u00e4deskollektioner.<\/p>\n\n\n\n<figure class=\"wp-block-table is-style-stripes\"><table class=\"has-fixed-layout\"><tbody><tr><td colspan=\"5\">Webbplatsdiagram (CM)<\/td><\/tr><tr><td>Storlek<\/td><td>L\u00e4ngd<\/td><td>\u00d6vre byst<\/td><td>Midjeband<\/td><td>Midjelinje<\/td><\/tr><tr><td>S<\/td><td>22<\/td><td>71-88<\/td><td>64-92<\/td><td>70-92<\/td><\/tr><tr><td>M<\/td><td>23<\/td><td>75-92<\/td><td>68-96<\/td><td>74-96<\/td><\/tr><tr><td>L<\/td><td>24<\/td><td>79-96<\/td><td>72-100<\/td><td>78-100<\/td><\/tr><tr><td colspan=\"5\">Webbplatsdiagram (INCH)<\/td><\/tr><tr><td>Storlek<\/td><td>L\u00e4ngd<\/td><td>\u00d6vre byst<\/td><td>Nedre byst<\/td><td>midjelinje<\/td><\/tr><tr><td>S<\/td><td>8.66<\/td><td>27.95-34.65<\/td><td>25.20-36.22<\/td><td>27.56-36.22<\/td><\/tr><tr><td>M<\/td><td>9.06<\/td><td>29.53-36.22<\/td><td>26.77-37.80<\/td><td>29.13-37.80<\/td><\/tr><tr><td>L<\/td><td>9.45<\/td><td>31.10-37.80<\/td><td>28.35-39.37<\/td><td>30.71-39.37<\/td><\/tr><\/tbody><\/table><\/figure>","protected":false},"excerpt":{"rendered":"<p>Uppt\u00e4ck delikat elegans med v\u00e5rt Blue BH &amp; Trosa Set, prydd med broderade blommor p\u00e5 luftig tyll. Detta set kapslar in sk\u00f6nhet i enkelhet och erbjuder en balans mellan intrikata detaljer och bekv\u00e4mt slitage. Det \u00e4r ett underkl\u00e4der som \u00e4r lika mjukt att ta p\u00e5 som det \u00e4r tilltalande f\u00f6r \u00f6gat.<\/p>\n<p>https:\/\/youtu.be\/BUFMRxyxQ-U<\/p>","protected":false},"featured_media":42578,"template":"","meta":[],"product_brand":[],"product_cat":[368,367,375],"product_tag":[507,448,454,870,532,518,973,446],"class_list":{"0":"post-42568","1":"product","2":"type-product","3":"status-publish","4":"has-post-thumbnail","6":"product_cat-bra-panty-set","7":"product_cat-sexy-lingerie","8":"product_cat-whoelsale-sheer-bra-and-panty-sets","9":"product_tag-three-pcs-set","10":"product_tag-wholesale-elegant-sexy-lingerie","11":"product_tag-wholesale-sexy-embroidered-lingerie","12":"product_tag-floral-lingerie","13":"product_tag-lingerie-suspender-set","14":"product_tag-mesh-lingerie","15":"product_tag-oem","16":"product_tag-wholesale-sexy-see-through-lingerie","17":"pa_color-blue-women-sexy-lingerie","18":"pa_size-wholesale-large-size-women-sexy-lingerie","19":"pa_size-wholesale-medium-size-women-sexy-lingerie","20":"pa_size-wholesale-small-size-sexy-lingerie","22":"first","23":"outofstock","24":"taxable","25":"shipping-taxable","26":"purchasable","27":"product-type-variable"},"tiered_pricing_type":"fixed","tiered_pricing_fixed_rules":[],"tiered_pricing_product_settings":{"layout":"default","base_unit_name":{"singular":null,"plural":null},"default_variation":{}},"tiered_pricing_minimum_quantity":null,"tiered_pricing_roles_data":{"default_wholesaler":{"product_id":42568,"role":"default_wholesaler","pricing_type":"flat","regular_price":null,"sale_price":null,"discount":null,"discount_type":"sale_price","tiered_pricing_type":"fixed","percentage_rules":[],"fixed_rules":{"2":"9.69","30":"8.29","500":"7.29"},"minimum":null},"dropshippinger":{"product_id":42568,"role":"dropshippinger","pricing_type":"flat","regular_price":null,"sale_price":null,"discount":null,"discount_type":"sale_price","tiered_pricing_type":"fixed","percentage_rules":[],"fixed_rules":{"1":"11.59","5":"9.69","30":"8.29"},"minimum":null}},"tiered_pricing_percentage_rules":[],"tiered_pricing_maximum_quantity":null,"tiered_pricing_quantity_step":null,"_links":{"self":[{"href":"https:\/\/gretasexylingerie.com\/sv\/wp-json\/wp\/v2\/product\/42568","targetHints":{"allow":["GET"]}}],"collection":[{"href":"https:\/\/gretasexylingerie.com\/sv\/wp-json\/wp\/v2\/product"}],"about":[{"href":"https:\/\/gretasexylingerie.com\/sv\/wp-json\/wp\/v2\/types\/product"}],"wp:featuredmedia":[{"embeddable":true,"href":"https:\/\/gretasexylingerie.com\/sv\/wp-json\/wp\/v2\/media\/42578"}],"wp:attachment":[{"href":"https:\/\/gretasexylingerie.com\/sv\/wp-json\/wp\/v2\/media?parent=42568"}],"wp:term":[{"taxonomy":"product_brand","embeddable":true,"href":"https:\/\/gretasexylingerie.com\/sv\/wp-json\/wp\/v2\/product_brand?post=42568"},{"taxonomy":"product_cat","embeddable":true,"href":"https:\/\/gretasexylingerie.com\/sv\/wp-json\/wp\/v2\/product_cat?post=42568"},{"taxonomy":"product_tag","embeddable":true,"href":"https:\/\/gretasexylingerie.com\/sv\/wp-json\/wp\/v2\/product_tag?post=42568"}],"curies":[{"name":"wp","href":"https:\/\/api.w.org\/{rel}","templated":true}]}}