{"id":42230,"date":"2023-06-15T22:49:17","date_gmt":"2023-06-15T14:49:17","guid":{"rendered":"https:\/\/gretasexylingerie.com\/?post_type=product&#038;p=42230"},"modified":"2024-04-04T13:01:52","modified_gmt":"2024-04-04T05:01:52","slug":"elegant-skir-spets-bh-set-med-fargglada-fjaderaccenter","status":"publish","type":"product","link":"https:\/\/gretasexylingerie.com\/sv\/products\/elegant-sheer-lace-bra-set-with-colorful-feather-accents\/","title":{"rendered":"Elegant bh-set med skir spets med f\u00e4rgglada fj\u00e4deraccenter"},"content":{"rendered":"<ol class=\"wp-block-list\">\n<li>Unik design: Kombinationen av skir spets, en spetschoker och fj\u00e4deraccenter ger en unik estetik, perfekt f\u00f6r dem som s\u00f6ker unika underkl\u00e4der.<\/li>\n\n\n\n<li>Lekfull elegans: De f\u00e4rgglada fj\u00e4deraccenterna ger en lekfull, livfull touch till setets klassiska elegans.<\/li>\n\n\n\n<li>Trendanpassad: Designen h\u00e5ller sig i takt med samtida underkl\u00e4destrender och tilltalar modeintresserade.<\/li>\n\n\n\n<li>Detaljerat hantverk: De delikata spetsdetaljerna och den genomt\u00e4nkta fj\u00e4derplaceringen framh\u00e4ver noggrant hantverk.<\/li>\n\n\n\n<li>Komfort och passform: Setet s\u00e4kerst\u00e4ller en bekv\u00e4m passform tack vare kvalitetsmaterial och v\u00e4ldesignade funktioner.<\/li>\n<\/ol>\n\n\n\n<p>Sammanfattningsvis \u00e4r det eleganta Sheer Lace BH-setet med spetschoker och f\u00e4rgglada fj\u00e4deraccenter en sl\u00e5ende blandning av elegans, nyckfullhet och komfort. Dess unika design och kvalitetshantverk g\u00f6r den till ett anm\u00e4rkningsv\u00e4rt till\u00e4gg till alla underkl\u00e4deskollektioner, och lovar en lekfull och sofistikerad look.<\/p>\n\n\n\n<figure class=\"wp-block-table is-style-stripes\"><table class=\"has-fixed-layout\"><tbody><tr><td colspan=\"5\">Webbplatsdiagram (CM)<\/td><\/tr><tr><td>Storlek<\/td><td>L\u00e4ngd<\/td><td>\u00d6vre byst<\/td><td>Nedre byst<\/td><td>midjelinje<\/td><\/tr><tr><td>S<\/td><td>21.5<\/td><td>68-88<\/td><td>68<\/td><td>70<\/td><\/tr><tr><td>M<\/td><td>22.5<\/td><td>72-92<\/td><td>72<\/td><td>74<\/td><\/tr><tr><td>L<\/td><td>23.5<\/td><td>79-96<\/td><td>76<\/td><td>78<\/td><\/tr><tr><td colspan=\"5\">Webbplatsdiagram (INCH)<\/td><\/tr><tr><td>Storlek<\/td><td>L\u00e4ngd<\/td><td>\u00d6vre byst<\/td><td>Nedre byst<\/td><td>midjelinje<\/td><\/tr><tr><td>S<\/td><td>8.46<\/td><td>26.77-34.65<\/td><td>26.77<\/td><td>27.56<\/td><\/tr><tr><td>M<\/td><td>8.86<\/td><td>28.35-36.22<\/td><td>28.35<\/td><td>29.13<\/td><\/tr><tr><td>L<\/td><td>9.25<\/td><td>31.10-37.80<\/td><td>29.92<\/td><td>30.71<\/td><\/tr><\/tbody><\/table><\/figure>","protected":false},"excerpt":{"rendered":"<p>Utforska det sofistikerade i v\u00e5rt eleganta Sheer Lace BH Set, prydd med en spetschoker och f\u00e4rgglada fj\u00e4drar. Denna unika ensemble, gjord av skir spets, balanserar klassisk elegans och lekfull charm. Fj\u00e4deraccenterna p\u00e5 axelremmarna och midjebandet introducerar en f\u00e4rgskur och skapar ett underkl\u00e4desset som \u00e4r b\u00e5de nyckfullt och raffinerat.<\/p>","protected":false},"featured_media":42251,"template":"","meta":[],"product_brand":[],"product_cat":[368,369,367],"product_tag":[505,448,522,516,524,510,446,865,863],"class_list":{"0":"post-42230","1":"product","2":"type-product","3":"status-publish","4":"has-post-thumbnail","6":"product_cat-bra-panty-set","7":"product_cat-wholesale-lace-bra-and-panty-sets","8":"product_cat-sexy-lingerie","9":"product_tag-5-piece-lingerie-set","10":"product_tag-wholesale-elegant-sexy-lingerie","11":"product_tag-eyelash-lingerie","12":"product_tag-lace-lingerie","13":"product_tag-metal-lingerie","14":"product_tag-ruffles-lingerie","15":"product_tag-wholesale-sexy-see-through-lingerie","16":"product_tag-sexy-skimpy-lingerie","17":"product_tag-sexy-thong-lingerie","18":"pa_color-black","19":"pa_color-light-blue-women-sexy-lingerie","20":"pa_color-red-women-sexy-lingerie","21":"pa_size-wholesale-large-size-women-sexy-lingerie","22":"pa_size-wholesale-medium-size-women-sexy-lingerie","23":"pa_size-wholesale-small-size-sexy-lingerie","25":"first","26":"instock","27":"taxable","28":"shipping-taxable","29":"purchasable","30":"product-type-variable"},"tiered_pricing_type":"fixed","tiered_pricing_fixed_rules":[],"tiered_pricing_product_settings":{"layout":"table","base_unit_name":{"singular":null,"plural":null},"default_variation":{}},"tiered_pricing_minimum_quantity":null,"tiered_pricing_roles_data":{"default_wholesaler":{"product_id":42230,"role":"default_wholesaler","pricing_type":"flat","regular_price":null,"sale_price":null,"discount":null,"discount_type":"sale_price","tiered_pricing_type":"fixed","percentage_rules":[],"fixed_rules":{"2":"11.49","30":"9.89","500":"8.59"},"minimum":null},"dropshippinger":{"product_id":42230,"role":"dropshippinger","pricing_type":"flat","regular_price":null,"sale_price":null,"discount":null,"discount_type":"sale_price","tiered_pricing_type":"fixed","percentage_rules":[],"fixed_rules":{"1":"13.79","5":"11.49","30":"9.89"},"minimum":null}},"tiered_pricing_percentage_rules":[],"tiered_pricing_maximum_quantity":null,"tiered_pricing_quantity_step":null,"_links":{"self":[{"href":"https:\/\/gretasexylingerie.com\/sv\/wp-json\/wp\/v2\/product\/42230","targetHints":{"allow":["GET"]}}],"collection":[{"href":"https:\/\/gretasexylingerie.com\/sv\/wp-json\/wp\/v2\/product"}],"about":[{"href":"https:\/\/gretasexylingerie.com\/sv\/wp-json\/wp\/v2\/types\/product"}],"wp:featuredmedia":[{"embeddable":true,"href":"https:\/\/gretasexylingerie.com\/sv\/wp-json\/wp\/v2\/media\/42251"}],"wp:attachment":[{"href":"https:\/\/gretasexylingerie.com\/sv\/wp-json\/wp\/v2\/media?parent=42230"}],"wp:term":[{"taxonomy":"product_brand","embeddable":true,"href":"https:\/\/gretasexylingerie.com\/sv\/wp-json\/wp\/v2\/product_brand?post=42230"},{"taxonomy":"product_cat","embeddable":true,"href":"https:\/\/gretasexylingerie.com\/sv\/wp-json\/wp\/v2\/product_cat?post=42230"},{"taxonomy":"product_tag","embeddable":true,"href":"https:\/\/gretasexylingerie.com\/sv\/wp-json\/wp\/v2\/product_tag?post=42230"}],"curies":[{"name":"wp","href":"https:\/\/api.w.org\/{rel}","templated":true}]}}