{"id":42193,"date":"2023-06-15T21:45:25","date_gmt":"2023-06-15T13:45:25","guid":{"rendered":"https:\/\/gretasexylingerie.com\/?post_type=product&#038;p=42193"},"modified":"2026-03-25T23:36:48","modified_gmt":"2026-03-25T15:36:48","slug":"genomskinlig-spets-bh-och-trosset-med-dubbelt-brostlyft","status":"publish","type":"product","link":"https:\/\/gretasexylingerie.com\/sv\/products\/see-through-lace-bra-and-panty-set-with-double-chest-lift\/","title":{"rendered":"Genomskinlig spets-bh och trosset med dubbelt br\u00f6stlyft"},"content":{"rendered":"<ol class=\"wp-block-list\">\n<li>Sensuell design: Det genomskinliga spetsmaterialet erbjuder en v\u00e5gad estetik, perfekt f\u00f6r dem som s\u00f6ker sexiga underkl\u00e4der.<\/li>\n\n\n\n<li>Unika egenskaper: Halter- och axelremsdesignen ger ett dubbelt br\u00f6stlyft, vilket s\u00e4kerst\u00e4ller en f\u00f6rb\u00e4ttrande och smickrande passform.<\/li>\n\n\n\n<li>Delikat detaljering: Till\u00e4gget av \u00f6gonfransdetaljer ger en touch av elegans, vilket framh\u00e4ver kvaliteten p\u00e5 hantverket.<\/li>\n\n\n\n<li>Trendanpassad: Designen \u00e4r i linje med nuvarande underkl\u00e4destrender, vilket g\u00f6r den till en favorit bland modeforwarden.<\/li>\n\n\n\n<li>Komfort och passform: Trots sin dj\u00e4rva design s\u00e4kerst\u00e4ller setet komfort och passform, tack vare dess h\u00f6gkvalitativa material och genomt\u00e4nkta design.<\/li>\n<\/ol>\n\n\n\n<p>Sammanfattningsvis \u00e4r det genomskinliga spets-bh och trosset med dubbelt br\u00f6stlyft en f\u00e4ngslande blandning av v\u00e5gad design och komfort. Dess unika egenskaper och detaljerade hantverk g\u00f6r den till ett \u00f6nskv\u00e4rt komplement till alla underkl\u00e4deskollektioner, och lovar en lockande och sofistikerad look.<\/p>\n\n\n\n<figure class=\"wp-block-table is-style-stripes\"><table class=\"has-fixed-layout\"><tbody><tr><td colspan=\"5\">Webbplatsdiagram (CM)<\/td><\/tr><tr><td>Storlek<\/td><td>L\u00e4ngd<\/td><td>\u00d6vre byst<\/td><td>Nedre byst<\/td><td>midjelinje<\/td><\/tr><tr><td>S<\/td><td>20<\/td><td>68-88<\/td><td>61-88<\/td><td>66-96<\/td><\/tr><tr><td>M<\/td><td>21<\/td><td>72-92<\/td><td>65-92<\/td><td>70-100<\/td><\/tr><tr><td>L<\/td><td>22<\/td><td>79-96<\/td><td>69-96<\/td><td>74-104<\/td><\/tr><tr><td colspan=\"5\">Webbplatsdiagram (INCH)<\/td><\/tr><tr><td>Storlek<\/td><td>L\u00e4ngd<\/td><td>\u00d6vre byst<\/td><td>Nedre byst<\/td><td>midjelinje<\/td><\/tr><tr><td>S<\/td><td>7.87<\/td><td>26.77-34.65<\/td><td>24.02-34.65<\/td><td>25.98-37.80<\/td><\/tr><tr><td>M<\/td><td>8.27<\/td><td>28.35-36.22<\/td><td>25.59-36.22<\/td><td>27.56-39.37<\/td><\/tr><tr><td>L<\/td><td>8.66<\/td><td>31.10-37.80<\/td><td>27.17-37.80<\/td><td>29.13-40.94<\/td><\/tr><\/tbody><\/table><\/figure>","protected":false},"excerpt":{"rendered":"<p>Upplev tjusningen med v\u00e5rt genomskinliga spets-bh och trosset, med ett dubbelt br\u00f6stlyft. Denna lockande ensemble, prydd med \u00f6mt\u00e5liga \u00f6gonfransdetaljer, balanserar elegans och sensualitet. Grim- och axelremsdesignen f\u00f6rb\u00e4ttrar lyft och st\u00f6d, vilket skapar ett underkl\u00e4der som \u00e4r lika smickrande som attraktivt.<\/p>","protected":false},"featured_media":42210,"template":"","meta":[],"product_brand":[],"product_cat":[368,369,367,376],"product_tag":[448,522,528,516,451,446,880,867,504],"class_list":{"0":"post-42193","1":"product","2":"type-product","3":"status-publish","4":"has-post-thumbnail","6":"product_cat-bra-panty-set","7":"product_cat-wholesale-lace-bra-and-panty-sets","8":"product_cat-sexy-lingerie","9":"product_cat-wholesale-ultra-sexy-bra-panty-set","10":"product_tag-wholesale-elegant-sexy-lingerie","11":"product_tag-eyelash-lingerie","12":"product_tag-halter-lingerie","13":"product_tag-lace-lingerie","14":"product_tag-wholesale-revealing-lingerie","15":"product_tag-wholesale-sexy-see-through-lingerie","16":"product_tag-sexy-2-piece-lingerie","17":"product_tag-sexy-push-up-lingerie","18":"product_tag-ultra-sexy","19":"pa_color-black","20":"pa_color-red-women-sexy-lingerie","21":"pa_color-sea-green-women-sexy-lingerie","22":"pa_size-wholesale-large-size-women-sexy-lingerie","23":"pa_size-wholesale-medium-size-women-sexy-lingerie","24":"pa_size-wholesale-small-size-sexy-lingerie","26":"first","27":"instock","28":"taxable","29":"shipping-taxable","30":"purchasable","31":"product-type-variable"},"tiered_pricing_type":"fixed","tiered_pricing_fixed_rules":[],"tiered_pricing_product_settings":{"layout":"default","base_unit_name":{"singular":null,"plural":null},"default_variation":{}},"tiered_pricing_minimum_quantity":null,"tiered_pricing_roles_data":{"default_wholesaler":{"product_id":42193,"role":"default_wholesaler","pricing_type":"flat","regular_price":null,"sale_price":null,"discount":null,"discount_type":"sale_price","tiered_pricing_type":"fixed","percentage_rules":[],"fixed_rules":{"2":"9.69","30":"8.29","500":"7.29"},"minimum":null},"dropshippinger":{"product_id":42193,"role":"dropshippinger","pricing_type":"flat","regular_price":null,"sale_price":null,"discount":null,"discount_type":"sale_price","tiered_pricing_type":"fixed","percentage_rules":[],"fixed_rules":{"1":"11.59","5":"9.69","30":"8.29"},"minimum":null}},"tiered_pricing_percentage_rules":[],"tiered_pricing_maximum_quantity":null,"tiered_pricing_quantity_step":null,"_links":{"self":[{"href":"https:\/\/gretasexylingerie.com\/sv\/wp-json\/wp\/v2\/product\/42193","targetHints":{"allow":["GET"]}}],"collection":[{"href":"https:\/\/gretasexylingerie.com\/sv\/wp-json\/wp\/v2\/product"}],"about":[{"href":"https:\/\/gretasexylingerie.com\/sv\/wp-json\/wp\/v2\/types\/product"}],"wp:featuredmedia":[{"embeddable":true,"href":"https:\/\/gretasexylingerie.com\/sv\/wp-json\/wp\/v2\/media\/42210"}],"wp:attachment":[{"href":"https:\/\/gretasexylingerie.com\/sv\/wp-json\/wp\/v2\/media?parent=42193"}],"wp:term":[{"taxonomy":"product_brand","embeddable":true,"href":"https:\/\/gretasexylingerie.com\/sv\/wp-json\/wp\/v2\/product_brand?post=42193"},{"taxonomy":"product_cat","embeddable":true,"href":"https:\/\/gretasexylingerie.com\/sv\/wp-json\/wp\/v2\/product_cat?post=42193"},{"taxonomy":"product_tag","embeddable":true,"href":"https:\/\/gretasexylingerie.com\/sv\/wp-json\/wp\/v2\/product_tag?post=42193"}],"curies":[{"name":"wp","href":"https:\/\/api.w.org\/{rel}","templated":true}]}}