{"id":42175,"date":"2023-06-15T20:47:49","date_gmt":"2023-06-15T12:47:49","guid":{"rendered":"https:\/\/gretasexylingerie.com\/?post_type=product&#038;p=42175"},"modified":"2024-01-17T22:11:31","modified_gmt":"2024-01-17T14:11:31","slug":"svart-grimma-bh-och-trosor-set","status":"publish","type":"product","link":"https:\/\/gretasexylingerie.com\/sv\/products\/black-halter-strap-bra-and-panty-set\/","title":{"rendered":"Svart Halter Strap BH och Trosa Set"},"content":{"rendered":"<ol class=\"wp-block-list\">\n<li>Dubbel design: Kombinationen av grimma och axelremmar erbjuder en unik, smickrande design, perfekt f\u00f6r dem som s\u00f6ker en innovativ underkl\u00e4desstil.<\/li>\n\n\n\n<li>Classic Appeal: Setets tidl\u00f6sa svarta f\u00e4rg f\u00f6rst\u00e4rker dess attraktionskraft och s\u00e4kerst\u00e4ller att den passar s\u00f6ml\u00f6st in i alla underkl\u00e4deskollektioner.<\/li>\n\n\n\n<li>M\u00e5ngsidig stil: Designen med dubbla remmar m\u00f6jligg\u00f6r m\u00e5ngsidig anv\u00e4ndning, vilket g\u00f6r den l\u00e4mplig f\u00f6r en m\u00e4ngd olika outfits och tillf\u00e4llen.<\/li>\n\n\n\n<li>Trendanpassad: Designen harmoniserar med samtida modetrender, vilket g\u00f6r den till en favorit bland modemedvetna.<\/li>\n\n\n\n<li>Komfort och passform: Setet s\u00e4kerst\u00e4ller en bekv\u00e4m passform tack vare kvalitetsmaterial och genomt\u00e4nkt design.<\/li>\n<\/ol>\n\n\n\n<p>Sammanfattningsvis erbjuder Black Halter and Shoulder Strap BH och Trosa Set ett snyggt och bekv\u00e4mt alternativ f\u00f6r underkl\u00e4der. Dess design med dubbla remmar, den klassiska svarta nyansen och den trendm\u00e4ssiga stilen g\u00f6r den till ett m\u00e5ngsidigt och attraktivt tillskott som lovar att bli en stapelvara i alla underkl\u00e4deskollektioner.<\/p>\n\n\n\n<figure class=\"wp-block-table is-style-stripes\"><table class=\"has-fixed-layout\"><tbody><tr><td colspan=\"5\">Webbplatsdiagram (CM)<\/td><\/tr><tr><td>Storlek<\/td><td>L\u00e4ngd<\/td><td>\u00d6vre byst<\/td><td>Nedre byst<\/td><td>midjelinje<\/td><\/tr><tr><td>S<\/td><td>30<\/td><td>71-88<\/td><td>66<\/td><td>67<\/td><\/tr><tr><td>M<\/td><td>31<\/td><td>75-92<\/td><td>70<\/td><td>71<\/td><\/tr><tr><td>L<\/td><td>32<\/td><td>79-96<\/td><td>74<\/td><td>75<\/td><\/tr><tr><td colspan=\"5\">Webbplatsdiagram (INCH)<\/td><\/tr><tr><td>Storlek<\/td><td>L\u00e4ngd<\/td><td>\u00d6vre byst<\/td><td>Nedre byst<\/td><td>midjelinje<\/td><\/tr><tr><td>S<\/td><td>11.81<\/td><td>27.95-34.65<\/td><td>25.98<\/td><td>26.38<\/td><\/tr><tr><td>M<\/td><td>12.2<\/td><td>29.53-36.22<\/td><td>27.56<\/td><td>27.95<\/td><\/tr><tr><td>L<\/td><td>12.6<\/td><td>31.10-37.80<\/td><td>29.13<\/td><td>29.53<\/td><\/tr><\/tbody><\/table><\/figure>","protected":false},"excerpt":{"rendered":"<p>Omfamna elegansen i v\u00e5r svarta grimma och axelrems-bh och trosset. Denna chica ensemble, med en design med dubbla grimma och axelremmar, erbjuder en blandning av stil och komfort. Dess m\u00f6rka nyans f\u00f6rst\u00e4rker tjusningen och skapar en underkl\u00e4desvara som samtidigt \u00e4r m\u00e5ngsidig och f\u00e4ngslande.<\/p>","protected":false},"featured_media":42186,"template":"","meta":[],"product_brand":[],"product_cat":[368,367,375],"product_tag":[861,448,528,524,973,880,867],"class_list":{"0":"post-42175","1":"product","2":"type-product","3":"status-publish","4":"has-post-thumbnail","6":"product_cat-bra-panty-set","7":"product_cat-sexy-lingerie","8":"product_cat-whoelsale-sheer-bra-and-panty-sets","9":"product_tag-brunette-lingerie","10":"product_tag-wholesale-elegant-sexy-lingerie","11":"product_tag-halter-lingerie","12":"product_tag-metal-lingerie","13":"product_tag-oem","14":"product_tag-sexy-2-piece-lingerie","15":"product_tag-sexy-push-up-lingerie","16":"pa_color-black","17":"pa_size-wholesale-large-size-women-sexy-lingerie","18":"pa_size-wholesale-medium-size-women-sexy-lingerie","19":"pa_size-wholesale-small-size-sexy-lingerie","21":"first","22":"outofstock","23":"taxable","24":"shipping-taxable","25":"purchasable","26":"product-type-variable"},"tiered_pricing_type":"fixed","tiered_pricing_fixed_rules":[],"tiered_pricing_product_settings":{"layout":"default","base_unit_name":{"singular":null,"plural":null},"default_variation":null},"tiered_pricing_minimum_quantity":null,"tiered_pricing_roles_data":{"default_wholesaler":{"product_id":42175,"role":"default_wholesaler","pricing_type":"flat","regular_price":null,"sale_price":null,"discount":null,"discount_type":"sale_price","tiered_pricing_type":"fixed","percentage_rules":[],"fixed_rules":{"2":"7.89","30":"6.69","500":"5.89"},"minimum":null},"dropshippinger":{"product_id":42175,"role":"dropshippinger","pricing_type":"flat","regular_price":null,"sale_price":null,"discount":null,"discount_type":"sale_price","tiered_pricing_type":"fixed","percentage_rules":[],"fixed_rules":{"1":"9.39","5":"7.89","30":"6.69"},"minimum":null}},"tiered_pricing_percentage_rules":[],"tiered_pricing_maximum_quantity":null,"tiered_pricing_quantity_step":null,"_links":{"self":[{"href":"https:\/\/gretasexylingerie.com\/sv\/wp-json\/wp\/v2\/product\/42175","targetHints":{"allow":["GET"]}}],"collection":[{"href":"https:\/\/gretasexylingerie.com\/sv\/wp-json\/wp\/v2\/product"}],"about":[{"href":"https:\/\/gretasexylingerie.com\/sv\/wp-json\/wp\/v2\/types\/product"}],"wp:featuredmedia":[{"embeddable":true,"href":"https:\/\/gretasexylingerie.com\/sv\/wp-json\/wp\/v2\/media\/42186"}],"wp:attachment":[{"href":"https:\/\/gretasexylingerie.com\/sv\/wp-json\/wp\/v2\/media?parent=42175"}],"wp:term":[{"taxonomy":"product_brand","embeddable":true,"href":"https:\/\/gretasexylingerie.com\/sv\/wp-json\/wp\/v2\/product_brand?post=42175"},{"taxonomy":"product_cat","embeddable":true,"href":"https:\/\/gretasexylingerie.com\/sv\/wp-json\/wp\/v2\/product_cat?post=42175"},{"taxonomy":"product_tag","embeddable":true,"href":"https:\/\/gretasexylingerie.com\/sv\/wp-json\/wp\/v2\/product_tag?post=42175"}],"curies":[{"name":"wp","href":"https:\/\/api.w.org\/{rel}","templated":true}]}}