{"id":42143,"date":"2023-06-14T23:09:05","date_gmt":"2023-06-14T15:09:05","guid":{"rendered":"https:\/\/gretasexylingerie.com\/?post_type=product&#038;p=42143"},"modified":"2024-04-04T12:39:28","modified_gmt":"2024-04-04T04:39:28","slug":"sexig-spets-transparent-utskarning-bh-set-med-strumpband","status":"publish","type":"product","link":"https:\/\/gretasexylingerie.com\/sv\/products\/sexy-lacey-transparent-cutout-bra-set-with-garter\/","title":{"rendered":"Sexig Lacey Transparent Cutout BH Set med strumpeband"},"content":{"rendered":"<ol class=\"wp-block-list\">\n<li>Sensuell design: Den genomskinliga spetsdesignen lovar en f\u00f6rf\u00f6risk estetik som tilltalar dem som s\u00f6ker v\u00e5gade underkl\u00e4der.<\/li>\n\n\n\n<li>Detaljerat hantverk: \u00d6gonfransdetaljerna l\u00e4gger till ett element av f\u00f6rfining och visar noggrann uppm\u00e4rksamhet p\u00e5 detaljer.<\/li>\n\n\n\n<li>Unik ensemble: Att l\u00e4gga till ett matchande strumpeband ger en unik aspekt som berikar den \u00f6vergripande designen ytterligare.<\/li>\n\n\n\n<li>Fashion-Forward: I linje med moderna underkl\u00e4destrender, \u00e4r setet redo att bli en favorit bland dem som h\u00e5ller j\u00e4mna steg med mode.<\/li>\n\n\n\n<li>Kvalitet och komfort: Trots sin sexiga design garanterar setet komfort med sina h\u00f6gkvalitativa material och utm\u00e4rkt passform.<\/li>\n<\/ol>\n\n\n\n<p>Sammanfattningsvis, det sexiga Lacey Transparent Cutout BH Set med Strumpeband kombinerar dj\u00e4rv design och komfort. Dess uppm\u00e4rksamhet p\u00e5 detaljer, unika ensemble och kvalitetsmaterial g\u00f6r den till ett sl\u00e5ende till\u00e4gg till alla underkl\u00e4derrepertoarer.<\/p>\n\n\n\n<figure class=\"wp-block-table\"><table class=\"has-fixed-layout\"><tbody><tr><td colspan=\"5\">Webbplatsdiagram (CM)<\/td><\/tr><tr><td>Storlek<\/td><td>L\u00e4ngd<\/td><td>\u00d6vre byst<\/td><td>Nedre byst<\/td><td>midjelinje<\/td><\/tr><tr><td>S<\/td><td>19<\/td><td>70-88<\/td><td>64-88<\/td><td>70-96<\/td><\/tr><tr><td>M<\/td><td>20<\/td><td>74-92<\/td><td>68-92<\/td><td>74-100<\/td><\/tr><tr><td>L<\/td><td>21<\/td><td>78-96<\/td><td>72-96<\/td><td>78-104<\/td><\/tr><tr><td colspan=\"5\">Webbplatsdiagram (INCH)<\/td><\/tr><tr><td>Storlek<\/td><td>L\u00e4ngd<\/td><td>\u00d6vre byst<\/td><td>Nedre byst<\/td><td>midjelinje<\/td><\/tr><tr><td>S<\/td><td>7.48<\/td><td>27.56-34.65<\/td><td>25.20-34.65<\/td><td>27.56-37.80<\/td><\/tr><tr><td>M<\/td><td>7.87<\/td><td>29.13-36.22<\/td><td>26.77-36.22<\/td><td>29.13-39.37<\/td><\/tr><tr><td>L<\/td><td>8.27<\/td><td>30.71-37.80<\/td><td>28.35-37.80<\/td><td>30.71-40.94<\/td><\/tr><\/tbody><\/table><\/figure>","protected":false},"excerpt":{"rendered":"<p>H\u00f6j lockelsen med v\u00e5r sexiga Lacey Transparent Cutout BH Set med strumpeband. F\u00f6rst\u00e4rkt med \u00f6mt\u00e5liga \u00f6gonfransdetaljer, kombinerar detta set elegans med sensualitet. Transparensen och utsk\u00e4rningsdetaljerna l\u00e4gger till en lockande kant, som kulminerar i ett f\u00e4ngslande underkl\u00e4der.<\/p>","protected":false},"featured_media":42154,"template":"","meta":[],"product_brand":[],"product_cat":[368,369,367],"product_tag":[868,448,522,870,875,865],"class_list":{"0":"post-42143","1":"product","2":"type-product","3":"status-publish","4":"has-post-thumbnail","6":"product_cat-bra-panty-set","7":"product_cat-wholesale-lace-bra-and-panty-sets","8":"product_cat-sexy-lingerie","9":"product_tag-4-piece-lingerie-set","10":"product_tag-wholesale-elegant-sexy-lingerie","11":"product_tag-eyelash-lingerie","12":"product_tag-floral-lingerie","13":"product_tag-lace-sexy-lingerie","14":"product_tag-sexy-skimpy-lingerie","15":"pa_color-black","16":"pa_size-wholesale-large-size-women-sexy-lingerie","17":"pa_size-wholesale-medium-size-women-sexy-lingerie","18":"pa_size-wholesale-small-size-sexy-lingerie","20":"first","21":"instock","22":"taxable","23":"shipping-taxable","24":"purchasable","25":"product-type-variable"},"tiered_pricing_type":"fixed","tiered_pricing_fixed_rules":[],"tiered_pricing_product_settings":{"layout":"table","base_unit_name":{"singular":null,"plural":null},"default_variation":null},"tiered_pricing_minimum_quantity":null,"tiered_pricing_roles_data":{"default_wholesaler":{"product_id":42143,"role":"default_wholesaler","pricing_type":"flat","regular_price":null,"sale_price":null,"discount":null,"discount_type":"sale_price","tiered_pricing_type":"fixed","percentage_rules":[],"fixed_rules":{"2":"10.49","30":"8.99","500":"7.89"},"minimum":null},"dropshippinger":{"product_id":42143,"role":"dropshippinger","pricing_type":"flat","regular_price":null,"sale_price":null,"discount":null,"discount_type":"sale_price","tiered_pricing_type":"fixed","percentage_rules":[],"fixed_rules":{"1":"12.49","5":"10.49","30":"8.99"},"minimum":null}},"tiered_pricing_percentage_rules":[],"tiered_pricing_maximum_quantity":null,"tiered_pricing_quantity_step":null,"_links":{"self":[{"href":"https:\/\/gretasexylingerie.com\/sv\/wp-json\/wp\/v2\/product\/42143","targetHints":{"allow":["GET"]}}],"collection":[{"href":"https:\/\/gretasexylingerie.com\/sv\/wp-json\/wp\/v2\/product"}],"about":[{"href":"https:\/\/gretasexylingerie.com\/sv\/wp-json\/wp\/v2\/types\/product"}],"wp:featuredmedia":[{"embeddable":true,"href":"https:\/\/gretasexylingerie.com\/sv\/wp-json\/wp\/v2\/media\/42154"}],"wp:attachment":[{"href":"https:\/\/gretasexylingerie.com\/sv\/wp-json\/wp\/v2\/media?parent=42143"}],"wp:term":[{"taxonomy":"product_brand","embeddable":true,"href":"https:\/\/gretasexylingerie.com\/sv\/wp-json\/wp\/v2\/product_brand?post=42143"},{"taxonomy":"product_cat","embeddable":true,"href":"https:\/\/gretasexylingerie.com\/sv\/wp-json\/wp\/v2\/product_cat?post=42143"},{"taxonomy":"product_tag","embeddable":true,"href":"https:\/\/gretasexylingerie.com\/sv\/wp-json\/wp\/v2\/product_tag?post=42143"}],"curies":[{"name":"wp","href":"https:\/\/api.w.org\/{rel}","templated":true}]}}