{"id":42106,"date":"2023-06-14T22:41:55","date_gmt":"2023-06-14T14:41:55","guid":{"rendered":"https:\/\/gretasexylingerie.com\/?post_type=product&#038;p=42106"},"modified":"2024-04-04T12:35:36","modified_gmt":"2024-04-04T04:35:36","slug":"kontrasterande-farg-design-transparent-mesh-tre-delar-set","status":"publish","type":"product","link":"https:\/\/gretasexylingerie.com\/sv\/products\/contrasting-color-design-transparent-mesh-three-piece-set\/","title":{"rendered":"Kontrasterande f\u00e4rg Design Transparent Mesh Tre-delad Set"},"content":{"rendered":"<ol class=\"wp-block-list\">\n<li>Sl\u00e5ende design: Med kontrasterande f\u00e4rgelement och transparent mesh utlovar detta set en sl\u00e5ende estetik.<\/li>\n\n\n\n<li>Unik ensemble: Den tredelade konfigurationen l\u00e4gger till en unik dimension och erbjuder ett komplett, koordinerat utseende.<\/li>\n\n\n\n<li>Uppm\u00e4rksamhet p\u00e5 detaljer: Anv\u00e4ndningen av kontrasterande f\u00e4rger visar upp en genomt\u00e4nkt designstrategi som f\u00f6rst\u00e4rker setets charm.<\/li>\n\n\n\n<li>Trendanpassad: Designen harmoniserar med samtida underkl\u00e4destrender, vilket g\u00f6r den till ett modernt val.<\/li>\n\n\n\n<li>Komfort och kvalitet: Upps\u00e4ttningen \u00e4r tillverkad av h\u00f6gkvalitativa material och s\u00e4kerst\u00e4ller en bekv\u00e4m passform och h\u00e5llbar kvalitet.<\/li>\n<\/ol>\n\n\n\n<p>Sammanfattningsvis \u00e4r den kontrasterande f\u00e4rgdesignen Transparent Mesh Three-Piece Set en unik blandning av sl\u00e5ende design och komfort. Med sina dj\u00e4rva kontrastf\u00e4rger och kvalitetshantverk \u00e4r den redo att bli ett anm\u00e4rkningsv\u00e4rt till\u00e4gg till alla underkl\u00e4deskollektioner.<\/p>\n\n\n\n<figure class=\"wp-block-table is-style-stripes\"><table class=\"has-fixed-layout\"><tbody><tr><td colspan=\"5\">Webbplatsdiagram (CM)<\/td><\/tr><tr><td>Storlek<\/td><td>L\u00e4ngd<\/td><td>\u00d6vre byst<\/td><td>Nedre byst<\/td><td>midjelinje<\/td><\/tr><tr><td>S<\/td><td>12.5<\/td><td>64-88<\/td><td>62-88<\/td><td>66-96<\/td><\/tr><tr><td>M<\/td><td>13.5<\/td><td>68-92<\/td><td>66-92<\/td><td>70-100<\/td><\/tr><tr><td>L<\/td><td>14.5<\/td><td>72-96<\/td><td>70-96<\/td><td>74-104<\/td><\/tr><tr><td colspan=\"5\">Webbplatsdiagram (INCH)<\/td><\/tr><tr><td>Storlek<\/td><td>L\u00e4ngd<\/td><td>\u00d6vre byst<\/td><td>Nedre byst<\/td><td>midjelinje<\/td><\/tr><tr><td>S<\/td><td>4.92<\/td><td>25.20-34.65<\/td><td>24.41-34.65<\/td><td>25.98-37.80<\/td><\/tr><tr><td>M<\/td><td>5.31<\/td><td>26.77-36.22<\/td><td>25.98-36.22<\/td><td>27.56-39.37<\/td><\/tr><tr><td>L<\/td><td>5.71<\/td><td>28.35-37.80<\/td><td>27.56-37.80<\/td><td>29.13-40.94<\/td><\/tr><\/tbody><\/table><\/figure>","protected":false},"excerpt":{"rendered":"<p>Upplev charmen med v\u00e5rt transparenta tredelade mesh-set med kontrastf\u00e4rgdesign. Med ett genomt\u00e4nkt samspel av f\u00e4rger b\u00e4r setet en aura av chic sofistikering. Dess transparens f\u00f6rst\u00e4rker den \u00f6vergripande attraktionskraften, vilket ger en i\u00f6gonfallande ensemble.<\/p>","protected":false},"featured_media":42124,"template":"","meta":[],"product_brand":[],"product_cat":[368,367,375],"product_tag":[868,452,518,451,446],"class_list":{"0":"post-42106","1":"product","2":"type-product","3":"status-publish","4":"has-post-thumbnail","6":"product_cat-bra-panty-set","7":"product_cat-sexy-lingerie","8":"product_cat-whoelsale-sheer-bra-and-panty-sets","9":"product_tag-4-piece-lingerie-set","10":"product_tag-wholesale-boudoir-lingerie","11":"product_tag-mesh-lingerie","12":"product_tag-wholesale-revealing-lingerie","13":"product_tag-wholesale-sexy-see-through-lingerie","14":"pa_color-deep-pink-women-sexy-lingerie","15":"pa_color-deep-pink-and-green","16":"pa_color-green","17":"pa_color-orange","18":"pa_size-wholesale-large-size-women-sexy-lingerie","19":"pa_size-wholesale-medium-size-women-sexy-lingerie","20":"pa_size-wholesale-small-size-sexy-lingerie","22":"first","23":"instock","24":"taxable","25":"shipping-taxable","26":"purchasable","27":"product-type-variable"},"tiered_pricing_type":"fixed","tiered_pricing_fixed_rules":[],"tiered_pricing_product_settings":{"layout":"table","base_unit_name":{"singular":null,"plural":null},"default_variation":null},"tiered_pricing_minimum_quantity":null,"tiered_pricing_roles_data":{"default_wholesaler":{"product_id":42106,"role":"default_wholesaler","pricing_type":"flat","regular_price":null,"sale_price":null,"discount":null,"discount_type":"sale_price","tiered_pricing_type":"fixed","percentage_rules":[],"fixed_rules":{"2":"9.19","30":"7.89","500":"6.89"},"minimum":null},"dropshippinger":{"product_id":42106,"role":"dropshippinger","pricing_type":"flat","regular_price":null,"sale_price":null,"discount":null,"discount_type":"sale_price","tiered_pricing_type":"fixed","percentage_rules":[],"fixed_rules":{"1":"10.99","5":"9.19","30":"7.89"},"minimum":null}},"tiered_pricing_percentage_rules":[],"tiered_pricing_maximum_quantity":null,"tiered_pricing_quantity_step":null,"_links":{"self":[{"href":"https:\/\/gretasexylingerie.com\/sv\/wp-json\/wp\/v2\/product\/42106","targetHints":{"allow":["GET"]}}],"collection":[{"href":"https:\/\/gretasexylingerie.com\/sv\/wp-json\/wp\/v2\/product"}],"about":[{"href":"https:\/\/gretasexylingerie.com\/sv\/wp-json\/wp\/v2\/types\/product"}],"wp:featuredmedia":[{"embeddable":true,"href":"https:\/\/gretasexylingerie.com\/sv\/wp-json\/wp\/v2\/media\/42124"}],"wp:attachment":[{"href":"https:\/\/gretasexylingerie.com\/sv\/wp-json\/wp\/v2\/media?parent=42106"}],"wp:term":[{"taxonomy":"product_brand","embeddable":true,"href":"https:\/\/gretasexylingerie.com\/sv\/wp-json\/wp\/v2\/product_brand?post=42106"},{"taxonomy":"product_cat","embeddable":true,"href":"https:\/\/gretasexylingerie.com\/sv\/wp-json\/wp\/v2\/product_cat?post=42106"},{"taxonomy":"product_tag","embeddable":true,"href":"https:\/\/gretasexylingerie.com\/sv\/wp-json\/wp\/v2\/product_tag?post=42106"}],"curies":[{"name":"wp","href":"https:\/\/api.w.org\/{rel}","templated":true}]}}