{"id":42074,"date":"2023-06-14T21:33:45","date_gmt":"2023-06-14T13:33:45","guid":{"rendered":"https:\/\/gretasexylingerie.com\/?post_type=product&#038;p=42074"},"modified":"2024-04-04T12:31:14","modified_gmt":"2024-04-04T04:31:14","slug":"svart-nat-bh-och-trosset-med-flatade-sommar","status":"publish","type":"product","link":"https:\/\/gretasexylingerie.com\/sv\/products\/black-fishnet-bra-and-panty-set-with-braided-stitching\/","title":{"rendered":"Svart n\u00e4t-bh och trosset med fl\u00e4tade s\u00f6mmar"},"content":{"rendered":"<ol class=\"wp-block-list\">\n<li>V\u00e5gad design: Kombinationen av fiskn\u00e4t och ih\u00e5liga detaljer g\u00f6r denna upps\u00e4ttning till ett dj\u00e4rvt val, som l\u00e4gger till ett lager av sp\u00e4nning till alla underkl\u00e4deskollektioner.<\/li>\n\n\n\n<li>Unikt hantverk: De breda fl\u00e4tade s\u00f6mmarna uppvisar den intrikata uppm\u00e4rksamheten p\u00e5 detaljer och kvalitet som l\u00e5g i den h\u00e4r upps\u00e4ttningens skapelse.<\/li>\n\n\n\n<li>Sensuell dragningskraft: Dess supersexiga estetik v\u00e4nder sig till dem som vill utforska v\u00e5gade och provocerande underkl\u00e4desstilar.<\/li>\n\n\n\n<li>Trendanpassad: Designen \u00e4r synkroniserad med edgy modetrender, vilket g\u00f6r den till en potentiell publikbehagare bland modeforwarden.<\/li>\n\n\n\n<li>Komfort och passform: Trots sin v\u00e5gade design kompromissar man inte med komforten. H\u00f6gkvalitativa material och hantverk garanterar en bra passform och bekv\u00e4m b\u00e4rupplevelse.<\/li>\n<\/ol>\n\n\n\n<p>Sammanfattningsvis \u00e4r Black Fishnet BH och Trosa Set ett sensationellt tillskott till alla underkl\u00e4deskollektioner. Med sin v\u00e5gade design och intrikata hantverk lovar den att f\u00e4ngsla, samtidigt som den s\u00e4kerst\u00e4ller en kompromissl\u00f6s niv\u00e5 av komfort och passform.<\/p>\n\n\n\n<figure class=\"wp-block-table is-style-stripes\"><table class=\"has-fixed-layout\"><tbody><tr><td>Webbplatsdiagram (CM)<\/td><td><\/td><td><\/td><td><\/td><\/tr><tr><td>Storlek<\/td><td>UpperBust<\/td><td>Nedre byst<\/td><td>L\u00e4ngd<\/td><\/tr><tr><td>S<\/td><td>66-88<\/td><td>65-88<\/td><td>52<\/td><\/tr><tr><td>M<\/td><td>70-92<\/td><td>69-92<\/td><td>53.5<\/td><\/tr><tr><td>L<\/td><td>74-96<\/td><td>73-96<\/td><td>55<\/td><\/tr><tr><td>Webbplatsdiagram (INCH)<\/td><td><\/td><td><\/td><td><\/td><\/tr><tr><td>Storlek<\/td><td>L\u00e4ngd<\/td><td>\u00d6vre byst<\/td><td>Midjeband<\/td><\/tr><tr><td>S<\/td><td>25.98-34.65<\/td><td>25.59-34.65<\/td><td>20.47<\/td><\/tr><tr><td>M<\/td><td>27.56-36.22<\/td><td>27.17-36.22<\/td><td>21.06<\/td><\/tr><tr><td>L<\/td><td>29.13-37.80<\/td><td>28.74-37.80<\/td><td>21.65<\/td><\/tr><\/tbody><\/table><\/figure>","protected":false},"excerpt":{"rendered":"<p>Uppt\u00e4ck tjusningen med v\u00e5rt Black Fishnet BH- och trosset. Denna unika ensemble, tillverkad med intrikata, ih\u00e5liga, breda fl\u00e4tade s\u00f6mmar, presenterar en blandning av v\u00e5gat och detaljerat hantverk. Det h\u00e4r setets provocerande tilltalande skapar en oemotst\u00e5ndlig, ultrasexig kl\u00e4dsel.<\/p>\n<p>https:\/\/youtu.be\/RQJhhFsyr8Y<\/p>","protected":false},"featured_media":42084,"template":"","meta":[],"product_brand":[],"product_cat":[368,374,367,375,376],"product_tag":[507,541,518,451,446,453,447,504],"class_list":{"0":"post-42074","1":"product","2":"type-product","3":"status-publish","4":"has-post-thumbnail","6":"product_cat-bra-panty-set","7":"product_cat-wholesale-garter-belt-set","8":"product_cat-sexy-lingerie","9":"product_cat-whoelsale-sheer-bra-and-panty-sets","10":"product_cat-wholesale-ultra-sexy-bra-panty-set","11":"product_tag-three-pcs-set","12":"product_tag-fishnet-lingerie","13":"product_tag-mesh-lingerie","14":"product_tag-wholesale-revealing-lingerie","15":"product_tag-wholesale-sexy-see-through-lingerie","16":"product_tag-wholesale-sexy-naughty-lingerie","17":"product_tag-wholesale-strappy-sexy-lingerie","18":"product_tag-ultra-sexy","19":"pa_color-black","20":"pa_size-wholesale-large-size-women-sexy-lingerie","21":"pa_size-wholesale-medium-size-women-sexy-lingerie","22":"pa_size-wholesale-small-size-sexy-lingerie","24":"first","25":"instock","26":"taxable","27":"shipping-taxable","28":"purchasable","29":"product-type-variable"},"tiered_pricing_type":"fixed","tiered_pricing_fixed_rules":[],"tiered_pricing_product_settings":{"layout":"table","base_unit_name":{"singular":null,"plural":null},"default_variation":{}},"tiered_pricing_minimum_quantity":null,"tiered_pricing_roles_data":{"default_wholesaler":{"product_id":42074,"role":"default_wholesaler","pricing_type":"flat","regular_price":null,"sale_price":null,"discount":null,"discount_type":"sale_price","tiered_pricing_type":"fixed","percentage_rules":[],"fixed_rules":{"2":"9.39","30":"8.09","500":"7.09"},"minimum":null},"dropshippinger":{"product_id":42074,"role":"dropshippinger","pricing_type":"flat","regular_price":null,"sale_price":null,"discount":null,"discount_type":"sale_price","tiered_pricing_type":"fixed","percentage_rules":[],"fixed_rules":{"1":"11.29","5":"9.39","30":"8.09"},"minimum":null}},"tiered_pricing_percentage_rules":[],"tiered_pricing_maximum_quantity":null,"tiered_pricing_quantity_step":null,"_links":{"self":[{"href":"https:\/\/gretasexylingerie.com\/sv\/wp-json\/wp\/v2\/product\/42074","targetHints":{"allow":["GET"]}}],"collection":[{"href":"https:\/\/gretasexylingerie.com\/sv\/wp-json\/wp\/v2\/product"}],"about":[{"href":"https:\/\/gretasexylingerie.com\/sv\/wp-json\/wp\/v2\/types\/product"}],"wp:featuredmedia":[{"embeddable":true,"href":"https:\/\/gretasexylingerie.com\/sv\/wp-json\/wp\/v2\/media\/42084"}],"wp:attachment":[{"href":"https:\/\/gretasexylingerie.com\/sv\/wp-json\/wp\/v2\/media?parent=42074"}],"wp:term":[{"taxonomy":"product_brand","embeddable":true,"href":"https:\/\/gretasexylingerie.com\/sv\/wp-json\/wp\/v2\/product_brand?post=42074"},{"taxonomy":"product_cat","embeddable":true,"href":"https:\/\/gretasexylingerie.com\/sv\/wp-json\/wp\/v2\/product_cat?post=42074"},{"taxonomy":"product_tag","embeddable":true,"href":"https:\/\/gretasexylingerie.com\/sv\/wp-json\/wp\/v2\/product_tag?post=42074"}],"curies":[{"name":"wp","href":"https:\/\/api.w.org\/{rel}","templated":true}]}}