{"id":42023,"date":"2023-06-13T23:02:49","date_gmt":"2023-06-13T15:02:49","guid":{"rendered":"https:\/\/gretasexylingerie.com\/?post_type=product&#038;p=42023"},"modified":"2024-04-04T00:23:53","modified_gmt":"2024-04-03T16:23:53","slug":"lila-ogonfransspets-underklader-set-med-strumpeband","status":"publish","type":"product","link":"https:\/\/gretasexylingerie.com\/sv\/products\/purple-eyelash-lace-lingerie-set-with-garter\/","title":{"rendered":"Lila \u00f6gonfransspets underkl\u00e4der set med strumpeband"},"content":{"rendered":"<ol class=\"wp-block-list\">\n<li>Sl\u00e5ende design: Detta underkl\u00e4desset lovar att bli ett enast\u00e5ende till\u00e4gg som kombinerar transparent spets med en livlig lila nyans.<\/li>\n\n\n\n<li>Detaljering f\u00f6rtr\u00e4fflig: \u00d6gonfransspetsdetaljer s\u00e4kerst\u00e4ller sofistikering, vilket ger mer f\u00f6rfining till ensemblen.<\/li>\n\n\n\n<li>Unik ensemble: Det medf\u00f6ljande strumpebandet f\u00f6rst\u00e4rker setets unika karakt\u00e4r och tilltalar dem som s\u00f6ker distinkta underkl\u00e4der.<\/li>\n\n\n\n<li>Trendanpassad: Designen \u00e4r i linje med samtida modetrender, vilket g\u00f6r den till en potentiell favorit bland fashionabla individer.<\/li>\n\n\n\n<li>Kvalitet och komfort: H\u00f6gkvalitativa material och hantverk lovar en bekv\u00e4m passform, vilket s\u00e4kerst\u00e4ller att anv\u00e4ndaren blir n\u00f6jd.<\/li>\n<\/ol>\n\n\n\n<p>Sammanfattningsvis \u00e4r Purple Eyelash Lace Lingerie Set, med sin detaljerade design och snygga strumpeband, ett m\u00e4sterverk som balanserar trendighet med kvalitet och komfort. Denna extraordin\u00e4ra ensemble \u00e4r redo att m\u00f6ta behoven och \u00f6vertr\u00e4ffa f\u00f6rv\u00e4ntningarna hos alla underkl\u00e4desk\u00e4nnare, och erbjuder b\u00e5de visuellt tilltalande och n\u00f6jda anv\u00e4ndare.<\/p>\n\n\n\n<figure class=\"wp-block-table is-style-stripes\"><table class=\"has-fixed-layout\"><tbody><tr><td colspan=\"5\">Webbplatsdiagram (CM)<\/td><\/tr><tr><td>Storlek<\/td><td>S\u00e4tta dit<\/td><td>L\u00e4ngd<\/td><td>Midjeband<\/td><td>midjelinje<\/td><\/tr><tr><td>S<\/td><td>70-88<\/td><td>13<\/td><td>62<\/td><td>65<\/td><\/tr><tr><td>M<\/td><td>74-92<\/td><td>13.5<\/td><td>66<\/td><td>69<\/td><\/tr><tr><td>L<\/td><td>78-96<\/td><td>14<\/td><td>70<\/td><td>73<\/td><\/tr><tr><td colspan=\"5\">Webbplatsdiagram (INCH)<\/td><\/tr><tr><td>Storlek<\/td><td>L\u00e4ngd<\/td><td>\u00d6vre byst<\/td><td>Midjeband<\/td><td>midjelinje<\/td><\/tr><tr><td>S<\/td><td>27.56-34.65<\/td><td>5.12<\/td><td>24.41<\/td><td>25.59<\/td><\/tr><tr><td>M<\/td><td>29.13-36.22<\/td><td>5.31<\/td><td>25.98<\/td><td>27.17<\/td><\/tr><tr><td>L<\/td><td>30.71-37.80<\/td><td>5.51<\/td><td>27.56<\/td><td>28.74<\/td><\/tr><\/tbody><\/table><\/figure>","protected":false},"excerpt":{"rendered":"<p>Uppt\u00e4ck charmen med v\u00e5rt Purple Eyelash Lace Underkl\u00e4der Set, komplett med ett snyggt strumpeband. Tillverkad med intrikata, genomskinliga spetsar, utstr\u00e5lar setet elegans och lockelse. Den fantastiska lila f\u00e4rgen ger en distinkt touch och skapar en lyxig ensemble.<\/p>\n<p><iframe title=\"Lila \u00f6gonfransspets underkl\u00e4der set med strumpeband\" src=\"https:\/\/www.youtube.com\/embed\/HB6cl3kIb9E\" width=\"840\" height=\"630\" frameborder=\"0\" allowfullscreen=\"allowfullscreen\"><\/iframe><\/p>","protected":false},"featured_media":42033,"template":"","meta":[],"product_brand":[],"product_cat":[368,369,367],"product_tag":[507,452,448,516,446],"class_list":{"0":"post-42023","1":"product","2":"type-product","3":"status-publish","4":"has-post-thumbnail","6":"product_cat-bra-panty-set","7":"product_cat-wholesale-lace-bra-and-panty-sets","8":"product_cat-sexy-lingerie","9":"product_tag-three-pcs-set","10":"product_tag-wholesale-boudoir-lingerie","11":"product_tag-wholesale-elegant-sexy-lingerie","12":"product_tag-lace-lingerie","13":"product_tag-wholesale-sexy-see-through-lingerie","14":"pa_color-purple-women-sexy-lingerie","15":"pa_size-wholesale-large-size-women-sexy-lingerie","16":"pa_size-wholesale-medium-size-women-sexy-lingerie","17":"pa_size-wholesale-small-size-sexy-lingerie","19":"first","20":"instock","21":"taxable","22":"shipping-taxable","23":"purchasable","24":"product-type-variable"},"tiered_pricing_type":"fixed","tiered_pricing_fixed_rules":[],"tiered_pricing_product_settings":{"layout":"table","base_unit_name":{"singular":null,"plural":null},"default_variation":{}},"tiered_pricing_minimum_quantity":null,"tiered_pricing_roles_data":{"default_wholesaler":{"product_id":42023,"role":"default_wholesaler","pricing_type":"flat","regular_price":null,"sale_price":null,"discount":null,"discount_type":"sale_price","tiered_pricing_type":"fixed","percentage_rules":[],"fixed_rules":{"2":"7.59","30":"6.49","500":"5.69"},"minimum":null},"dropshippinger":{"product_id":42023,"role":"dropshippinger","pricing_type":"flat","regular_price":null,"sale_price":null,"discount":null,"discount_type":"sale_price","tiered_pricing_type":"fixed","percentage_rules":[],"fixed_rules":{"1":"9.09","5":"7.59","30":"6.49"},"minimum":null}},"tiered_pricing_percentage_rules":[],"tiered_pricing_maximum_quantity":null,"tiered_pricing_quantity_step":null,"_links":{"self":[{"href":"https:\/\/gretasexylingerie.com\/sv\/wp-json\/wp\/v2\/product\/42023","targetHints":{"allow":["GET"]}}],"collection":[{"href":"https:\/\/gretasexylingerie.com\/sv\/wp-json\/wp\/v2\/product"}],"about":[{"href":"https:\/\/gretasexylingerie.com\/sv\/wp-json\/wp\/v2\/types\/product"}],"wp:featuredmedia":[{"embeddable":true,"href":"https:\/\/gretasexylingerie.com\/sv\/wp-json\/wp\/v2\/media\/42033"}],"wp:attachment":[{"href":"https:\/\/gretasexylingerie.com\/sv\/wp-json\/wp\/v2\/media?parent=42023"}],"wp:term":[{"taxonomy":"product_brand","embeddable":true,"href":"https:\/\/gretasexylingerie.com\/sv\/wp-json\/wp\/v2\/product_brand?post=42023"},{"taxonomy":"product_cat","embeddable":true,"href":"https:\/\/gretasexylingerie.com\/sv\/wp-json\/wp\/v2\/product_cat?post=42023"},{"taxonomy":"product_tag","embeddable":true,"href":"https:\/\/gretasexylingerie.com\/sv\/wp-json\/wp\/v2\/product_tag?post=42023"}],"curies":[{"name":"wp","href":"https:\/\/api.w.org\/{rel}","templated":true}]}}