{"id":41984,"date":"2023-06-12T23:59:02","date_gmt":"2023-06-12T15:59:02","guid":{"rendered":"https:\/\/gretasexylingerie.com\/?post_type=product&#038;p=41984"},"modified":"2023-09-05T20:52:12","modified_gmt":"2023-09-05T12:52:12","slug":"midnight-temptation-mesh-bustier-set","status":"publish","type":"product","link":"https:\/\/gretasexylingerie.com\/sv\/products\/midnight-temptation-mesh-bustier-set\/","title":{"rendered":"Midnight Temptation Mesh Bustier Set"},"content":{"rendered":"<ol class=\"wp-block-list\">\n<li>Sensuell elegans: Midnight Temptation Mesh Bustier Set utstr\u00e5lar sensuell elegans, som kombinerar delikat svart mesh med provocerande designelement f\u00f6r en f\u00e4ngslande lockelse.<\/li>\n\n\n\n<li>F\u00f6rb\u00e4ttrad byst: Push-up-bysten, accentuerad av en fascinerande st\u00e5lring, skapar en lyft och f\u00f6rst\u00e4rkt siluett, st\u00e4rker sj\u00e4lvf\u00f6rtroendet och l\u00e4mnar ett best\u00e5ende intryck.<\/li>\n\n\n\n<li>Oemotst\u00e5ndlig komfort: V\u00e5rt set prioriterar b\u00e5de stil och komfort, med mjuka material som ger en bekv\u00e4m passform och m\u00f6jligg\u00f6r enkel anv\u00e4ndning hela dagen eller natten.<\/li>\n\n\n\n<li>M\u00e5ngsidig f\u00f6rf\u00f6relse: Fr\u00e5n intima m\u00f6ten till speciella tillf\u00e4llen, detta bustier set l\u00e5ter dina kunder omfamna sin sensualitet och uttrycka sin unika tjusning med oemotst\u00e5ndlig charm.<\/li>\n\n\n\n<li>Kompromissl\u00f6s kvalitet: Som en p\u00e5litlig leverant\u00f6r \u00e4r vi stolta \u00f6ver att leverera f\u00f6rstklassig kvalitet. Midnight Temptation Mesh Bustier Set visar exceptionellt hantverk och uppm\u00e4rksamhet p\u00e5 detaljer, vilket s\u00e4kerst\u00e4ller kundn\u00f6jdhet.<\/li>\n<\/ol>\n\n\n\n<p>Sk\u00e4m bort dig \u00e5t tjusningen med v\u00e5rt Midnight Temptation Mesh Bustier Set. Med sin sensuella elegans, f\u00f6rb\u00e4ttrade byst, oemotst\u00e5ndliga komfort, m\u00e5ngsidiga f\u00f6rf\u00f6relse och kompromissl\u00f6sa kvalitet, f\u00f6rkroppsligar den essensen av f\u00e4ngslande underkl\u00e4der. Attrahera kr\u00e4sna kunder och lyft din underkl\u00e4desaff\u00e4r med detta uts\u00f6kta till\u00e4gg till din samling.<\/p>\n\n\n\n<figure class=\"wp-block-table is-style-stripes\"><table><tbody><tr><td>YMX-Z2979A<\/td><td><\/td><td><\/td><td><\/td><td><\/td><\/tr><tr><td colspan=\"5\">Webbplatsdiagram (CM)<\/td><\/tr><tr><td>Storlek<\/td><td>L\u00e4ngd<\/td><td>\u00d6vre byst<\/td><td>Nedre byst<\/td><td>Midja<\/td><\/tr><tr><td>S<\/td><td>37<\/td><td>68-88<\/td><td>64-88<\/td><td>68-96<\/td><\/tr><tr><td>M<\/td><td>38<\/td><td>72-92<\/td><td>68-92<\/td><td>72-100<\/td><\/tr><tr><td>L<\/td><td>39<\/td><td>76-96<\/td><td>72-96<\/td><td>76-104<\/td><\/tr><tr><td colspan=\"5\">Webbplatsdiagram (INCH)<\/td><\/tr><tr><td>Storlek<\/td><td>Framl\u00e4ngd<\/td><td>Nacke<\/td><td>Under byst<\/td><td>Midja<\/td><\/tr><tr><td>S<\/td><td>14.57<\/td><td>26.77-34.65<\/td><td>25.20-34.65<\/td><td>26.77-37.80<\/td><\/tr><tr><td>M<\/td><td>14.96<\/td><td>28.35-36.22<\/td><td>26.77-36.22<\/td><td>28.35-39.37<\/td><\/tr><tr><td>L<\/td><td>15.35<\/td><td>29.92-37.80<\/td><td>28.35-37.80<\/td><td>29.92-40.94<\/td><\/tr><\/tbody><\/table><\/figure>","protected":false},"excerpt":{"rendered":"<p>T\u00e4nd lust och f\u00e4ngsla din publik med v\u00e5r Midnight Temptation Mesh Bustier Set. Tillverkad med f\u00f6rf\u00f6riskt svart mesh, detta set har en push-up byst f\u00f6rst\u00e4rkt av en lockande st\u00e5lring. Designad f\u00f6r att locka dina kunder, det \u00e4r det perfekta till\u00e4gget till din samling av uts\u00f6kta underkl\u00e4der.<\/p>","protected":false},"featured_media":42004,"template":"","meta":[],"product_brand":[],"product_cat":[387,374,390,367],"product_tag":[861,448,880],"class_list":{"0":"post-41984","1":"product","2":"type-product","3":"status-publish","4":"has-post-thumbnail","6":"product_cat-wholesale-bustier-bra-set","7":"product_cat-wholesale-garter-belt-set","8":"product_cat-wholesale-mesh-bustier","9":"product_cat-sexy-lingerie","10":"product_tag-brunette-lingerie","11":"product_tag-wholesale-elegant-sexy-lingerie","12":"product_tag-sexy-2-piece-lingerie","13":"pa_color-black","14":"pa_color-blue-women-sexy-lingerie","15":"pa_color-orange","16":"pa_color-pink-women-sexy-lingerie","17":"pa_size-wholesale-large-size-women-sexy-lingerie","18":"pa_size-wholesale-medium-size-women-sexy-lingerie","19":"pa_size-wholesale-small-size-sexy-lingerie","21":"first","22":"instock","23":"taxable","24":"shipping-taxable","25":"purchasable","26":"product-type-variable"},"tiered_pricing_type":"fixed","tiered_pricing_fixed_rules":[],"tiered_pricing_product_settings":{"layout":"default","base_unit_name":{"singular":null,"plural":null},"default_variation":null},"tiered_pricing_minimum_quantity":null,"tiered_pricing_roles_data":{"default_wholesaler":{"product_id":41984,"role":"default_wholesaler","pricing_type":"flat","regular_price":null,"sale_price":null,"discount":null,"discount_type":"sale_price","tiered_pricing_type":"fixed","percentage_rules":[],"fixed_rules":{"2":"5.29","30":"4.49","500":"3.99"},"minimum":null},"dropshippinger":{"product_id":41984,"role":"dropshippinger","pricing_type":"flat","regular_price":null,"sale_price":null,"discount":null,"discount_type":"sale_price","tiered_pricing_type":"fixed","percentage_rules":[],"fixed_rules":{"1":"6.29","5":"5.29","30":"4.49"},"minimum":null}},"tiered_pricing_percentage_rules":[],"tiered_pricing_maximum_quantity":null,"tiered_pricing_quantity_step":null,"_links":{"self":[{"href":"https:\/\/gretasexylingerie.com\/sv\/wp-json\/wp\/v2\/product\/41984","targetHints":{"allow":["GET"]}}],"collection":[{"href":"https:\/\/gretasexylingerie.com\/sv\/wp-json\/wp\/v2\/product"}],"about":[{"href":"https:\/\/gretasexylingerie.com\/sv\/wp-json\/wp\/v2\/types\/product"}],"wp:featuredmedia":[{"embeddable":true,"href":"https:\/\/gretasexylingerie.com\/sv\/wp-json\/wp\/v2\/media\/42004"}],"wp:attachment":[{"href":"https:\/\/gretasexylingerie.com\/sv\/wp-json\/wp\/v2\/media?parent=41984"}],"wp:term":[{"taxonomy":"product_brand","embeddable":true,"href":"https:\/\/gretasexylingerie.com\/sv\/wp-json\/wp\/v2\/product_brand?post=41984"},{"taxonomy":"product_cat","embeddable":true,"href":"https:\/\/gretasexylingerie.com\/sv\/wp-json\/wp\/v2\/product_cat?post=41984"},{"taxonomy":"product_tag","embeddable":true,"href":"https:\/\/gretasexylingerie.com\/sv\/wp-json\/wp\/v2\/product_tag?post=41984"}],"curies":[{"name":"wp","href":"https:\/\/api.w.org\/{rel}","templated":true}]}}