{"id":41891,"date":"2023-06-12T22:56:10","date_gmt":"2023-06-12T14:56:10","guid":{"rendered":"https:\/\/gretasexylingerie.com\/?post_type=product&#038;p=41891"},"modified":"2024-04-03T23:15:46","modified_gmt":"2024-04-03T15:15:46","slug":"fortrollande-mesh-love-bh-trosa-set-med-strumpeband","status":"publish","type":"product","link":"https:\/\/gretasexylingerie.com\/sv\/products\/enchanting-mesh-love-bra-panty-set-with-garter\/","title":{"rendered":"F\u00f6rtrollande Mesh Love BH &amp; Trosa Set med Strumpeband"},"content":{"rendered":"<ol class=\"wp-block-list\">\n<li>Seductive Mesh Delight: Meshmaterialet retar sinnena och avsl\u00f6jar precis tillr\u00e4ckligt f\u00f6r att locka och excitera.<\/li>\n\n\n\n<li>Intrikat k\u00e4rleksbroderi: Det delikata broderiet med ett k\u00e4rleksinspirerat m\u00f6nster ger en touch av elegans och romantik, vilket f\u00f6rst\u00e4rker setets \u00f6vergripande tjusning.<\/li>\n\n\n\n<li>Perfekt passform, oemotst\u00e5ndlig sj\u00e4lvf\u00f6rtroende: Med tre storlekar (S, M, L) att v\u00e4lja mellan, erbjuder detta set en bekv\u00e4m och smickrande passform, vilket g\u00f6r att dina kunder kan omfamna sina kroppar med sj\u00e4lvf\u00f6rtroende.<\/li>\n\n\n\n<li>F\u00e4ngslande f\u00e4rgval: V\u00e4lj mellan den tidl\u00f6sa tjusningen av svart eller den lekfulla charmen hos rosa, och erbjuder alternativ som passar olika hum\u00f6r och preferenser.<\/li>\n\n\n\n<li>Komplettera den sensuella looken: Det medf\u00f6ljande strumpebandet ger en touch av f\u00f6rf\u00f6risk sofistikering, s\u00e5 att dina kunder kan skapa en lockande ensemble som utstr\u00e5lar sj\u00e4lvf\u00f6rtroende och lockelse.<\/li>\n<\/ol>\n\n\n\n<p>F\u00f6rh\u00f6j dina underkl\u00e4deserbjudanden med v\u00e5r f\u00f6rtrollande Mesh Love BH &amp; Trosa Set med Strumpeband. Designad f\u00f6r att f\u00e4ngsla och locka, visar den h\u00e4r upps\u00e4ttningen sexigt mesh, intrikata k\u00e4rleksinspirerade broderier, en perfekt passform f\u00f6r sj\u00e4lvf\u00f6rtroende, f\u00e4ngslande f\u00e4rgval och den extra tjusningen av ett strumpeband. Detta oemotst\u00e5ndliga underkl\u00e4derset l\u00e5ter dina kunder uppleva f\u00f6rtrollningen och l\u00e5sa upp sina \u00f6nskningar.<\/p>\n\n\n\n<figure class=\"wp-block-table is-style-stripes\"><table><tbody><tr><td colspan=\"5\">Webbplatsdiagram (CM)<\/td><td><\/td><\/tr><tr><td>Storlek<\/td><td>L\u00e4ngd<\/td><td>\u00d6vre byst<\/td><td>Nedre byst<\/td><td>Midjeband<\/td><td>midjelinje<\/td><\/tr><tr><td>S<\/td><td>19<\/td><td>68-88<\/td><td>64<\/td><td>65<\/td><td>66<\/td><\/tr><tr><td>M<\/td><td>20<\/td><td>72-92<\/td><td>68<\/td><td>69<\/td><td>70<\/td><\/tr><tr><td>L<\/td><td>21<\/td><td>76-96<\/td><td>72<\/td><td>73<\/td><td>74<\/td><\/tr><tr><td colspan=\"5\">Webbplatsdiagram (INCH)<\/td><td><\/td><\/tr><tr><td>Storlek<\/td><td>L\u00e4ngd<\/td><td>\u00d6vre byst<\/td><td>Nedre byst<\/td><td>Midjeband<\/td><td>midjelinje<\/td><\/tr><tr><td>S<\/td><td>7.48<\/td><td>26.77-34.65<\/td><td>25.2<\/td><td>25.59<\/td><td>25.98<\/td><\/tr><tr><td>M<\/td><td>7.87<\/td><td>28.35-36.22<\/td><td>26.77<\/td><td>27.17<\/td><td>27.56<\/td><\/tr><tr><td>L<\/td><td>8.27<\/td><td>29.92-37.80<\/td><td>28.35<\/td><td>28.74<\/td><td>29.13<\/td><\/tr><\/tbody><\/table><\/figure>","protected":false},"excerpt":{"rendered":"<p>Njut av tjusningen med v\u00e5r f\u00f6rtrollande Mesh Love BH &amp; Trosa Set med Strumpeband. Tillverkad av uts\u00f6kt n\u00e4tmaterial, detta set har invecklade broderier med ett k\u00e4rleksinspirerat m\u00f6nster, detta set \u00e4r designat f\u00f6r att t\u00e4nda passion och skapa en f\u00f6rtrollande upplevelse f\u00f6r dina kunder.<\/p>\n<p>https:\/\/youtu.be\/4Vl_EAK_UIs<\/p>","protected":false},"featured_media":41910,"template":"","meta":[],"product_brand":[],"product_cat":[368,369,367,375],"product_tag":[507,861,448,454,522,516,518,865],"class_list":{"0":"post-41891","1":"product","2":"type-product","3":"status-publish","4":"has-post-thumbnail","6":"product_cat-bra-panty-set","7":"product_cat-wholesale-lace-bra-and-panty-sets","8":"product_cat-sexy-lingerie","9":"product_cat-whoelsale-sheer-bra-and-panty-sets","10":"product_tag-three-pcs-set","11":"product_tag-brunette-lingerie","12":"product_tag-wholesale-elegant-sexy-lingerie","13":"product_tag-wholesale-sexy-embroidered-lingerie","14":"product_tag-eyelash-lingerie","15":"product_tag-lace-lingerie","16":"product_tag-mesh-lingerie","17":"product_tag-sexy-skimpy-lingerie","18":"pa_color-black","19":"pa_color-pink-women-sexy-lingerie","20":"pa_color-red-women-sexy-lingerie","21":"pa_size-wholesale-large-size-women-sexy-lingerie","22":"pa_size-wholesale-medium-size-women-sexy-lingerie","23":"pa_size-wholesale-small-size-sexy-lingerie","25":"first","26":"instock","27":"taxable","28":"shipping-taxable","29":"purchasable","30":"product-type-variable"},"tiered_pricing_type":"fixed","tiered_pricing_fixed_rules":[],"tiered_pricing_product_settings":{"layout":"table","base_unit_name":{"singular":null,"plural":null},"default_variation":{}},"tiered_pricing_minimum_quantity":null,"tiered_pricing_roles_data":{"default_wholesaler":{"product_id":41891,"role":"default_wholesaler","pricing_type":"flat","regular_price":null,"sale_price":null,"discount":null,"discount_type":"sale_price","tiered_pricing_type":"fixed","percentage_rules":[],"fixed_rules":{"2":"9.39","30":"8.09","500":"7.09"},"minimum":null},"dropshippinger":{"product_id":41891,"role":"dropshippinger","pricing_type":"flat","regular_price":null,"sale_price":null,"discount":null,"discount_type":"sale_price","tiered_pricing_type":"fixed","percentage_rules":[],"fixed_rules":{"1":"11.29","5":"9.39","30":"8.09"},"minimum":null}},"tiered_pricing_percentage_rules":[],"tiered_pricing_maximum_quantity":null,"tiered_pricing_quantity_step":null,"_links":{"self":[{"href":"https:\/\/gretasexylingerie.com\/sv\/wp-json\/wp\/v2\/product\/41891","targetHints":{"allow":["GET"]}}],"collection":[{"href":"https:\/\/gretasexylingerie.com\/sv\/wp-json\/wp\/v2\/product"}],"about":[{"href":"https:\/\/gretasexylingerie.com\/sv\/wp-json\/wp\/v2\/types\/product"}],"wp:featuredmedia":[{"embeddable":true,"href":"https:\/\/gretasexylingerie.com\/sv\/wp-json\/wp\/v2\/media\/41910"}],"wp:attachment":[{"href":"https:\/\/gretasexylingerie.com\/sv\/wp-json\/wp\/v2\/media?parent=41891"}],"wp:term":[{"taxonomy":"product_brand","embeddable":true,"href":"https:\/\/gretasexylingerie.com\/sv\/wp-json\/wp\/v2\/product_brand?post=41891"},{"taxonomy":"product_cat","embeddable":true,"href":"https:\/\/gretasexylingerie.com\/sv\/wp-json\/wp\/v2\/product_cat?post=41891"},{"taxonomy":"product_tag","embeddable":true,"href":"https:\/\/gretasexylingerie.com\/sv\/wp-json\/wp\/v2\/product_tag?post=41891"}],"curies":[{"name":"wp","href":"https:\/\/api.w.org\/{rel}","templated":true}]}}