{"id":41839,"date":"2023-06-12T22:28:11","date_gmt":"2023-06-12T14:28:11","guid":{"rendered":"https:\/\/gretasexylingerie.com\/?post_type=product&#038;p=41839"},"modified":"2023-09-05T20:52:09","modified_gmt":"2023-09-05T12:52:09","slug":"stralande-adelstens-bh-byxa-set-med-strumpeband","status":"publish","type":"product","link":"https:\/\/gretasexylingerie.com\/sv\/products\/radiant-gemstone-mesh-bra-panty-set-with-garter\/","title":{"rendered":"Radiant Gemstone Mesh BH &amp; Trosa Set med Strumpeband"},"content":{"rendered":"<ol class=\"wp-block-list\">\n<li>Bl\u00e4ndande \u00e4delstensutsmyckningar: B\u00e4ltet och axelremmarna \u00e4r prydda med str\u00e5lande \u00e4delstenar, vilket lyfter upps\u00e4ttningen till nya niv\u00e5er av lyx och lockelse.<\/li>\n\n\n\n<li>F\u00f6rf\u00f6riskt n\u00e4tmaterial: Det skira n\u00e4tet framh\u00e4ver dina naturliga kurvor och skapar en lockande och frestande siluett som l\u00e4mnar ett best\u00e5ende intryck.<\/li>\n\n\n\n<li>Intrikat broderim\u00f6nster: Det invecklade broderim\u00f6nstret l\u00e4gger till en touch av konstn\u00e4rlighet och sofistikering, och visar uts\u00f6kt hantverk och uppm\u00e4rksamhet p\u00e5 detaljer.<\/li>\n\n\n\n<li>M\u00e5ngsidiga f\u00e4rgalternativ: V\u00e4lj fr\u00e5n en rad f\u00e4ngslande f\u00e4rger, inklusive klassisk svart, passionerad r\u00f6d, lockande bl\u00e5, livfull gr\u00f6n, dj\u00e4rv orange och romantisk rosa, s\u00e5 att du kan tillgodose olika smaker och preferenser.<\/li>\n\n\n\n<li>Perfekt passform f\u00f6r varje kropp: Finns i storlekarna S, M och L, v\u00e5rt set \u00e4r designat f\u00f6r att ge en bekv\u00e4m och smickrande passform f\u00f6r olika kroppstyper, vilket s\u00e4kerst\u00e4ller sj\u00e4lvf\u00f6rtroende och komfort.<\/li>\n<\/ol>\n\n\n\n<p>Du kan anv\u00e4nda v\u00e5rt Radiant Gemstone Mesh BH &amp; Trosa Set med Strumpeband. Detta set \u00e4r designat f\u00f6r att f\u00e4ngsla och st\u00e4rka med bl\u00e4ndande \u00e4delstensutsmyckningar, f\u00f6rf\u00f6riskt n\u00e4tmaterial, intrikata broderim\u00f6nster, m\u00e5ngsidiga f\u00e4rgalternativ och en perfekt passform f\u00f6r alla. Omfamna ditt inre sj\u00e4lvf\u00f6rtroende och lockande med detta uts\u00f6kta underkl\u00e4desset.<\/p>\n\n\n\n<figure class=\"wp-block-table is-style-stripes\"><table><tbody><tr><td colspan=\"5\">Webbplatsdiagram (CM)<\/td><td><\/td><\/tr><tr><td>Storlek<\/td><td>L\u00e4ngd<\/td><td>\u00d6vre byst<\/td><td>Nedre byst<\/td><td>Midjeband<\/td><td>midjelinje<\/td><\/tr><tr><td>S<\/td><td>21<\/td><td>72-88<\/td><td>69-88<\/td><td>64-92<\/td><td>70-96<\/td><\/tr><tr><td>M<\/td><td>22<\/td><td>76-92<\/td><td>73-92<\/td><td>68-96<\/td><td>74-100<\/td><\/tr><tr><td>L<\/td><td>23<\/td><td>80-96<\/td><td>77-96<\/td><td>72-100<\/td><td>78-104<\/td><\/tr><tr><td colspan=\"5\">Webbplatsdiagram (INCH)<\/td><td><\/td><\/tr><tr><td>Storlek<\/td><td>L\u00e4ngd<\/td><td>\u00d6vre byst<\/td><td>Nedre byst<\/td><td>Midjeband<\/td><td>midjelinje<\/td><\/tr><tr><td>S<\/td><td>8.27<\/td><td>28.35-34.65<\/td><td>27.17-34.65<\/td><td>25.20-36.22<\/td><td>27.56-37.80<\/td><\/tr><tr><td>M<\/td><td>8.66<\/td><td>29.92-36.22<\/td><td>28.74-36.22<\/td><td>26.77-37.80<\/td><td>29.13-39.37<\/td><\/tr><tr><td>L<\/td><td>9.06<\/td><td>31.50-37.80<\/td><td>30.31-37.80<\/td><td>28.35-39.37<\/td><td>30.71-40.94<\/td><\/tr><\/tbody><\/table><\/figure>","protected":false},"excerpt":{"rendered":"<p>Upplev elegans med v\u00e5r Radiant Gemstone Mesh BH &amp; Trosa Set med Strumpeband. Detta fascinerande set har uts\u00f6kta \u00e4delstensinl\u00e4gg p\u00e5 b\u00e4ltet och axelremmarna, vilket ger en touch av lockelse och glamour. Det delikata meshmaterialet och det invecklade broderim\u00f6nster skapar en sensuell och sofistikerad look. Finns i tre storlekar och olika fantastiska f\u00e4rger, detta set \u00e4r designat f\u00f6r att locka och st\u00e4rka.<\/p>","protected":false},"featured_media":41883,"template":"","meta":[],"product_brand":[],"product_cat":[368,369,367,375],"product_tag":[868,452,448,454,870,518,864],"class_list":{"0":"post-41839","1":"product","2":"type-product","3":"status-publish","4":"has-post-thumbnail","6":"product_cat-bra-panty-set","7":"product_cat-wholesale-lace-bra-and-panty-sets","8":"product_cat-sexy-lingerie","9":"product_cat-whoelsale-sheer-bra-and-panty-sets","10":"product_tag-4-piece-lingerie-set","11":"product_tag-wholesale-boudoir-lingerie","12":"product_tag-wholesale-elegant-sexy-lingerie","13":"product_tag-wholesale-sexy-embroidered-lingerie","14":"product_tag-floral-lingerie","15":"product_tag-mesh-lingerie","16":"product_tag-sexy-petite-lingerie","17":"pa_color-black","18":"pa_color-blue-women-sexy-lingerie","19":"pa_color-green","20":"pa_color-orange","21":"pa_color-pink-women-sexy-lingerie","22":"pa_color-red-women-sexy-lingerie","23":"pa_size-wholesale-large-size-women-sexy-lingerie","24":"pa_size-wholesale-medium-size-women-sexy-lingerie","25":"pa_size-wholesale-small-size-sexy-lingerie","27":"first","28":"instock","29":"taxable","30":"shipping-taxable","31":"purchasable","32":"product-type-variable"},"tiered_pricing_type":"fixed","tiered_pricing_fixed_rules":[],"tiered_pricing_product_settings":{"layout":"default","base_unit_name":{"singular":null,"plural":null},"default_variation":null},"tiered_pricing_minimum_quantity":null,"tiered_pricing_roles_data":{"default_wholesaler":{"product_id":41839,"role":"default_wholesaler","pricing_type":"flat","regular_price":null,"sale_price":null,"discount":null,"discount_type":"sale_price","tiered_pricing_type":"fixed","percentage_rules":[],"fixed_rules":{"2":"11.19","30":"9.69","500":"8.39"},"minimum":null},"dropshippinger":{"product_id":41839,"role":"dropshippinger","pricing_type":"flat","regular_price":null,"sale_price":null,"discount":null,"discount_type":"sale_price","tiered_pricing_type":"fixed","percentage_rules":[],"fixed_rules":{"1":"13.49","5":"11.19","30":"9.69"},"minimum":null}},"tiered_pricing_percentage_rules":[],"tiered_pricing_maximum_quantity":null,"tiered_pricing_quantity_step":null,"_links":{"self":[{"href":"https:\/\/gretasexylingerie.com\/sv\/wp-json\/wp\/v2\/product\/41839","targetHints":{"allow":["GET"]}}],"collection":[{"href":"https:\/\/gretasexylingerie.com\/sv\/wp-json\/wp\/v2\/product"}],"about":[{"href":"https:\/\/gretasexylingerie.com\/sv\/wp-json\/wp\/v2\/types\/product"}],"wp:featuredmedia":[{"embeddable":true,"href":"https:\/\/gretasexylingerie.com\/sv\/wp-json\/wp\/v2\/media\/41883"}],"wp:attachment":[{"href":"https:\/\/gretasexylingerie.com\/sv\/wp-json\/wp\/v2\/media?parent=41839"}],"wp:term":[{"taxonomy":"product_brand","embeddable":true,"href":"https:\/\/gretasexylingerie.com\/sv\/wp-json\/wp\/v2\/product_brand?post=41839"},{"taxonomy":"product_cat","embeddable":true,"href":"https:\/\/gretasexylingerie.com\/sv\/wp-json\/wp\/v2\/product_cat?post=41839"},{"taxonomy":"product_tag","embeddable":true,"href":"https:\/\/gretasexylingerie.com\/sv\/wp-json\/wp\/v2\/product_tag?post=41839"}],"curies":[{"name":"wp","href":"https:\/\/api.w.org\/{rel}","templated":true}]}}