{"id":40013,"date":"2023-04-29T17:53:50","date_gmt":"2023-04-29T09:53:50","guid":{"rendered":"https:\/\/gretasexylingerie.com\/?post_type=product&#038;p=40013"},"modified":"2023-09-05T20:51:51","modified_gmt":"2023-09-05T12:51:51","slug":"blandande-strass-prickig-bodystocking-klanning","status":"publish","type":"product","link":"https:\/\/gretasexylingerie.com\/sv\/products\/dazzling-rhinestones-spotted-bodystocking-dress\/","title":{"rendered":"Bl\u00e4ndande Rhinestones Spotted Bodystocking Kl\u00e4nning"},"content":{"rendered":"<ul class=\"wp-block-list\">\n<li>Str\u00e5lande strassdetaljer: De i\u00f6gonfallande strassarna l\u00e4gger till en touch av glamour till denna bodystocking, och visar upp ditt engagemang f\u00f6r att tillhandah\u00e5lla h\u00f6gkvalitativa, lockande underkl\u00e4der.<\/li>\n\n\n\n<li>Sensuella utsk\u00e4rningar och fl\u00e4ckar: Den unika kombinationen av utsk\u00e4rningar och fl\u00e4ckar f\u00f6rst\u00e4rker det h\u00e4r plaggets tilltalande, vilket g\u00f6r det till ett m\u00e5ste-tillskott f\u00f6r kunder som s\u00f6ker sl\u00e5ende underkl\u00e4der.<\/li>\n\n\n\n<li>Lockande l\u00e5ng\u00e4rmad och h\u00f6ftkjol: Designen med l\u00e5nga \u00e4rmar och h\u00f6ftkjol ger en f\u00f6rf\u00f6risk touch till bodystockingen, lockar ett brett utbud av kunder och \u00f6kar f\u00f6rs\u00e4ljningspotentialen.<\/li>\n\n\n\n<li>M\u00e5ngsidig storlek: V\u00e5r bl\u00e4ndande fl\u00e4ckiga kroppsstrump \u00e4r designad f\u00f6r att rymma en m\u00e4ngd olika storlekar, vilket s\u00e4kerst\u00e4ller en smickrande passform f\u00f6r olika kunder och f\u00f6renklar lagerhantering.<\/li>\n\n\n\n<li>Perfekt f\u00f6r speciella tillf\u00e4llen: Den extraordin\u00e4ra designen och uppm\u00e4rksamheten p\u00e5 detaljer g\u00f6r denna bodystocking till ett idealiskt val f\u00f6r romantiska eller intima stunder, vilket berikar dina kunders upplevelser.<\/li>\n<\/ul>\n\n\n\n<p><\/p>","protected":false},"excerpt":{"rendered":"<p>Vi presenterar den bl\u00e4ndande fl\u00e4ckiga kroppsstrumpan, med strass, utsk\u00e4rningar, l\u00e5nga \u00e4rmar och en h\u00f6ftkjol. Detta f\u00f6rtrollande plagg \u00e4r perfekt f\u00f6r dina kunders lockande underkl\u00e4deskollektion.<\/p>","protected":false},"featured_media":40017,"template":"","meta":[],"product_brand":[],"product_cat":[405,406,407,408,404],"product_tag":[861,448,453,866],"class_list":{"0":"post-40013","1":"product","2":"type-product","3":"status-publish","4":"has-post-thumbnail","6":"product_cat-wholesale-bodystocking","7":"product_cat-wholesale-fishnet-dress","8":"product_cat-wholesale-full-body-stocking","9":"product_cat-wholesale-rhinestone-bodystocking","10":"product_cat-sexy-stocking","11":"product_tag-brunette-lingerie","12":"product_tag-wholesale-elegant-sexy-lingerie","13":"product_tag-wholesale-sexy-naughty-lingerie","14":"product_tag-sexy-romper-lingerie","15":"pa_color-black","16":"pa_size-free","18":"first","19":"instock","20":"taxable","21":"shipping-taxable","22":"purchasable","23":"product-type-variable"},"tiered_pricing_type":"fixed","tiered_pricing_fixed_rules":[],"tiered_pricing_product_settings":{"layout":"default","base_unit_name":{"singular":null,"plural":null},"default_variation":null},"tiered_pricing_minimum_quantity":null,"tiered_pricing_roles_data":{"default_wholesaler":{"product_id":40013,"role":"default_wholesaler","pricing_type":"flat","regular_price":null,"sale_price":null,"discount":null,"discount_type":"sale_price","tiered_pricing_type":"fixed","percentage_rules":[],"fixed_rules":{"2":"3.99","30":"3.39","500":"2.49"},"minimum":null},"dropshippinger":{"product_id":40013,"role":"dropshippinger","pricing_type":"flat","regular_price":null,"sale_price":null,"discount":null,"discount_type":"sale_price","tiered_pricing_type":"fixed","percentage_rules":[],"fixed_rules":{"1":"4.99","5":"3.99","30":"2.89"},"minimum":null}},"tiered_pricing_percentage_rules":[],"tiered_pricing_maximum_quantity":null,"tiered_pricing_quantity_step":null,"_links":{"self":[{"href":"https:\/\/gretasexylingerie.com\/sv\/wp-json\/wp\/v2\/product\/40013","targetHints":{"allow":["GET"]}}],"collection":[{"href":"https:\/\/gretasexylingerie.com\/sv\/wp-json\/wp\/v2\/product"}],"about":[{"href":"https:\/\/gretasexylingerie.com\/sv\/wp-json\/wp\/v2\/types\/product"}],"wp:featuredmedia":[{"embeddable":true,"href":"https:\/\/gretasexylingerie.com\/sv\/wp-json\/wp\/v2\/media\/40017"}],"wp:attachment":[{"href":"https:\/\/gretasexylingerie.com\/sv\/wp-json\/wp\/v2\/media?parent=40013"}],"wp:term":[{"taxonomy":"product_brand","embeddable":true,"href":"https:\/\/gretasexylingerie.com\/sv\/wp-json\/wp\/v2\/product_brand?post=40013"},{"taxonomy":"product_cat","embeddable":true,"href":"https:\/\/gretasexylingerie.com\/sv\/wp-json\/wp\/v2\/product_cat?post=40013"},{"taxonomy":"product_tag","embeddable":true,"href":"https:\/\/gretasexylingerie.com\/sv\/wp-json\/wp\/v2\/product_tag?post=40013"}],"curies":[{"name":"wp","href":"https:\/\/api.w.org\/{rel}","templated":true}]}}