{"id":39943,"date":"2023-04-27T22:34:19","date_gmt":"2023-04-27T14:34:19","guid":{"rendered":"https:\/\/gretasexylingerie.com\/?post_type=product&#038;p=39943"},"modified":"2023-09-05T20:51:46","modified_gmt":"2023-09-05T12:51:46","slug":"forforisk-halter-neck-bodystocking-set","status":"publish","type":"product","link":"https:\/\/gretasexylingerie.com\/sv\/products\/seductive-halter-neck-bodystocking-set\/","title":{"rendered":"F\u00f6rf\u00f6risk Halter Neck Bodystocking Set"},"content":{"rendered":"<ul class=\"wp-block-list\">\n<li>Lockande design: Halterneck, h\u00e4ngslen och ih\u00e5liga perspektivelement skapar ett f\u00e4ngslande och kvavt plagg som tilltalar ett brett spektrum av kunder, vilket f\u00f6rb\u00e4ttrar ditt underkl\u00e4deserbjudande.<\/li>\n\n\n\n<li>Tidl\u00f6s stil: Designen med rund hals ger en klassisk touch till detta sexiga bodystockingsset, vilket s\u00e4kerst\u00e4ller att det tilltalar olika kunders preferenser och maximerar f\u00f6rs\u00e4ljningspotentialen.<\/li>\n\n\n\n<li>Unik detaljering: Perspektivet och de ih\u00e5liga accenterna bidrar till den f\u00f6rf\u00f6riska karakt\u00e4ren hos detta bodystocking-set, vilket visar ditt engagemang f\u00f6r att tillhandah\u00e5lla h\u00f6gkvalitativa, lockande underkl\u00e4der till din kundkrets.<\/li>\n\n\n\n<li>En-storlek-passar-de flesta: V\u00e5rt f\u00f6rf\u00f6riska Halter Neck Bodystocking-set \u00e4r designat med ett tillv\u00e4gag\u00e5ngss\u00e4tt som passar de flesta, vilket s\u00e4kerst\u00e4ller en bekv\u00e4m och smickrande passform f\u00f6r ett brett utbud av kroppsformer, vilket g\u00f6r lagerhanteringen mer effektiv f\u00f6r ditt f\u00f6retag.<\/li>\n\n\n\n<li>Perfekt f\u00f6r speciella tillf\u00e4llen: Den lockande designen och uppm\u00e4rksamheten p\u00e5 detaljer g\u00f6r detta bodystockingsset till ett idealiskt val f\u00f6r romantiska eller intima tillf\u00e4llen, vilket ut\u00f6kar utbudet av alternativ f\u00f6r dina kunder.<\/li>\n<\/ul>\n\n\n\n<p><\/p>","protected":false},"excerpt":{"rendered":"<p>Vi presenterar den f\u00f6rf\u00f6riska Halter Neck Bodystocking Set, med en rund hals, h\u00e4ngslen och perspektivdesign. Denna sexiga pj\u00e4s kommer s\u00e4kerligen att f\u00e4ngsla dina kunder och \u00f6ka din f\u00f6rs\u00e4ljning.<\/p>","protected":false},"featured_media":39950,"template":"","meta":[],"product_brand":[],"product_cat":[405,924,404],"product_tag":[448,528,446,453,864,867],"class_list":{"0":"post-39943","1":"product","2":"type-product","3":"status-publish","4":"has-post-thumbnail","6":"product_cat-wholesale-bodystocking","7":"product_cat-wholesale-bodystocking-sets","8":"product_cat-sexy-stocking","9":"product_tag-wholesale-elegant-sexy-lingerie","10":"product_tag-halter-lingerie","11":"product_tag-wholesale-sexy-see-through-lingerie","12":"product_tag-wholesale-sexy-naughty-lingerie","13":"product_tag-sexy-petite-lingerie","14":"product_tag-sexy-push-up-lingerie","15":"pa_color-black","16":"pa_color-blue-women-sexy-lingerie","17":"pa_color-purple-women-sexy-lingerie","18":"pa_color-red-women-sexy-lingerie","19":"pa_color-yellow","20":"pa_cup-full-cup","21":"pa_size-free","23":"first","24":"instock","25":"taxable","26":"shipping-taxable","27":"purchasable","28":"product-type-variable"},"tiered_pricing_type":"fixed","tiered_pricing_fixed_rules":[],"tiered_pricing_product_settings":{"layout":"default","base_unit_name":{"singular":null,"plural":null},"default_variation":null},"tiered_pricing_minimum_quantity":null,"tiered_pricing_roles_data":{"default_wholesaler":{"product_id":39943,"role":"default_wholesaler","pricing_type":"flat","regular_price":null,"sale_price":null,"discount":null,"discount_type":"sale_price","tiered_pricing_type":"fixed","percentage_rules":[],"fixed_rules":{"2":"2.39","30":"1.99","500":"1.49"},"minimum":null},"dropshippinger":{"product_id":39943,"role":"dropshippinger","pricing_type":"flat","regular_price":null,"sale_price":null,"discount":null,"discount_type":"sale_price","tiered_pricing_type":"fixed","percentage_rules":[],"fixed_rules":{"1":"2.89","5":"2.39","30":"1.69"},"minimum":null}},"tiered_pricing_percentage_rules":[],"tiered_pricing_maximum_quantity":null,"tiered_pricing_quantity_step":null,"_links":{"self":[{"href":"https:\/\/gretasexylingerie.com\/sv\/wp-json\/wp\/v2\/product\/39943","targetHints":{"allow":["GET"]}}],"collection":[{"href":"https:\/\/gretasexylingerie.com\/sv\/wp-json\/wp\/v2\/product"}],"about":[{"href":"https:\/\/gretasexylingerie.com\/sv\/wp-json\/wp\/v2\/types\/product"}],"wp:featuredmedia":[{"embeddable":true,"href":"https:\/\/gretasexylingerie.com\/sv\/wp-json\/wp\/v2\/media\/39950"}],"wp:attachment":[{"href":"https:\/\/gretasexylingerie.com\/sv\/wp-json\/wp\/v2\/media?parent=39943"}],"wp:term":[{"taxonomy":"product_brand","embeddable":true,"href":"https:\/\/gretasexylingerie.com\/sv\/wp-json\/wp\/v2\/product_brand?post=39943"},{"taxonomy":"product_cat","embeddable":true,"href":"https:\/\/gretasexylingerie.com\/sv\/wp-json\/wp\/v2\/product_cat?post=39943"},{"taxonomy":"product_tag","embeddable":true,"href":"https:\/\/gretasexylingerie.com\/sv\/wp-json\/wp\/v2\/product_tag?post=39943"}],"curies":[{"name":"wp","href":"https:\/\/api.w.org\/{rel}","templated":true}]}}