{"id":39926,"date":"2023-04-27T21:58:17","date_gmt":"2023-04-27T13:58:17","guid":{"rendered":"https:\/\/gretasexylingerie.com\/?post_type=product&#038;p=39926"},"modified":"2023-09-27T00:12:06","modified_gmt":"2023-09-26T16:12:06","slug":"blommig-halter-neck-bodystocking-set-med-kort-arm","status":"publish","type":"product","link":"https:\/\/gretasexylingerie.com\/sv\/products\/floral-halter-neck-bodystocking-set-with-short-sleeve\/","title":{"rendered":"Blommig Halter Neck Bodystocking Set med kort \u00e4rm"},"content":{"rendered":"<ul class=\"wp-block-list\">\n<li>F\u00f6rtrollande design: Det blommiga m\u00f6nstret, halsringningen och de korta \u00e4rmarna g\u00f6r detta BH-byxset till ett i\u00f6gonfallande till\u00e4gg till din underkl\u00e4deskollektion som tilltalar ett brett spektrum av kunder.<\/li>\n\n\n\n<li>Levande f\u00e4rgpalett: Den gr\u00f6n-gula f\u00e4rgkombinationen skapar en fr\u00e4sch och unik look som sticker ut, vilket g\u00f6r att f\u00f6retag kan tillgodose olika kunders preferenser och maximera f\u00f6rs\u00e4ljningspotentialen.<\/li>\n\n\n\n<li>Intrikata detaljer: De ih\u00e5liga accenterna i detta set med bh-byxor ger en extra touch av tjusning, och visar ditt engagemang f\u00f6r att tillhandah\u00e5lla h\u00f6gkvalitativa, snygga underkl\u00e4der f\u00f6r dina kunder.<\/li>\n\n\n\n<li>M\u00e5ngsidig storlek: Denna blommiga halterhals-beh\u00e5-byxupps\u00e4ttning \u00e4r designad f\u00f6r att rymma en m\u00e4ngd olika storlekar, vilket s\u00e4kerst\u00e4ller en smickrande passform f\u00f6r din olika kundkrets och f\u00f6renklar lagerhantering.<\/li>\n\n\n\n<li>Perfekt f\u00f6r en m\u00e4ngd olika tillf\u00e4llen: Med sin f\u00e4ngslande design och f\u00e4rger \u00e4r det h\u00e4r bh-byxsetet l\u00e4mpligt f\u00f6r b\u00e5de vardagsbruk och speciella tillf\u00e4llen, vilket g\u00f6r det till ett m\u00e5ngsidigt tillskott till dina underkl\u00e4der.<\/li>\n<\/ul>\n\n\n\n<p><\/p>","protected":false},"excerpt":{"rendered":"<p>F\u00f6rh\u00f6j dina underkl\u00e4ders erbjudanden med v\u00e5r blommiga Halter Neck BH Trosa Set. Detta charmiga gr\u00f6n-gula set har korta \u00e4rmar, en grimma hals och lockande ih\u00e5liga detaljer f\u00f6r en f\u00e4ngslande look.<\/p>","protected":false},"featured_media":39933,"template":"","meta":[],"product_brand":[],"product_cat":[405,924,404],"product_tag":[448,870,528,446,453,864],"class_list":{"0":"post-39926","1":"product","2":"type-product","3":"status-publish","4":"has-post-thumbnail","6":"product_cat-wholesale-bodystocking","7":"product_cat-wholesale-bodystocking-sets","8":"product_cat-sexy-stocking","9":"product_tag-wholesale-elegant-sexy-lingerie","10":"product_tag-floral-lingerie","11":"product_tag-halter-lingerie","12":"product_tag-wholesale-sexy-see-through-lingerie","13":"product_tag-wholesale-sexy-naughty-lingerie","14":"product_tag-sexy-petite-lingerie","15":"pa_color-green-yellow-women-sexy-lingerie","16":"pa_cup-full-cup","17":"pa_size-free","19":"first","20":"instock","21":"taxable","22":"shipping-taxable","23":"purchasable","24":"product-type-variable"},"tiered_pricing_type":"fixed","tiered_pricing_fixed_rules":[],"tiered_pricing_product_settings":{"layout":"default","base_unit_name":{"singular":null,"plural":null},"default_variation":{}},"tiered_pricing_minimum_quantity":null,"tiered_pricing_roles_data":{"default_wholesaler":{"product_id":39926,"role":"default_wholesaler","pricing_type":"flat","regular_price":null,"sale_price":null,"discount":null,"discount_type":"sale_price","tiered_pricing_type":"fixed","percentage_rules":[],"fixed_rules":{"2":"2.49","30":"2.09","500":"1.59"},"minimum":null},"dropshippinger":{"product_id":39926,"role":"dropshippinger","pricing_type":"flat","regular_price":null,"sale_price":null,"discount":null,"discount_type":"sale_price","tiered_pricing_type":"fixed","percentage_rules":[],"fixed_rules":{"1":"3.09","5":"2.49","30":"1.79"},"minimum":null}},"tiered_pricing_percentage_rules":[],"tiered_pricing_maximum_quantity":null,"tiered_pricing_quantity_step":null,"_links":{"self":[{"href":"https:\/\/gretasexylingerie.com\/sv\/wp-json\/wp\/v2\/product\/39926","targetHints":{"allow":["GET"]}}],"collection":[{"href":"https:\/\/gretasexylingerie.com\/sv\/wp-json\/wp\/v2\/product"}],"about":[{"href":"https:\/\/gretasexylingerie.com\/sv\/wp-json\/wp\/v2\/types\/product"}],"wp:featuredmedia":[{"embeddable":true,"href":"https:\/\/gretasexylingerie.com\/sv\/wp-json\/wp\/v2\/media\/39933"}],"wp:attachment":[{"href":"https:\/\/gretasexylingerie.com\/sv\/wp-json\/wp\/v2\/media?parent=39926"}],"wp:term":[{"taxonomy":"product_brand","embeddable":true,"href":"https:\/\/gretasexylingerie.com\/sv\/wp-json\/wp\/v2\/product_brand?post=39926"},{"taxonomy":"product_cat","embeddable":true,"href":"https:\/\/gretasexylingerie.com\/sv\/wp-json\/wp\/v2\/product_cat?post=39926"},{"taxonomy":"product_tag","embeddable":true,"href":"https:\/\/gretasexylingerie.com\/sv\/wp-json\/wp\/v2\/product_tag?post=39926"}],"curies":[{"name":"wp","href":"https:\/\/api.w.org\/{rel}","templated":true}]}}