{"id":39904,"date":"2023-04-26T23:11:20","date_gmt":"2023-04-26T15:11:20","guid":{"rendered":"https:\/\/gretasexylingerie.com\/?post_type=product&#038;p=39904"},"modified":"2024-01-17T21:32:10","modified_gmt":"2024-01-17T13:32:10","slug":"lockande-langarmad-bodystocking-med-oppen-rygg","status":"publish","type":"product","link":"https:\/\/gretasexylingerie.com\/sv\/products\/alluring-open-back-long-sleeve-bodystocking-bodysuit\/","title":{"rendered":"Lockande l\u00e5ng\u00e4rmad med \u00f6ppen rygg BodyStocking Body"},"content":{"rendered":"<ul class=\"wp-block-list\">\n<li>F\u00f6rf\u00f6risk och lockande: BodyStocking med l\u00e5nga \u00e4rmar med \u00f6ppen rygg \u00e4r det perfekta till\u00e4gget till ditt underkl\u00e4deslager. Med sin f\u00f6rf\u00f6riska design och sexiga n\u00e4tmaterial kommer den h\u00e4r bodyn s\u00e4kerligen att locka och reta dina kunder.<\/li>\n\n\n\n<li>L\u00e4tt att b\u00e4ra: Den \u00f6ppna ryggdesignen och formsydda materialet g\u00f6r den h\u00e4r bodyn l\u00e4tt att b\u00e4ra, vilket ger en bekv\u00e4m men \u00e4nd\u00e5 sexig upplevelse f\u00f6r dina kunder.<\/li>\n\n\n\n<li>M\u00e5ngsidig och stilren: Finns i rosa r\u00f6d, svart och lila, den h\u00e4r bodyn \u00e4r en m\u00e5ngsidig och snygg pj\u00e4s som \u00e4r perfekt f\u00f6r alla tillf\u00e4llen.<\/li>\n\n\n\n<li>Perfekt passform: Med sin formsydda design och stretchiga material \u00e4r den h\u00e4r bodyn designad f\u00f6r att passa dina kunders kroppar perfekt, accentuera deras kurvor och f\u00f6rst\u00e4rker deras naturliga sk\u00f6nhet.<\/li>\n\n\n\n<li>Prisv\u00e4rt och h\u00f6gkvalitativt: The Open Back Long Sleeve BodyStocking \u00e4r ett prisv\u00e4rt och h\u00f6gkvalitativt plagg som \u00e4r byggt f\u00f6r att h\u00e5lla. Tillverkade med h\u00e5llbara material och tillverkade med omsorg, \u00e4r dessa underkl\u00e4der en fantastisk investering i ditt lager som kommer att l\u00f6na sig i det l\u00e5nga loppet. Med blandad grossistsupport och inga krav p\u00e5 minsta best\u00e4llningskvantitet kan du best\u00e4lla precis det du beh\u00f6ver f\u00f6r att m\u00f6ta dina kunders krav.<\/li>\n<\/ul>\n\n\n\n<p><\/p>","protected":false},"excerpt":{"rendered":"<p>Njut av den sexiga tjusningen med v\u00e5r l\u00e5ng\u00e4rmade kroppsstockning med \u00f6ppen rygg. Dessa sexiga n\u00e4tkl\u00e4der finns i rosa r\u00f6d, svart och lila, perfekt f\u00f6r alla tillf\u00e4llen.<\/p>","protected":false},"featured_media":39913,"template":"","meta":[],"product_brand":[],"product_cat":[405,404,409],"product_tag":[452,448,973,446,453,865,504],"class_list":{"0":"post-39904","1":"product","2":"type-product","3":"status-publish","4":"has-post-thumbnail","6":"product_cat-wholesale-bodystocking","7":"product_cat-sexy-stocking","8":"product_cat-wholesale-stocking-bodysuit","9":"product_tag-wholesale-boudoir-lingerie","10":"product_tag-wholesale-elegant-sexy-lingerie","11":"product_tag-oem","12":"product_tag-wholesale-sexy-see-through-lingerie","13":"product_tag-wholesale-sexy-naughty-lingerie","14":"product_tag-sexy-skimpy-lingerie","15":"product_tag-ultra-sexy","16":"pa_color-deep-pink-women-sexy-lingerie","17":"pa_color-purple-women-sexy-lingerie","18":"pa_size-free","20":"first","21":"outofstock","22":"taxable","23":"shipping-taxable","24":"purchasable","25":"product-type-variable"},"tiered_pricing_type":"fixed","tiered_pricing_fixed_rules":[],"tiered_pricing_product_settings":{"layout":"default","base_unit_name":{"singular":null,"plural":null},"default_variation":null},"tiered_pricing_minimum_quantity":null,"tiered_pricing_roles_data":{"default_wholesaler":{"product_id":39904,"role":"default_wholesaler","pricing_type":"flat","regular_price":null,"sale_price":null,"discount":null,"discount_type":"sale_price","tiered_pricing_type":"fixed","percentage_rules":[],"fixed_rules":{"2":"2.49","30":"2.09","500":"1.59"},"minimum":null},"dropshippinger":{"product_id":39904,"role":"dropshippinger","pricing_type":"flat","regular_price":null,"sale_price":null,"discount":null,"discount_type":"sale_price","tiered_pricing_type":"fixed","percentage_rules":[],"fixed_rules":{"1":"3.09","5":"2.49","30":"1.79"},"minimum":null}},"tiered_pricing_percentage_rules":[],"tiered_pricing_maximum_quantity":null,"tiered_pricing_quantity_step":null,"_links":{"self":[{"href":"https:\/\/gretasexylingerie.com\/sv\/wp-json\/wp\/v2\/product\/39904","targetHints":{"allow":["GET"]}}],"collection":[{"href":"https:\/\/gretasexylingerie.com\/sv\/wp-json\/wp\/v2\/product"}],"about":[{"href":"https:\/\/gretasexylingerie.com\/sv\/wp-json\/wp\/v2\/types\/product"}],"wp:featuredmedia":[{"embeddable":true,"href":"https:\/\/gretasexylingerie.com\/sv\/wp-json\/wp\/v2\/media\/39913"}],"wp:attachment":[{"href":"https:\/\/gretasexylingerie.com\/sv\/wp-json\/wp\/v2\/media?parent=39904"}],"wp:term":[{"taxonomy":"product_brand","embeddable":true,"href":"https:\/\/gretasexylingerie.com\/sv\/wp-json\/wp\/v2\/product_brand?post=39904"},{"taxonomy":"product_cat","embeddable":true,"href":"https:\/\/gretasexylingerie.com\/sv\/wp-json\/wp\/v2\/product_cat?post=39904"},{"taxonomy":"product_tag","embeddable":true,"href":"https:\/\/gretasexylingerie.com\/sv\/wp-json\/wp\/v2\/product_tag?post=39904"}],"curies":[{"name":"wp","href":"https:\/\/api.w.org\/{rel}","templated":true}]}}