{"id":39885,"date":"2023-04-25T22:35:02","date_gmt":"2023-04-25T14:35:02","guid":{"rendered":"https:\/\/gretasexylingerie.com\/?post_type=product&#038;p=39885"},"modified":"2023-09-05T20:51:42","modified_gmt":"2023-09-05T12:51:42","slug":"korshals-hangslen-bodystocking","status":"publish","type":"product","link":"https:\/\/gretasexylingerie.com\/sv\/products\/cross-neck-suspender-bodystocking\/","title":{"rendered":"Cross Neck Suspender Bodystocking"},"content":{"rendered":"<ul class=\"wp-block-list\">\n<li>det perfekta till\u00e4gget till ditt underkl\u00e4deslager. Med sin f\u00f6rf\u00f6riska och lockande design kommer dessa underkl\u00e4der s\u00e4kerligen att locka och reta dina kunder.<\/li>\n\n\n\n<li>L\u00e4tt att ta av: Den h\u00e4r underkl\u00e4dernas design i h\u00e4ngslens stil g\u00f6r den l\u00e4tt att ta av, vilket ger ett extra element av passion och sp\u00e4nning till alla m\u00f6ten.<\/li>\n\n\n\n<li>M\u00e5ngsidig och stilren: Den h\u00e4r underkl\u00e4dernas tv\u00e4rhalsade design \u00e4r m\u00e5ngsidig och stilren, vilket g\u00f6r den perfekt f\u00f6r en utekv\u00e4ll eller en natt inne.<\/li>\n\n\n\n<li>Perfekt passform: Med sin formsydda design och stretchiga material \u00e4r dessa underkl\u00e4der designade f\u00f6r att passa dina kunders kroppar perfekt, framh\u00e4va deras kurvor och f\u00f6rst\u00e4rka deras naturliga sk\u00f6nhet.<\/li>\n\n\n\n<li>Prisv\u00e4rt och h\u00f6gkvalitativt: Cross Neck Suspender Bodystocking \u00e4r ett prisv\u00e4rt och h\u00f6gkvalitativt plagg som \u00e4r byggt f\u00f6r att h\u00e5lla. Tillverkade med h\u00e5llbara material och tillverkade med omsorg, \u00e4r dessa underkl\u00e4der en fantastisk investering i ditt lager som kommer att l\u00f6na sig i det l\u00e5nga loppet. Med blandad grossistsupport och inga krav p\u00e5 minsta best\u00e4llningskvantitet kan du best\u00e4lla precis det du beh\u00f6ver f\u00f6r att m\u00f6ta dina kunders krav.<\/li>\n<\/ul>\n\n\n\n<p><\/p>","protected":false},"excerpt":{"rendered":"<p>Sk\u00e4m bort dig \u00e5t frestelsen och passionen med v\u00e5r Cross Neck Suspender Bodystocking. Dessa heta och sexiga underkl\u00e4der har en korshalsdesign och h\u00e4ngselstil, perfekt f\u00f6r en natt av passion och flirt.<\/p>","protected":false},"featured_media":39888,"template":"","meta":[],"product_brand":[],"product_cat":[405,404,410],"product_tag":[452,521,528,866,504],"class_list":{"0":"post-39885","1":"product","2":"type-product","3":"status-publish","4":"has-post-thumbnail","6":"product_cat-wholesale-bodystocking","7":"product_cat-sexy-stocking","8":"product_cat-wholesale-suspender-bodystocking","9":"product_tag-wholesale-boudoir-lingerie","10":"product_tag-deep-v-lingerie","11":"product_tag-halter-lingerie","12":"product_tag-sexy-romper-lingerie","13":"product_tag-ultra-sexy","14":"pa_color-red-women-sexy-lingerie","15":"pa_size-free","17":"first","18":"instock","19":"taxable","20":"shipping-taxable","21":"purchasable","22":"product-type-variable"},"tiered_pricing_type":"fixed","tiered_pricing_fixed_rules":[],"tiered_pricing_product_settings":{"layout":"default","base_unit_name":{"singular":null,"plural":null},"default_variation":null},"tiered_pricing_minimum_quantity":null,"tiered_pricing_roles_data":{"default_wholesaler":{"product_id":39885,"role":"default_wholesaler","pricing_type":"flat","regular_price":null,"sale_price":null,"discount":null,"discount_type":"sale_price","tiered_pricing_type":"fixed","percentage_rules":[],"fixed_rules":{"1":"2.79","30":"2.39","500":"1.79"},"minimum":null},"dropshippinger":{"product_id":39885,"role":"dropshippinger","pricing_type":"flat","regular_price":null,"sale_price":null,"discount":null,"discount_type":"sale_price","tiered_pricing_type":"fixed","percentage_rules":[],"fixed_rules":{"1":"3.49","5":"2.79","30":"1.99"},"minimum":null}},"tiered_pricing_percentage_rules":[],"tiered_pricing_maximum_quantity":null,"tiered_pricing_quantity_step":null,"_links":{"self":[{"href":"https:\/\/gretasexylingerie.com\/sv\/wp-json\/wp\/v2\/product\/39885","targetHints":{"allow":["GET"]}}],"collection":[{"href":"https:\/\/gretasexylingerie.com\/sv\/wp-json\/wp\/v2\/product"}],"about":[{"href":"https:\/\/gretasexylingerie.com\/sv\/wp-json\/wp\/v2\/types\/product"}],"wp:featuredmedia":[{"embeddable":true,"href":"https:\/\/gretasexylingerie.com\/sv\/wp-json\/wp\/v2\/media\/39888"}],"wp:attachment":[{"href":"https:\/\/gretasexylingerie.com\/sv\/wp-json\/wp\/v2\/media?parent=39885"}],"wp:term":[{"taxonomy":"product_brand","embeddable":true,"href":"https:\/\/gretasexylingerie.com\/sv\/wp-json\/wp\/v2\/product_brand?post=39885"},{"taxonomy":"product_cat","embeddable":true,"href":"https:\/\/gretasexylingerie.com\/sv\/wp-json\/wp\/v2\/product_cat?post=39885"},{"taxonomy":"product_tag","embeddable":true,"href":"https:\/\/gretasexylingerie.com\/sv\/wp-json\/wp\/v2\/product_tag?post=39885"}],"curies":[{"name":"wp","href":"https:\/\/api.w.org\/{rel}","templated":true}]}}