{"id":39866,"date":"2023-04-25T21:54:13","date_gmt":"2023-04-25T13:54:13","guid":{"rendered":"https:\/\/gretasexylingerie.com\/?post_type=product&#038;p=39866"},"modified":"2023-09-05T20:51:40","modified_gmt":"2023-09-05T12:51:40","slug":"hangande-hals-transparent-nat-jumpsuit","status":"publish","type":"product","link":"https:\/\/gretasexylingerie.com\/sv\/products\/hanging-neck-transparent-net-jumpsuit\/","title":{"rendered":"H\u00e4ngande hals Transparent Net Jumpsuit"},"content":{"rendered":"<ul class=\"wp-block-list\">\n<li>Den h\u00e4r jumpsuiten med h\u00e4ngande hals skapar en frestande och f\u00f6rf\u00f6risk look som \u00e4r perfekt f\u00f6r speciella tillf\u00e4llen eller en natt med din partner.<\/li>\n\n\n\n<li>Bekv\u00e4m och andas: Den genomskinliga n\u00e4t\u00f6verdragen med h\u00e4ngande hals \u00e4r gjord av h\u00f6gkvalitativa material som \u00e4r b\u00e5de bekv\u00e4ma och andas, s\u00e5 att du kan b\u00e4ra den hela dagen eller natten utan att k\u00e4nna dig begr\u00e4nsad eller obekv\u00e4m. Det genomskinliga n\u00e4tmaterialet \u00e4r mjukt och skonsamt mot din hud, vilket s\u00e4kerst\u00e4ller bekv\u00e4mt och njutbart b\u00e4rande varje g\u00e5ng.<\/li>\n\n\n\n<li>M\u00e5ngsidig och snygg: Designen i ett stycke och den h\u00e4ngande halsen g\u00f6r den h\u00e4r jumpsuiten m\u00e5ngsidig och stylad p\u00e5 m\u00e5nga olika s\u00e4tt. Den \u00e4r perfekt f\u00f6r att l\u00e4gga till en touch av sensualitet till din underkl\u00e4deskollektion eller b\u00e4ra som en v\u00e5gad outfit f\u00f6r en utekv\u00e4ll.<\/li>\n\n\n\n<li>Perfekt passform: Med sin flexibla och formsydda design, passar jumpsuiten din kropp som hand i handske, framh\u00e4ver dina kurvor och f\u00f6rst\u00e4rker din naturliga sk\u00f6nhet.<\/li>\n\n\n\n<li>Prisv\u00e4rd och h\u00f6gkvalitativ: Den Transparent Net Jumpsuit med h\u00e4ngande hals \u00e4r ett billigt, h\u00f6gkvalitativt plagg byggt f\u00f6r att h\u00e5lla. Tillverkad med h\u00e5llbara material och tillverkad med omsorg, \u00e4r denna jumpsuit en fantastisk investering i ditt underkl\u00e4der som kommer att l\u00f6na sig i det l\u00e5nga loppet. Med blandad grossistsupport och inga krav p\u00e5 minsta best\u00e4llningskvantitet kan du best\u00e4lla precis det du beh\u00f6ver f\u00f6r att m\u00f6ta dina kunders krav.<\/li>\n<\/ul>\n\n\n\n<p><\/p>","protected":false},"excerpt":{"rendered":"<p>Njut av den f\u00f6rf\u00f6riska och lockande designen hos v\u00e5r Transparent Net Jumpsuit med h\u00e4ngande hals. Denna jumpsuite i ett stycke har ett lockande genomskinligt n\u00e4tmaterial som \u00e4r b\u00e5de bekv\u00e4mt och andas.<\/p>","protected":false},"featured_media":39868,"template":"","meta":[],"product_brand":[],"product_cat":[405,404,410],"product_tag":[532,446,453,864,504],"class_list":{"0":"post-39866","1":"product","2":"type-product","3":"status-publish","4":"has-post-thumbnail","6":"product_cat-wholesale-bodystocking","7":"product_cat-sexy-stocking","8":"product_cat-wholesale-suspender-bodystocking","9":"product_tag-lingerie-suspender-set","10":"product_tag-wholesale-sexy-see-through-lingerie","11":"product_tag-wholesale-sexy-naughty-lingerie","12":"product_tag-sexy-petite-lingerie","13":"product_tag-ultra-sexy","14":"pa_color-bisque-women-sexy-lingerie","15":"pa_size-free","17":"first","18":"instock","19":"taxable","20":"shipping-taxable","21":"purchasable","22":"product-type-variable"},"tiered_pricing_type":"fixed","tiered_pricing_fixed_rules":[],"tiered_pricing_product_settings":{"layout":"default","base_unit_name":{"singular":null,"plural":null},"default_variation":null},"tiered_pricing_minimum_quantity":null,"tiered_pricing_roles_data":{"default_wholesaler":{"product_id":39866,"role":"default_wholesaler","pricing_type":"flat","regular_price":null,"sale_price":null,"discount":null,"discount_type":"sale_price","tiered_pricing_type":"fixed","percentage_rules":[],"fixed_rules":{"2":"2.49","30":"2.09","500":"1.59"},"minimum":null},"dropshippinger":{"product_id":39866,"role":"dropshippinger","pricing_type":"flat","regular_price":null,"sale_price":null,"discount":null,"discount_type":"sale_price","tiered_pricing_type":"fixed","percentage_rules":[],"fixed_rules":{"1":"3.09","5":"2.49","30":"1.79"},"minimum":null}},"tiered_pricing_percentage_rules":[],"tiered_pricing_maximum_quantity":null,"tiered_pricing_quantity_step":null,"_links":{"self":[{"href":"https:\/\/gretasexylingerie.com\/sv\/wp-json\/wp\/v2\/product\/39866","targetHints":{"allow":["GET"]}}],"collection":[{"href":"https:\/\/gretasexylingerie.com\/sv\/wp-json\/wp\/v2\/product"}],"about":[{"href":"https:\/\/gretasexylingerie.com\/sv\/wp-json\/wp\/v2\/types\/product"}],"wp:featuredmedia":[{"embeddable":true,"href":"https:\/\/gretasexylingerie.com\/sv\/wp-json\/wp\/v2\/media\/39868"}],"wp:attachment":[{"href":"https:\/\/gretasexylingerie.com\/sv\/wp-json\/wp\/v2\/media?parent=39866"}],"wp:term":[{"taxonomy":"product_brand","embeddable":true,"href":"https:\/\/gretasexylingerie.com\/sv\/wp-json\/wp\/v2\/product_brand?post=39866"},{"taxonomy":"product_cat","embeddable":true,"href":"https:\/\/gretasexylingerie.com\/sv\/wp-json\/wp\/v2\/product_cat?post=39866"},{"taxonomy":"product_tag","embeddable":true,"href":"https:\/\/gretasexylingerie.com\/sv\/wp-json\/wp\/v2\/product_tag?post=39866"}],"curies":[{"name":"wp","href":"https:\/\/api.w.org\/{rel}","templated":true}]}}