{"id":39799,"date":"2023-04-22T22:58:48","date_gmt":"2023-04-22T14:58:48","guid":{"rendered":"https:\/\/gretasexylingerie.com\/?post_type=product&#038;p=39799"},"modified":"2023-10-22T23:15:54","modified_gmt":"2023-10-22T15:15:54","slug":"perspektiv-korsett-set-i-ett-stycke","status":"publish","type":"product","link":"https:\/\/gretasexylingerie.com\/sv\/products\/perspective-corset-one-piece-set\/","title":{"rendered":"Perspektiv korsett i ett stycke"},"content":{"rendered":"<p>1. V\u00e5gad och provocerande design: Perspective Corset One-Piece Set har en v\u00e5gad och provocerande design som kombinerar ren mesh och sexiga remmar med en figursmickrande korsett. Denna unika och dj\u00e4rva design kommer s\u00e4kerligen att v\u00e4nda huvuden och g\u00f6ra ett uttalande.<\/p>\n\n\n\n<p>2. Figursmickrande korsett: Korsetten ger den perfekta m\u00e4ngden st\u00f6d och formning, ger dig en smickrande siluett och f\u00f6rst\u00e4rker dina kurvor p\u00e5 alla r\u00e4tt st\u00e4llen.<\/p>\n\n\n\n<p>3. Bekv\u00e4m och st\u00f6djande passform: Tillverkad av h\u00f6gkvalitativa material och designad med din komfort i \u00e5tanke, detta set erbjuder en bekv\u00e4m och st\u00f6djande passform.<\/p>\n\n\n\n<p>4.M\u00e5ngsidig: Perspective Corset One-Piece Set \u00e4r m\u00e5ngsidig nog att b\u00e4ras f\u00f6r alla tillf\u00e4llen, oavsett om du kl\u00e4r ut dig f\u00f6r ett speciellt tillf\u00e4lle eller bara vill k\u00e4nna dig sexig och sj\u00e4lvs\u00e4ker i din vardag. Den unika och v\u00e5gade designen g\u00f6r att den \u00e4r perfekt f\u00f6r kvinnor som vill g\u00f6ra ett uttalande och sticka ut fr\u00e5n m\u00e4ngden.<\/p>\n\n\n\n<figure class=\"wp-block-table is-style-stripes\"><table><tbody><tr><td colspan=\"3\">Webbplatsdiagram (CM)<\/td><td><\/td><td><\/td><\/tr><tr><td>Storlek<\/td><td>L\u00e4ngd<\/td><td>Under byst<\/td><td>B\u00e4ltes l\u00e4ngd<\/td><td>Midja<\/td><\/tr><tr><td>S<\/td><td>54<\/td><td>66-88<\/td><td>62<\/td><td>62-86<\/td><\/tr><tr><td>M<\/td><td>56<\/td><td>70-92<\/td><td>62<\/td><td>66-90<\/td><\/tr><tr><td>L<\/td><td>58<\/td><td>74-96<\/td><td>62<\/td><td>70-94<\/td><\/tr><tr><td colspan=\"3\">Webbplatsdiagram (INCH)<\/td><td><\/td><td><\/td><\/tr><tr><td>Storlek<\/td><td>L\u00e4ngd<\/td><td>Under byst<\/td><td>B\u00e4ltes l\u00e4ngd<\/td><td>Midja<\/td><\/tr><tr><td>S<\/td><td>21.25&nbsp;<\/td><td>25.98-34.64<\/td><td>24.40&nbsp;<\/td><td>24.40-33.85<\/td><\/tr><tr><td>M<\/td><td>22.04&nbsp;<\/td><td>27.55-36.22<\/td><td>24.40&nbsp;<\/td><td>25.98-35.43<\/td><\/tr><tr><td>L<\/td><td>22.83&nbsp;<\/td><td>29.13-37.79<\/td><td>24.40&nbsp;<\/td><td>27.55-37<\/td><\/tr><tr><td colspan=\"5\">Notera:<br>1. Det kanske \u00e4r 1-2 cm avvikelse i olika storlekar, placeringar och stretch av tyger. Storlekstabell \u00e4r endast f\u00f6r referens, det kan vara lite skillnad med vad du f\u00e5r.<br>2.Det finns 3 typer av elasticitet: h\u00f6g elasticitet (tv\u00e5sidigt str\u00e4ckt), medium elasticitet (ensidigt str\u00e4ckt) och icke-elastiskt (kan inte str\u00e4ckas).<br>3. F\u00e4rgen kan vara ljusare eller m\u00f6rkare p\u00e5 grund av olika PC-sk\u00e4rmar.<br>4.Tv\u00e4tta den f\u00f6r hand i 30 graders vatten, h\u00e4ng p\u00e5 tork i skuggan, f\u00f6rbjud blekning.<br>5. Det kanske \u00e4r lite skillnad p\u00e5 detaljer och m\u00f6nster.<\/td><\/tr><\/tbody><\/table><\/figure>\n\n\n\n<p><\/p>","protected":false},"excerpt":{"rendered":"<p>Dj\u00e4rvt och provocerande, detta bodyset kombinerar genomskinligt mesh och sexiga remmar med ett passande livstycke f\u00f6r perfekt st\u00f6d och form, med mesh- och spetsdetaljer f\u00f6r extra stil. Detta set kommer s\u00e4kerligen att f\u00e5 dig att k\u00e4nna dig som en drottning.<\/p>\n<p>https:\/\/youtu.be\/bJwrt8iMsAQ<\/p>","protected":false},"featured_media":39807,"template":"","meta":[],"product_brand":[],"product_cat":[370,367,373],"product_tag":[861,448,522,446,864],"class_list":{"0":"post-39799","1":"product","2":"type-product","3":"status-publish","4":"has-post-thumbnail","6":"product_cat-bodysuit","7":"product_cat-sexy-lingerie","8":"product_cat-wholesale-sexy-mesh-bodysuit","9":"product_tag-brunette-lingerie","10":"product_tag-wholesale-elegant-sexy-lingerie","11":"product_tag-eyelash-lingerie","12":"product_tag-wholesale-sexy-see-through-lingerie","13":"product_tag-sexy-petite-lingerie","14":"pa_color-black","15":"pa_cup-full-cup","16":"pa_size-wholesale-large-size-women-sexy-lingerie","17":"pa_size-wholesale-medium-size-women-sexy-lingerie","18":"pa_size-wholesale-small-size-sexy-lingerie","20":"first","21":"instock","22":"taxable","23":"shipping-taxable","24":"purchasable","25":"product-type-variable"},"tiered_pricing_type":"fixed","tiered_pricing_fixed_rules":[],"tiered_pricing_product_settings":{"layout":"default","base_unit_name":{"singular":null,"plural":null},"default_variation":{}},"tiered_pricing_minimum_quantity":null,"tiered_pricing_roles_data":{"default_wholesaler":{"product_id":39799,"role":"default_wholesaler","pricing_type":"flat","regular_price":null,"sale_price":null,"discount":null,"discount_type":"sale_price","tiered_pricing_type":"fixed","percentage_rules":[],"fixed_rules":{"2":"8.09","30":"6.99","500":"6.09"},"minimum":null},"dropshippinger":{"product_id":39799,"role":"dropshippinger","pricing_type":"flat","regular_price":null,"sale_price":null,"discount":null,"discount_type":"sale_price","tiered_pricing_type":"fixed","percentage_rules":[],"fixed_rules":{"1":"9.69","5":"8.09","30":"6.99"},"minimum":null}},"tiered_pricing_percentage_rules":[],"tiered_pricing_maximum_quantity":null,"tiered_pricing_quantity_step":null,"_links":{"self":[{"href":"https:\/\/gretasexylingerie.com\/sv\/wp-json\/wp\/v2\/product\/39799","targetHints":{"allow":["GET"]}}],"collection":[{"href":"https:\/\/gretasexylingerie.com\/sv\/wp-json\/wp\/v2\/product"}],"about":[{"href":"https:\/\/gretasexylingerie.com\/sv\/wp-json\/wp\/v2\/types\/product"}],"wp:featuredmedia":[{"embeddable":true,"href":"https:\/\/gretasexylingerie.com\/sv\/wp-json\/wp\/v2\/media\/39807"}],"wp:attachment":[{"href":"https:\/\/gretasexylingerie.com\/sv\/wp-json\/wp\/v2\/media?parent=39799"}],"wp:term":[{"taxonomy":"product_brand","embeddable":true,"href":"https:\/\/gretasexylingerie.com\/sv\/wp-json\/wp\/v2\/product_brand?post=39799"},{"taxonomy":"product_cat","embeddable":true,"href":"https:\/\/gretasexylingerie.com\/sv\/wp-json\/wp\/v2\/product_cat?post=39799"},{"taxonomy":"product_tag","embeddable":true,"href":"https:\/\/gretasexylingerie.com\/sv\/wp-json\/wp\/v2\/product_tag?post=39799"}],"curies":[{"name":"wp","href":"https:\/\/api.w.org\/{rel}","templated":true}]}}