{"id":39781,"date":"2023-04-22T22:42:01","date_gmt":"2023-04-22T14:42:01","guid":{"rendered":"https:\/\/gretasexylingerie.com\/?post_type=product&#038;p=39781"},"modified":"2024-04-04T14:32:45","modified_gmt":"2024-04-04T06:32:45","slug":"leopardmonstrat-perspektiv-sexiga-set-i-ett-stycke","status":"publish","type":"product","link":"https:\/\/gretasexylingerie.com\/sv\/products\/leopard-print-perspective-sexy-one-piece-sets\/","title":{"rendered":"Partihandel Leopard Print Perspektiv Sexig BH Set"},"content":{"rendered":"<p>1.Fet och sexig design: Leopard Print Perspective Sexy One-Piece Set har en dj\u00e4rv och sexig design som s\u00e4kerligen kommer att v\u00e4nda huvudena. Leopardm\u00f6nstret och det skira meshet kombineras f\u00f6r att skapa en v\u00e5gad och provocerande look som utstr\u00e5lar sj\u00e4lvf\u00f6rtroende och sexighet.<\/p>\n\n\n\n<p>2. Bekv\u00e4m och st\u00f6djande passform: Tillverkad av h\u00f6gkvalitativa material och designad med din komfort i \u00e5tanke, detta set erbjuder en bekv\u00e4m och st\u00f6djande passform. Bygeln och de justerbara banden p\u00e5 bh:n ger det perfekta st\u00f6det, samtidigt som trosans snitt \u00e4r smickrande och bekv\u00e4mt.<\/p>\n\n\n\n<p>3.M\u00e5ngsidig: Leopardprint Perspective Sexy One-Piece Set \u00e4r m\u00e5ngsidig nog att b\u00e4ras f\u00f6r alla tillf\u00e4llen, oavsett om du kl\u00e4r ut dig f\u00f6r ett speciellt tillf\u00e4lle eller bara vill k\u00e4nna dig sexig och sj\u00e4lvs\u00e4ker i din vardag. Den tidl\u00f6sa designen betyder att den kommer att vara en stapelvara i din underkl\u00e4deskollektion i m\u00e5nga \u00e5r fram\u00f6ver.<\/p>\n\n\n\n<p>4.Perfekt present: Detta set \u00e4r den perfekta presenten till din partner, oavsett om det \u00e4r f\u00f6r ett speciellt tillf\u00e4lle eller bara f\u00f6r att visa dem hur mycket du bryr dig. Den dj\u00e4rva och sexiga designen kommer s\u00e4kerligen att uppskattas, och den bekv\u00e4ma passformen betyder att de kommer att \u00e4lska att b\u00e4ra den om och om igen.<\/p>\n\n\n\n<figure class=\"wp-block-table is-style-stripes\"><table><tbody><tr><td colspan=\"4\">Webbplatsdiagram (CM)<\/td><td><\/td><td><\/td><\/tr><tr><td>Storlek<\/td><td>L\u00e4ngd<\/td><td>Under byst<\/td><td>Trosor i midjan<\/td><td>Trosans l\u00e4ngd<\/td><td>Midja<\/td><\/tr><tr><td>S<\/td><td>18<\/td><td>68-86<\/td><td>64-98<\/td><td>20<\/td><td>64-84<\/td><\/tr><tr><td>M<\/td><td>19<\/td><td>72-90<\/td><td>68-102<\/td><td>21<\/td><td>68-88<\/td><\/tr><tr><td>L<\/td><td>20<\/td><td>76-94<\/td><td>72-106<\/td><td>22<\/td><td>72-92<\/td><\/tr><tr><td colspan=\"4\">Webbplatsdiagram (INCH)<\/td><td><\/td><td><\/td><\/tr><tr><td>Storlek<\/td><td>L\u00e4ngd<\/td><td>Under byst<\/td><td>Trosor i midjan<\/td><td>Trosans l\u00e4ngd<\/td><td>Midja<\/td><\/tr><tr><td>S<\/td><td>7.08&nbsp;<\/td><td>26.77-33.85<\/td><td>25.19-38.58<\/td><td>7.87<\/td><td>25.19-33.07<\/td><\/tr><tr><td>M<\/td><td>7.48&nbsp;<\/td><td>28.34-35.43<\/td><td>26.77-40.15<\/td><td>8.26<\/td><td>26.77-34.64<\/td><\/tr><tr><td>L<\/td><td>7.87&nbsp;<\/td><td>29.92-37<\/td><td>28.34-41.73<\/td><td>8.66<\/td><td>28.34-36.22<\/td><\/tr><tr><td colspan=\"6\">Notera:<br>1. Det kanske \u00e4r 1-2 cm avvikelse i olika storlekar, placeringar och stretch av tyger. Storlekstabell \u00e4r endast f\u00f6r referens, det kan vara lite skillnad med vad du f\u00e5r.<br>2.Det finns 3 typer av elasticitet: h\u00f6g elasticitet (tv\u00e5sidigt str\u00e4ckt), medium elasticitet (ensidigt str\u00e4ckt) och icke-elastiskt (kan inte str\u00e4ckas).<br>3. F\u00e4rgen kan vara ljusare eller m\u00f6rkare p\u00e5 grund av olika PC-sk\u00e4rmar.<br>4.Tv\u00e4tta den f\u00f6r hand i 30 graders vatten, h\u00e4ng p\u00e5 tork i skuggan, f\u00f6rbjud blekning.<br>5. Det kanske \u00e4r lite skillnad p\u00e5 detaljer och m\u00f6nster.<\/td><\/tr><\/tbody><\/table><\/figure>\n\n\n\n<p><\/p>","protected":false},"excerpt":{"rendered":"<p>Med en kombination av leopardtryck och skirt n\u00e4t \u00e4r detta set perfekt f\u00f6r kvinnor som vill utstr\u00e5la sj\u00e4lvf\u00f6rtroende och sensualitet. BH:ns bygel och justerbara axelband ger det perfekta st\u00f6det, samtidigt som trosans snitt \u00e4r smickrande och bekv\u00e4mt.<\/p>","protected":false},"featured_media":39791,"template":"","meta":[],"product_brand":[],"product_cat":[368,374,367],"product_tag":[868,452,448,453],"class_list":{"0":"post-39781","1":"product","2":"type-product","3":"status-publish","4":"has-post-thumbnail","6":"product_cat-bra-panty-set","7":"product_cat-wholesale-garter-belt-set","8":"product_cat-sexy-lingerie","9":"product_tag-4-piece-lingerie-set","10":"product_tag-wholesale-boudoir-lingerie","11":"product_tag-wholesale-elegant-sexy-lingerie","12":"product_tag-wholesale-sexy-naughty-lingerie","13":"pa_color-leopard","14":"pa_cup-full-cup","15":"pa_size-wholesale-large-size-women-sexy-lingerie","16":"pa_size-wholesale-medium-size-women-sexy-lingerie","17":"pa_size-wholesale-small-size-sexy-lingerie","19":"first","20":"instock","21":"taxable","22":"shipping-taxable","23":"purchasable","24":"product-type-variable"},"tiered_pricing_type":"fixed","tiered_pricing_fixed_rules":[],"tiered_pricing_product_settings":{"layout":"table","base_unit_name":{"singular":null,"plural":null},"default_variation":null},"tiered_pricing_minimum_quantity":null,"tiered_pricing_roles_data":{"default_wholesaler":{"product_id":39781,"role":"default_wholesaler","pricing_type":"flat","regular_price":null,"sale_price":null,"discount":null,"discount_type":"sale_price","tiered_pricing_type":"fixed","percentage_rules":[],"fixed_rules":{"2":"9.69","30":"8.29","500":"7.29"},"minimum":null},"dropshippinger":{"product_id":39781,"role":"dropshippinger","pricing_type":"flat","regular_price":null,"sale_price":null,"discount":null,"discount_type":"sale_price","tiered_pricing_type":"fixed","percentage_rules":[],"fixed_rules":{"1":"11.59","5":"9.69","30":"7.29"},"minimum":null}},"tiered_pricing_percentage_rules":[],"tiered_pricing_maximum_quantity":null,"tiered_pricing_quantity_step":null,"_links":{"self":[{"href":"https:\/\/gretasexylingerie.com\/sv\/wp-json\/wp\/v2\/product\/39781","targetHints":{"allow":["GET"]}}],"collection":[{"href":"https:\/\/gretasexylingerie.com\/sv\/wp-json\/wp\/v2\/product"}],"about":[{"href":"https:\/\/gretasexylingerie.com\/sv\/wp-json\/wp\/v2\/types\/product"}],"wp:featuredmedia":[{"embeddable":true,"href":"https:\/\/gretasexylingerie.com\/sv\/wp-json\/wp\/v2\/media\/39791"}],"wp:attachment":[{"href":"https:\/\/gretasexylingerie.com\/sv\/wp-json\/wp\/v2\/media?parent=39781"}],"wp:term":[{"taxonomy":"product_brand","embeddable":true,"href":"https:\/\/gretasexylingerie.com\/sv\/wp-json\/wp\/v2\/product_brand?post=39781"},{"taxonomy":"product_cat","embeddable":true,"href":"https:\/\/gretasexylingerie.com\/sv\/wp-json\/wp\/v2\/product_cat?post=39781"},{"taxonomy":"product_tag","embeddable":true,"href":"https:\/\/gretasexylingerie.com\/sv\/wp-json\/wp\/v2\/product_tag?post=39781"}],"curies":[{"name":"wp","href":"https:\/\/api.w.org\/{rel}","templated":true}]}}