{"id":39737,"date":"2023-04-20T22:28:20","date_gmt":"2023-04-20T14:28:20","guid":{"rendered":"https:\/\/gretasexylingerie.com\/?post_type=product&#038;p=39737"},"modified":"2023-12-09T19:51:56","modified_gmt":"2023-12-09T11:51:56","slug":"enhetlig-sot-cool-stil-bh-trosa-set","status":"publish","type":"product","link":"https:\/\/gretasexylingerie.com\/sv\/products\/uniform-sweet-cool-style-bra-panty-set\/","title":{"rendered":"Uniform Sweet Cool Style BH &amp; Trosor Set"},"content":{"rendered":"<p>1.Unik design: Uniform Style Sweet Cool Style BH &amp; Trosor Set har en unik design som kombinerar en s\u00f6t och lekfull enhetlig stil med en cool och edgy vibe.<\/p>\n\n\n\n<p>2. Bekv\u00e4m passform: Detta set \u00e4r designat med b\u00e5de komfort och stil i \u00e5tanke. BH:n och trosan \u00e4r gjorda av mjuka, andningsbara material som k\u00e4nns bra mot din hud, medan de justerbara banden och st\u00e4ngningen baktill s\u00e4kerst\u00e4ller en perfekt och bekv\u00e4m passform.<\/p>\n\n\n\n<p>3. Smickrande och st\u00f6djande: BH:n har bygel och formgjutna kupor som ger st\u00f6d och form, medan trosan med h\u00f6g midja smickrar dina kurvor och ger t\u00e4ckning d\u00e4r du beh\u00f6ver det mest.<\/p>\n\n\n\n<p>4.M\u00e5ngsidig: Oavsett om du b\u00e4r det som underkl\u00e4der eller som ett statement i din outfit, \u00e4r detta set m\u00e5ngsidigt och perfekt f\u00f6r alla tillf\u00e4llen. Kl\u00e4 upp den med strumpor och klackar f\u00f6r en sexig och sofistikerad look, eller h\u00e5ll den avslappnad och s\u00f6t med sneakers och jeansjacka.<\/p>\n\n\n\n<figure class=\"wp-block-table is-style-stripes\"><table><tbody><tr><td colspan=\"4\">Webbplatsdiagram (CM)<\/td><td><\/td><td><\/td><td><\/td><td><\/td><\/tr><tr><td>Storlek<\/td><td>Framl\u00e4ngd<\/td><td>Axel<\/td><td>Under byst<\/td><td>Midja<\/td><td>Fotens omkrets<\/td><td>Trosor i midjan<\/td><td>Trosans l\u00e4ngd<\/td><\/tr><tr><td>S<\/td><td>16<\/td><td>35<\/td><td>68-86<\/td><td>64-84<\/td><td>50<\/td><td>64-98<\/td><td>21.5<\/td><\/tr><tr><td>M<\/td><td>17<\/td><td>35<\/td><td>72-90<\/td><td>68-88<\/td><td>52<\/td><td>68-102<\/td><td>22.5<\/td><\/tr><tr><td>L<\/td><td>18<\/td><td>35<\/td><td>77-95<\/td><td>72-92<\/td><td>54<\/td><td>72-106<\/td><td>23.5<\/td><\/tr><tr><td colspan=\"4\">Webbplatsdiagram (INCH)<\/td><td><\/td><td><\/td><td><\/td><td><\/td><\/tr><tr><td>Storlek<\/td><td>Framl\u00e4ngd<\/td><td>Axel<\/td><td>Under byst<\/td><td>Midja<\/td><td>Fotens omkrets<\/td><td>Trosor i midjan<\/td><td>Trosans l\u00e4ngd<\/td><\/tr><tr><td>S<\/td><td>6.29&nbsp;<\/td><td>13.77<\/td><td>26.77-33.85<\/td><td>25.19-33.07<\/td><td>19.68&nbsp;<\/td><td>25.19-38.58<\/td><td>8.46&nbsp;<\/td><\/tr><tr><td>M<\/td><td>6.69&nbsp;<\/td><td>13.77<\/td><td>28.34-35.43<\/td><td>26.77-34.64<\/td><td>20.47&nbsp;<\/td><td>26.77-40.15<\/td><td>8.85<\/td><\/tr><tr><td>L<\/td><td>7.08&nbsp;<\/td><td>13.77<\/td><td>30.31-37.40<\/td><td>28.34-36.22<\/td><td>21.25&nbsp;<\/td><td>28.34-41.73<\/td><td>9.25&nbsp;<\/td><\/tr><tr><td colspan=\"8\">Notera:<br>1. Det kanske \u00e4r 1-2 cm avvikelse i olika storlekar, placeringar och stretch av tyger. Storlekstabell \u00e4r endast f\u00f6r referens, det kan vara lite skillnad med vad du f\u00e5r.<br>2.Det finns 3 typer av elasticitet: h\u00f6g elasticitet (tv\u00e5sidigt str\u00e4ckt), medium elasticitet (ensidigt str\u00e4ckt) och icke-elastiskt (kan inte str\u00e4ckas).<br>3. F\u00e4rgen kan vara ljusare eller m\u00f6rkare p\u00e5 grund av olika PC-sk\u00e4rmar.<br>4.Tv\u00e4tta den f\u00f6r hand i 30 graders vatten, h\u00e4ng p\u00e5 tork i skuggan, f\u00f6rbjud blekning.<br>5. Det kanske \u00e4r lite skillnad p\u00e5 detaljer och m\u00f6nster.<\/td><\/tr><\/tbody><\/table><\/figure>\n\n\n\n<p><\/p>","protected":false},"excerpt":{"rendered":"<p>BH:n och trosorna \u00e4r gjorda av mjukt och andningsbart material som passar dina kurvor perfekt. Med bygel och formgjutna kupor f\u00f6r st\u00f6d och form, \u00e4r BH:n perfekt f\u00f6r alla tillf\u00e4llen, oavsett om du b\u00e4r den som ett underkl\u00e4der eller visar upp f\u00f6r din partner.<\/p>","protected":false},"featured_media":39746,"template":"","meta":[],"product_brand":[],"product_cat":[380,377,367],"product_tag":[448,524,973,510,880,453,504],"class_list":{"0":"post-39737","1":"product","2":"type-product","3":"status-publish","4":"has-post-thumbnail","6":"product_cat-wholesale-harness-bra-and-panty-set","7":"product_cat-harness-lingerie","8":"product_cat-sexy-lingerie","9":"product_tag-wholesale-elegant-sexy-lingerie","10":"product_tag-metal-lingerie","11":"product_tag-oem","12":"product_tag-ruffles-lingerie","13":"product_tag-sexy-2-piece-lingerie","14":"product_tag-wholesale-sexy-naughty-lingerie","15":"product_tag-ultra-sexy","16":"pa_color-pink-women-sexy-lingerie","17":"pa_cup-wholesale-cupness-women-sexy-lingerie","18":"pa_size-wholesale-large-size-women-sexy-lingerie","19":"pa_size-wholesale-medium-size-women-sexy-lingerie","20":"pa_size-wholesale-small-size-sexy-lingerie","22":"first","23":"outofstock","24":"taxable","25":"shipping-taxable","26":"purchasable","27":"product-type-variable"},"tiered_pricing_type":"fixed","tiered_pricing_fixed_rules":[],"tiered_pricing_product_settings":{"layout":"default","base_unit_name":{"singular":null,"plural":null},"default_variation":null},"tiered_pricing_minimum_quantity":null,"tiered_pricing_roles_data":{"default_wholesaler":{"product_id":39737,"role":"default_wholesaler","pricing_type":"flat","regular_price":null,"sale_price":null,"discount":null,"discount_type":"sale_price","tiered_pricing_type":"fixed","percentage_rules":[],"fixed_rules":{"2":"11.99","30":"10.29","500":"8.99"},"minimum":null},"dropshippinger":{"product_id":39737,"role":"dropshippinger","pricing_type":"flat","regular_price":null,"sale_price":null,"discount":null,"discount_type":"sale_price","tiered_pricing_type":"fixed","percentage_rules":[],"fixed_rules":{"1":"12.49","5":"10.49","30":"7.89"},"minimum":null}},"tiered_pricing_percentage_rules":[],"tiered_pricing_maximum_quantity":null,"tiered_pricing_quantity_step":null,"_links":{"self":[{"href":"https:\/\/gretasexylingerie.com\/sv\/wp-json\/wp\/v2\/product\/39737","targetHints":{"allow":["GET"]}}],"collection":[{"href":"https:\/\/gretasexylingerie.com\/sv\/wp-json\/wp\/v2\/product"}],"about":[{"href":"https:\/\/gretasexylingerie.com\/sv\/wp-json\/wp\/v2\/types\/product"}],"wp:featuredmedia":[{"embeddable":true,"href":"https:\/\/gretasexylingerie.com\/sv\/wp-json\/wp\/v2\/media\/39746"}],"wp:attachment":[{"href":"https:\/\/gretasexylingerie.com\/sv\/wp-json\/wp\/v2\/media?parent=39737"}],"wp:term":[{"taxonomy":"product_brand","embeddable":true,"href":"https:\/\/gretasexylingerie.com\/sv\/wp-json\/wp\/v2\/product_brand?post=39737"},{"taxonomy":"product_cat","embeddable":true,"href":"https:\/\/gretasexylingerie.com\/sv\/wp-json\/wp\/v2\/product_cat?post=39737"},{"taxonomy":"product_tag","embeddable":true,"href":"https:\/\/gretasexylingerie.com\/sv\/wp-json\/wp\/v2\/product_tag?post=39737"}],"curies":[{"name":"wp","href":"https:\/\/api.w.org\/{rel}","templated":true}]}}