{"id":39713,"date":"2023-04-20T21:58:41","date_gmt":"2023-04-20T13:58:41","guid":{"rendered":"https:\/\/gretasexylingerie.com\/?post_type=product&#038;p=39713"},"modified":"2023-10-22T22:38:09","modified_gmt":"2023-10-22T14:38:09","slug":"remperspektiv-tredelat-strumpebandsset","status":"publish","type":"product","link":"https:\/\/gretasexylingerie.com\/sv\/products\/strap-perspective-three-piece-garter-belt-set\/","title":{"rendered":"Rem Perspektiv tredelad strumpebandsset"},"content":{"rendered":"<p>1. Dj\u00e4rv och v\u00e5gad design: Strap Perspective Three-Piece Strumpebandsb\u00e4ltesset har en dj\u00e4rv och v\u00e5gad design som \u00e4r perfekt f\u00f6r dem som vill g\u00f6ra ett uttalande.<\/p>\n\n\n\n<p>2.M\u00e5ngsidig: Setet inneh\u00e5ller en bh, trosa och strumpeband, vilket g\u00f6r den perfekt f\u00f6r speciella tillf\u00e4llen eller f\u00f6r vardagsbruk.<\/p>\n\n\n\n<p>3. Bekv\u00e4m passform: BH:n och trosan \u00e4r designade f\u00f6r en bekv\u00e4m och smickrande passform, med justerbara remmar och en trosa med h\u00f6g midja som kramar om dina kurvor p\u00e5 alla r\u00e4tt st\u00e4llen.<\/p>\n\n\n\n<p>4. Material av h\u00f6g kvalitet: Setet \u00e4r tillverkat av h\u00f6gkvalitativa material som \u00e4r mjuka och andas, vilket s\u00e4kerst\u00e4ller maximal komfort och h\u00e5llbarhet.<\/p>\n\n\n\n<figure class=\"wp-block-table is-style-stripes\"><table><tbody><tr><td colspan=\"8\">Webbplatsdiagram (CM)<\/td><\/tr><tr><td>Storlek<\/td><td>Kopph\u00f6jd<\/td><td>Axel<\/td><td>Under byst<\/td><td>Midja<\/td><td>Fotens omkrets<\/td><td>Trosor i midjan<\/td><td>Trosans l\u00e4ngd<\/td><\/tr><tr><td>S<\/td><td>13<\/td><td>30<\/td><td>60-86<\/td><td>64-98<\/td><td>45<\/td><td>60-98<\/td><td>20<\/td><\/tr><tr><td>M<\/td><td>14<\/td><td>30<\/td><td>64-90<\/td><td>68-102<\/td><td>47<\/td><td>64-102<\/td><td>21<\/td><\/tr><tr><td>L<\/td><td>15<\/td><td>30<\/td><td>68-94<\/td><td>72-106<\/td><td>49<\/td><td>68-106<\/td><td>22<\/td><\/tr><tr><td colspan=\"8\">Webbplatsdiagram (INCH)<\/td><\/tr><tr><td>Storlek<\/td><td>Kopph\u00f6jd<\/td><td>Axel<\/td><td>Under byst<\/td><td>Midja<\/td><td>Fotens omkrets<\/td><td>Trosor i midjan<\/td><td>Trosans l\u00e4ngd<\/td><\/tr><tr><td>S<\/td><td>5.11&nbsp;<\/td><td>11.81<\/td><td>23.62-33.85<\/td><td>25.19-38.58<\/td><td>17.71&nbsp;<\/td><td>23.62-38.58<\/td><td>7.87&nbsp;<\/td><\/tr><tr><td>M<\/td><td>5.51&nbsp;<\/td><td>11.81<\/td><td>25.19-35.43<\/td><td>26.77-40.15<\/td><td>18.50&nbsp;<\/td><td>25.19-40.15<\/td><td>8.26<\/td><\/tr><tr><td>L<\/td><td>5.90&nbsp;<\/td><td>11.81<\/td><td>26.77-37<\/td><td>28.34-41.73<\/td><td>19.29&nbsp;<\/td><td>26.77-41.73<\/td><td>8.66&nbsp;<\/td><\/tr><tr><td colspan=\"8\">Notera:<br>1. Det kanske \u00e4r 1-2 cm avvikelse i olika storlekar, placeringar och stretch av tyger. Storlekstabell \u00e4r endast f\u00f6r referens, det kan vara lite skillnad med vad du f\u00e5r.<br>2.Det finns 3 typer av elasticitet: h\u00f6g elasticitet (tv\u00e5sidigt str\u00e4ckt), medium elasticitet (ensidigt str\u00e4ckt) och icke-elastiskt (kan inte str\u00e4ckas).<br>3. F\u00e4rgen kan vara ljusare eller m\u00f6rkare p\u00e5 grund av olika PC-sk\u00e4rmar.<br>4.Tv\u00e4tta den f\u00f6r hand i 30 graders vatten, h\u00e4ng p\u00e5 tork i skuggan, f\u00f6rbjud blekning.<br>5. Det kanske \u00e4r lite skillnad p\u00e5 detaljer och m\u00f6nster.<\/td><\/tr><\/tbody><\/table><\/figure>","protected":false},"excerpt":{"rendered":"<p>Vi presenterar Strap Perspective 3-delad strumpebandsset, det perfekta underkl\u00e4dessetet f\u00f6r de dj\u00e4rva och v\u00e5gade. K\u00e4nn dig sj\u00e4lvs\u00e4ker och st\u00e4rkt i denna sexiga ensemble med unika remdetaljer och skirt tyg.<\/p>\n<p>https:\/\/youtu.be\/Z2lm_pzlGPA<\/p>","protected":false},"featured_media":39719,"template":"","meta":[],"product_brand":[],"product_cat":[368,374,375],"product_tag":[868,861,448,518,453,864,865],"class_list":{"0":"post-39713","1":"product","2":"type-product","3":"status-publish","4":"has-post-thumbnail","6":"product_cat-bra-panty-set","7":"product_cat-wholesale-garter-belt-set","8":"product_cat-whoelsale-sheer-bra-and-panty-sets","9":"product_tag-4-piece-lingerie-set","10":"product_tag-brunette-lingerie","11":"product_tag-wholesale-elegant-sexy-lingerie","12":"product_tag-mesh-lingerie","13":"product_tag-wholesale-sexy-naughty-lingerie","14":"product_tag-sexy-petite-lingerie","15":"product_tag-sexy-skimpy-lingerie","16":"pa_color-bisque-women-sexy-lingerie","17":"pa_cup-wholesale-half-cup-women-sexy-lingerie","18":"pa_size-wholesale-large-size-women-sexy-lingerie","19":"pa_size-wholesale-medium-size-women-sexy-lingerie","20":"pa_size-wholesale-small-size-sexy-lingerie","22":"first","23":"instock","24":"taxable","25":"shipping-taxable","26":"purchasable","27":"product-type-variable"},"tiered_pricing_type":"fixed","tiered_pricing_fixed_rules":[],"tiered_pricing_product_settings":{"layout":"default","base_unit_name":{"singular":null,"plural":null},"default_variation":{}},"tiered_pricing_minimum_quantity":null,"tiered_pricing_roles_data":{"default_wholesaler":{"product_id":39713,"role":"default_wholesaler","pricing_type":"flat","regular_price":null,"sale_price":null,"discount":null,"discount_type":"sale_price","tiered_pricing_type":"fixed","percentage_rules":[],"fixed_rules":{"2":"10.49","30":"8.99","500":"7.89"},"minimum":null},"dropshippinger":{"product_id":39713,"role":"dropshippinger","pricing_type":"flat","regular_price":null,"sale_price":null,"discount":null,"discount_type":"sale_price","tiered_pricing_type":"fixed","percentage_rules":[],"fixed_rules":{"1":"12.59","5":"10.49","30":"7.89"},"minimum":null}},"tiered_pricing_percentage_rules":[],"tiered_pricing_maximum_quantity":null,"tiered_pricing_quantity_step":null,"_links":{"self":[{"href":"https:\/\/gretasexylingerie.com\/sv\/wp-json\/wp\/v2\/product\/39713","targetHints":{"allow":["GET"]}}],"collection":[{"href":"https:\/\/gretasexylingerie.com\/sv\/wp-json\/wp\/v2\/product"}],"about":[{"href":"https:\/\/gretasexylingerie.com\/sv\/wp-json\/wp\/v2\/types\/product"}],"wp:featuredmedia":[{"embeddable":true,"href":"https:\/\/gretasexylingerie.com\/sv\/wp-json\/wp\/v2\/media\/39719"}],"wp:attachment":[{"href":"https:\/\/gretasexylingerie.com\/sv\/wp-json\/wp\/v2\/media?parent=39713"}],"wp:term":[{"taxonomy":"product_brand","embeddable":true,"href":"https:\/\/gretasexylingerie.com\/sv\/wp-json\/wp\/v2\/product_brand?post=39713"},{"taxonomy":"product_cat","embeddable":true,"href":"https:\/\/gretasexylingerie.com\/sv\/wp-json\/wp\/v2\/product_cat?post=39713"},{"taxonomy":"product_tag","embeddable":true,"href":"https:\/\/gretasexylingerie.com\/sv\/wp-json\/wp\/v2\/product_tag?post=39713"}],"curies":[{"name":"wp","href":"https:\/\/api.w.org\/{rel}","templated":true}]}}