{"id":39572,"date":"2023-04-19T21:41:31","date_gmt":"2023-04-19T13:41:31","guid":{"rendered":"https:\/\/gretasexylingerie.com\/?post_type=product&#038;p=39572"},"modified":"2023-09-05T20:51:23","modified_gmt":"2023-09-05T12:51:23","slug":"ultra-sexigt-strumpebandsbalte-bh-trosa-set","status":"publish","type":"product","link":"https:\/\/gretasexylingerie.com\/sv\/products\/ultra-sexy-garter-belt-bra-panty-set\/","title":{"rendered":"Ultra sexig strumpebandsb\u00e4lte BH Trosa Set"},"content":{"rendered":"<p>1.Dj\u00e4rv och v\u00e5gad design: Det ultrasexiga strumpebandsbh-byxsetet har en unik och v\u00e5gad design som \u00e4r perfekt f\u00f6r kvinnan som vill sticka ut. Kombinationen av delikat spets med edgy remmar och h\u00e5rdvara ger en ultrasexig touch till setet, vilket g\u00f6r det till ett utm\u00e4rkt val f\u00f6r alla som letar efter n\u00e5got dj\u00e4rvt och v\u00e5gat.<\/p>\n\n\n\n<p>2. Bekv\u00e4m passform: Tillverkad av h\u00f6gkvalitativa material och designad med din komfort i \u00e5tanke, detta set erbjuder en bekv\u00e4m och st\u00f6djande passform. Strumpebandsb\u00e4ltet \u00e4r justerbart f\u00f6r att s\u00e4kerst\u00e4lla en bekv\u00e4m och smickrande passform, medan bh:n och trosorna har en bekv\u00e4m och smickrande design.<\/p>\n\n\n\n<p>3. Lekfullt och sexigt: Kombinationen av k\u00e4nslig spets och edgy remmar och h\u00e5rdvara p\u00e5 Ultra Sexy Strumpebandsb\u00e4lte BH Panty Set ger en lekfull och sexig touch till setet, vilket g\u00f6r det perfekt f\u00f6r att tillf\u00f6ra lite sp\u00e4nning till alla intima tillf\u00e4llen.<\/p>\n\n\n\n<p>4.M\u00e5ngsidig: Det ultrasexiga strumpebandsbh-byxsetet \u00e4r m\u00e5ngsidigt nog att b\u00e4ras f\u00f6r alla tillf\u00e4llen, oavsett om du kl\u00e4r ut dig f\u00f6r ett speciellt tillf\u00e4lle eller bara vill k\u00e4nna dig sexig och sj\u00e4lvs\u00e4ker i ditt liv.<\/p>\n\n\n\n<figure class=\"wp-block-table is-style-stripes\"><table><tbody><tr><td colspan=\"4\">Webbplatsdiagram (CM)<\/td><td><\/td><td><\/td><\/tr><tr><td>Storlek<\/td><td>L\u00e4ngd<\/td><td>Under byst<\/td><td>Midja<\/td><td>Trosor i midjan<\/td><td>Trosans l\u00e4ngd<\/td><\/tr><tr><td>S<\/td><td>18<\/td><td>68-94<\/td><td>63-92<\/td><td>64-96<\/td><td>23<\/td><\/tr><tr><td>M<\/td><td>19<\/td><td>72-98<\/td><td>67-96<\/td><td>68-100<\/td><td>24<\/td><\/tr><tr><td>L<\/td><td>20<\/td><td>76-102<\/td><td>71-100<\/td><td>72-104<\/td><td>25<\/td><\/tr><tr><td colspan=\"4\">Webbplatsdiagram (INCH)<\/td><td><\/td><td><\/td><\/tr><tr><td>Storlek<\/td><td>L\u00e4ngd<\/td><td>Under byst<\/td><td>Midja<\/td><td>Trosor i midjan<\/td><td>Trosans l\u00e4ngd<\/td><\/tr><tr><td>S<\/td><td>7.08&nbsp;<\/td><td>26.77-37.00<\/td><td>24.80-36.22<\/td><td>25.19-37.79<\/td><td>9.05<\/td><\/tr><tr><td>M<\/td><td>7.48&nbsp;<\/td><td>28.34-38.58<\/td><td>26.37-37.79<\/td><td>26.77-39.37<\/td><td>9.44<\/td><\/tr><tr><td>L<\/td><td>7.87&nbsp;<\/td><td>29.92-40.15<\/td><td>27.95-39.37<\/td><td>28.34-40.94<\/td><td>9.84&nbsp;<\/td><\/tr><tr><td colspan=\"6\">Notera:<br>1. Det kanske \u00e4r 1-2 cm avvikelse i olika storlekar, placeringar och stretch av tyger. Storlekstabell \u00e4r endast f\u00f6r referens, det kan vara lite skillnad med vad du f\u00e5r.<br>2.Det finns 3 typer av elasticitet: h\u00f6g elasticitet (tv\u00e5sidigt str\u00e4ckt), medium elasticitet (ensidigt str\u00e4ckt) och icke-elastiskt (kan inte str\u00e4ckas).<br>3. F\u00e4rgen kan vara ljusare eller m\u00f6rkare p\u00e5 grund av olika PC-sk\u00e4rmar.<br>4.Tv\u00e4tta den f\u00f6r hand i 30 graders vatten, h\u00e4ng p\u00e5 tork i skuggan, f\u00f6rbjud blekning.<br>5. Det kanske \u00e4r lite skillnad p\u00e5 detaljer och m\u00f6nster.<\/td><\/tr><\/tbody><\/table><\/figure>\n\n\n\n<p><\/p>","protected":false},"excerpt":{"rendered":"<p>Genom att kombinera \u00f6mt\u00e5lig spets med edgy remmar och h\u00e5rdvara, kommer detta set med strumpebandsbh-byxor s\u00e4kerligen att v\u00e4nda huvudet och f\u00e5 dig att k\u00e4nna dig kraftfull och sexig. Strumpebandsb\u00e4ltet \u00e4r justerbart f\u00f6r en bekv\u00e4m passform, medan den matchande bh:n och trosorna \u00e4r ultrasexiga f\u00f6r en bekv\u00e4m passform alla dagar i veckan.<\/p>","protected":false},"featured_media":39585,"template":"","meta":[],"product_brand":[],"product_cat":[368,374,380,367,376],"product_tag":[868,861,448,447,504],"class_list":{"0":"post-39572","1":"product","2":"type-product","3":"status-publish","4":"has-post-thumbnail","6":"product_cat-bra-panty-set","7":"product_cat-wholesale-garter-belt-set","8":"product_cat-wholesale-harness-bra-and-panty-set","9":"product_cat-sexy-lingerie","10":"product_cat-wholesale-ultra-sexy-bra-panty-set","11":"product_tag-4-piece-lingerie-set","12":"product_tag-brunette-lingerie","13":"product_tag-wholesale-elegant-sexy-lingerie","14":"product_tag-wholesale-strappy-sexy-lingerie","15":"product_tag-ultra-sexy","16":"pa_color-black","17":"pa_color-blue-women-sexy-lingerie","18":"pa_color-red-women-sexy-lingerie","19":"pa_cup-full-cup","20":"pa_size-wholesale-large-size-women-sexy-lingerie","21":"pa_size-wholesale-medium-size-women-sexy-lingerie","22":"pa_size-wholesale-small-size-sexy-lingerie","24":"first","25":"instock","26":"taxable","27":"shipping-taxable","28":"purchasable","29":"product-type-variable"},"tiered_pricing_type":"fixed","tiered_pricing_fixed_rules":[],"tiered_pricing_product_settings":{"layout":"default","base_unit_name":{"singular":null,"plural":null},"default_variation":null},"tiered_pricing_minimum_quantity":null,"tiered_pricing_roles_data":{"default_wholesaler":{"product_id":39572,"role":"default_wholesaler","pricing_type":"flat","regular_price":null,"sale_price":null,"discount":null,"discount_type":"sale_price","tiered_pricing_type":"fixed","percentage_rules":[],"fixed_rules":{"2":"10.49","30":"8.99","500":"7.89"},"minimum":null},"dropshippinger":{"product_id":39572,"role":"dropshippinger","pricing_type":"flat","regular_price":null,"sale_price":null,"discount":null,"discount_type":"sale_price","tiered_pricing_type":"fixed","percentage_rules":[],"fixed_rules":{"1":"12.49","5":"10.49","30":"7.89"},"minimum":null}},"tiered_pricing_percentage_rules":[],"tiered_pricing_maximum_quantity":null,"tiered_pricing_quantity_step":null,"_links":{"self":[{"href":"https:\/\/gretasexylingerie.com\/sv\/wp-json\/wp\/v2\/product\/39572","targetHints":{"allow":["GET"]}}],"collection":[{"href":"https:\/\/gretasexylingerie.com\/sv\/wp-json\/wp\/v2\/product"}],"about":[{"href":"https:\/\/gretasexylingerie.com\/sv\/wp-json\/wp\/v2\/types\/product"}],"wp:featuredmedia":[{"embeddable":true,"href":"https:\/\/gretasexylingerie.com\/sv\/wp-json\/wp\/v2\/media\/39585"}],"wp:attachment":[{"href":"https:\/\/gretasexylingerie.com\/sv\/wp-json\/wp\/v2\/media?parent=39572"}],"wp:term":[{"taxonomy":"product_brand","embeddable":true,"href":"https:\/\/gretasexylingerie.com\/sv\/wp-json\/wp\/v2\/product_brand?post=39572"},{"taxonomy":"product_cat","embeddable":true,"href":"https:\/\/gretasexylingerie.com\/sv\/wp-json\/wp\/v2\/product_cat?post=39572"},{"taxonomy":"product_tag","embeddable":true,"href":"https:\/\/gretasexylingerie.com\/sv\/wp-json\/wp\/v2\/product_tag?post=39572"}],"curies":[{"name":"wp","href":"https:\/\/api.w.org\/{rel}","templated":true}]}}