{"id":39555,"date":"2023-04-19T21:16:58","date_gmt":"2023-04-19T13:16:58","guid":{"rendered":"https:\/\/gretasexylingerie.com\/?post_type=product&#038;p=39555"},"modified":"2024-04-04T14:19:17","modified_gmt":"2024-04-04T06:19:17","slug":"metallkedja-strumpebandsset","status":"publish","type":"product","link":"https:\/\/gretasexylingerie.com\/sv\/products\/metal-chain-garter-belt-set\/","title":{"rendered":"Strumpebandsset f\u00f6r kedja av metall"},"content":{"rendered":"<p>1.Edgy design: Metal Chain Garter Belt Set har en unik och v\u00e5gad design som \u00e4r perfekt f\u00f6r kvinnan som vill sticka ut.<\/p>\n\n\n\n<p>2. Metallkedjedetaljerna ger det k\u00e4nsliga spetstyget en edgy touch.<br>Bekv\u00e4m passform: Tillverkad av h\u00f6gkvalitativa material och designad med din komfort i \u00e5tanke, detta set erbjuder en bekv\u00e4m och st\u00f6djande passform.<\/p>\n\n\n\n<p>3. Sexig och lekfull: De skira spets- och metallkedjorna p\u00e5 trosorna ger en lekfull och sexig touch till setet, vilket g\u00f6r det perfekt f\u00f6r att tillf\u00f6ra lite sp\u00e4nning till alla intima tillf\u00e4llen.<\/p>\n\n\n\n<p>4.M\u00e5ngsidig: Metal Chain Strumpebandsb\u00e4ltesset \u00e4r m\u00e5ngsidigt nog att b\u00e4ras f\u00f6r alla tillf\u00e4llen, oavsett om du kl\u00e4r ut dig f\u00f6r ett speciellt tillf\u00e4lle eller bara vill k\u00e4nna dig sexig och sj\u00e4lvs\u00e4ker i din vardag.<\/p>\n\n\n\n<figure class=\"wp-block-table is-style-stripes\"><table><tbody><tr><td colspan=\"5\">Webbplatsdiagram (CM)<\/td><td><\/td><td><\/td><\/tr><tr><td>Storlek<\/td><td>L\u00e4ngd<\/td><td>Axel<\/td><td>Under byst<\/td><td>Midja<\/td><td>Trosor i midjan<\/td><td>Trosans l\u00e4ngd<\/td><\/tr><tr><td>S<\/td><td>18.5<\/td><td>29<\/td><td>68-86<\/td><td>62-84<\/td><td>70-96<\/td><td>23<\/td><\/tr><tr><td>M<\/td><td>19.2<\/td><td>30<\/td><td>72-90<\/td><td>66-88<\/td><td>74-100<\/td><td>24<\/td><\/tr><tr><td>L<\/td><td>19.9<\/td><td>31<\/td><td>76-94<\/td><td>70-92<\/td><td>78-104<\/td><td>25<\/td><\/tr><tr><td colspan=\"5\">Webbplatsdiagram (INCH)<\/td><td><\/td><td><\/td><\/tr><tr><td>Storlek<\/td><td>L\u00e4ngd<\/td><td>Axel<\/td><td>Under byst<\/td><td>Midja<\/td><td>Trosor i midjan<\/td><td>Trosans l\u00e4ngd<\/td><\/tr><tr><td>S<\/td><td>7.28&nbsp;<\/td><td>11.41<\/td><td>26.77-33.85<\/td><td>24.40-33.07<\/td><td>27.55-37.79<\/td><td>9.05<\/td><\/tr><tr><td>M<\/td><td>7.55&nbsp;<\/td><td>11.81<\/td><td>28.34-35.43<\/td><td>25.98-34.64<\/td><td>29.13-39.37<\/td><td>9.44<\/td><\/tr><tr><td>L<\/td><td>7.83&nbsp;<\/td><td>12.20&nbsp;<\/td><td>29.92-37.00<\/td><td>27.55-36.22<\/td><td>30.70-40.94<\/td><td>9.84&nbsp;<\/td><\/tr><tr><td colspan=\"7\">Notera:<br>1. Det kanske \u00e4r 1-2 cm avvikelse i olika storlekar, placeringar och stretch av tyger. Storlekstabell \u00e4r endast f\u00f6r referens, det kan vara lite skillnad med vad du f\u00e5r.<br>2.Det finns 3 typer av elasticitet: h\u00f6g elasticitet (tv\u00e5sidigt str\u00e4ckt), medium elasticitet (ensidigt str\u00e4ckt) och icke-elastiskt (kan inte str\u00e4ckas).<br>3. F\u00e4rgen kan vara ljusare eller m\u00f6rkare p\u00e5 grund av olika PC-sk\u00e4rmar.<br>4.Tv\u00e4tta den f\u00f6r hand i 30 graders vatten, h\u00e4ng p\u00e5 tork i skuggan, f\u00f6rbjud blekning.<br>5. Det kanske \u00e4r lite skillnad p\u00e5 detaljer och m\u00f6nster.<\/td><\/tr><\/tbody><\/table><\/figure>\n\n\n\n<p><\/p>\n\n\n\n<p><\/p>","protected":false},"excerpt":{"rendered":"<p>Setet \u00e4r designat med metallkedjor f\u00f6r att tillf\u00f6ra charm till tyget och bekv\u00e4ma att b\u00e4ra, de matchande trosorna \u00e4r designade med skira spetsar och metallkedjor, metallkedjan spets genomskinliga bh-byxor \u00e4r gjord av h\u00f6gkvalitativa material, vilket ger dig en sj\u00e4lvs\u00e4ker blick.<\/p>\n<p>https:\/\/youtu.be\/hHH6AKG-cIk<\/p>","protected":false},"featured_media":39566,"template":"","meta":[],"product_brand":[],"product_cat":[368,374,367],"product_tag":[868,452,448,524,862],"class_list":{"0":"post-39555","1":"product","2":"type-product","3":"status-publish","4":"has-post-thumbnail","6":"product_cat-bra-panty-set","7":"product_cat-wholesale-garter-belt-set","8":"product_cat-sexy-lingerie","9":"product_tag-4-piece-lingerie-set","10":"product_tag-wholesale-boudoir-lingerie","11":"product_tag-wholesale-elegant-sexy-lingerie","12":"product_tag-metal-lingerie","13":"product_tag-sexy-silk-lingerie","14":"pa_color-black","15":"pa_color-red-women-sexy-lingerie","16":"pa_cup-full-cup","17":"pa_size-wholesale-large-size-women-sexy-lingerie","18":"pa_size-wholesale-medium-size-women-sexy-lingerie","19":"pa_size-wholesale-small-size-sexy-lingerie","21":"first","22":"instock","23":"taxable","24":"shipping-taxable","25":"purchasable","26":"product-type-variable"},"tiered_pricing_type":"fixed","tiered_pricing_fixed_rules":[],"tiered_pricing_product_settings":{"layout":"table","base_unit_name":{"singular":null,"plural":null},"default_variation":{}},"tiered_pricing_minimum_quantity":null,"tiered_pricing_roles_data":{"default_wholesaler":{"product_id":39555,"role":"default_wholesaler","pricing_type":"flat","regular_price":null,"sale_price":null,"discount":null,"discount_type":"sale_price","tiered_pricing_type":"fixed","percentage_rules":[],"fixed_rules":{"2":"9.39","30":"8.09","500":"7.09"},"minimum":null},"dropshippinger":{"product_id":39555,"role":"dropshippinger","pricing_type":"flat","regular_price":null,"sale_price":null,"discount":null,"discount_type":"sale_price","tiered_pricing_type":"fixed","percentage_rules":[],"fixed_rules":{"1":"11.29","5":"9.39","30":"7.09"},"minimum":null}},"tiered_pricing_percentage_rules":[],"tiered_pricing_maximum_quantity":null,"tiered_pricing_quantity_step":null,"_links":{"self":[{"href":"https:\/\/gretasexylingerie.com\/sv\/wp-json\/wp\/v2\/product\/39555","targetHints":{"allow":["GET"]}}],"collection":[{"href":"https:\/\/gretasexylingerie.com\/sv\/wp-json\/wp\/v2\/product"}],"about":[{"href":"https:\/\/gretasexylingerie.com\/sv\/wp-json\/wp\/v2\/types\/product"}],"wp:featuredmedia":[{"embeddable":true,"href":"https:\/\/gretasexylingerie.com\/sv\/wp-json\/wp\/v2\/media\/39566"}],"wp:attachment":[{"href":"https:\/\/gretasexylingerie.com\/sv\/wp-json\/wp\/v2\/media?parent=39555"}],"wp:term":[{"taxonomy":"product_brand","embeddable":true,"href":"https:\/\/gretasexylingerie.com\/sv\/wp-json\/wp\/v2\/product_brand?post=39555"},{"taxonomy":"product_cat","embeddable":true,"href":"https:\/\/gretasexylingerie.com\/sv\/wp-json\/wp\/v2\/product_cat?post=39555"},{"taxonomy":"product_tag","embeddable":true,"href":"https:\/\/gretasexylingerie.com\/sv\/wp-json\/wp\/v2\/product_tag?post=39555"}],"curies":[{"name":"wp","href":"https:\/\/api.w.org\/{rel}","templated":true}]}}